{"id":719,"date":"2020-05-09T16:36:51","date_gmt":"2020-05-09T15:36:51","guid":{"rendered":"http:\/\/astragal.cz\/?page_id=719"},"modified":"2021-09-12T14:08:19","modified_gmt":"2021-09-12T13:08:19","slug":"duchovni-rovina-ucitele-a-zaci","status":"publish","type":"page","link":"https:\/\/astragal.cz\/index.php\/duchovni-rovina-ucitele-a-zaci\/","title":{"rendered":"Duchovn\u00ed rovina &#8211; u\u010ditel\u00e9 a \u017e\u00e1ci"},"content":{"rendered":"\n<div class=\"wp-block-image\"><figure class=\"aligncenter size-large\"><img loading=\"lazy\" decoding=\"async\" width=\"440\" height=\"443\" src=\"https:\/\/astragal.cz\/wp-content\/uploads\/2021\/09\/Platos_Academy_mosaic_from_Pompeii.jpg\" alt=\"\" class=\"wp-image-3518\" srcset=\"https:\/\/astragal.cz\/wp-content\/uploads\/2021\/09\/Platos_Academy_mosaic_from_Pompeii.jpg 440w, https:\/\/astragal.cz\/wp-content\/uploads\/2021\/09\/Platos_Academy_mosaic_from_Pompeii-298x300.jpg 298w, https:\/\/astragal.cz\/wp-content\/uploads\/2021\/09\/Platos_Academy_mosaic_from_Pompeii-150x150.jpg 150w\" sizes=\"auto, (max-width: 440px) 100vw, 440px\" \/><\/figure><\/div>\n\n\n\n<p class=\"has-text-color has-text-align-center has-small-font-size has-blue-color\"><a href=\"https:\/\/epochaplus.cz\/z-atenskych-skolnich-lavic-ministerstvo-skolstvi-chtel-zridit-uz-filozof-platon\/\">https:\/\/epochaplus.cz\/z-atenskych-skolnich-lavic-ministerstvo-skolstvi-chtel-zridit-uz-filozof-platon\/<\/a><\/p>\n\n\n\n<p>V\u00a0rovin\u011b osobn\u00ed r\u016fstu a v\u00a0duchovn\u00ed cest\u011b plat\u00ed pravidlo p\u0159ed\u00e1v\u00e1n\u00ed v\u011bdom\u00ed a znalost\u00ed mezi u\u010ditelem a \u017e\u00e1kem.<\/p>\n\n\n\n<p>Pro ka\u017ed\u00e9ho z&nbsp;n\u00e1s jsou ur\u010deni u\u010ditel\u00e9 a pro u\u010ditele jeho \u017e\u00e1ci.\nV&nbsp;pr\u016fb\u011bhu na\u0161eho \u017eivota se tyto role postupn\u011b st\u0159\u00eddaj\u00ed podle na\u0161eho stupn\u011b\nv\u011bd\u011bn\u00ed a pot\u0159eb.<\/p>\n\n\n\n<p>Ne v\u017edy jsou n\u00e1m d\u00e1ni u\u010ditel\u00e9 v klasick\u00e9 lidsk\u00e9 podob\u011b. Pr\u016fvodci n\u00e1m mohou\nb\u00fdt tak\u00e9 astr\u00e1ln\u00ed bytosti \u010di na\u0161i p\u0159edci. M\u00e1me k dispozici knihy, internetov\u00e9 servery,\nkter\u00e9 n\u00e1m v\u017edy p\u0159ijdou do cesty v&nbsp;prav\u00fd \u010das. Pom\u00e1haj\u00ed n\u00e1m tak\u00e9 duchovn\u00ed\npr\u016fvodce v jemnohmotn\u00e9 form\u011b a na\u0161i intuici, kter\u00e1 n\u00e1s neomyln\u011b vede. <\/p>\n\n\n\n<p>I p\u0159esto, \u017ee mnohdy m\u00e1me pocit, \u017ee jsme na cestu sebepozn\u00e1n\u00ed a pochopen\u00ed\nvesm\u00edrn\u00fdch z\u00e1konitost\u00ed zd\u00e1nliv\u011b sami. Na\u0161t\u011bst\u00ed, nen\u00ed tomu tak.<\/p>\n\n\n\n<p><strong>P\u00e1r post\u0159eh\u016f pro\nu\u010ditele a \u017e\u00e1ky<\/strong><\/p>\n\n\n\n<p><strong><em>Pro u\u010ditele:<\/em><\/strong><\/p>\n\n\n\n<ul class=\"wp-block-list\"><li>Va\u0161i \u017e\u00e1ci k V\u00e1m nikdy nep\u0159ich\u00e1zej\u00ed v dob\u011b, kdy nejste p\u0159ipraveni (i kdy\u017e se\nto tak mnohdy m\u016f\u017ee jevit).&nbsp;<\/li><li>P\u0159iznat nev\u011bdomost je spr\u00e1vn\u00e9, mnohem lep\u0161\u00ed ne\u017e z hrdosti \u0161patn\u011b v\u00e9st.&nbsp;<\/li><li>Va\u0161i \u017e\u00e1ci jsou pro V\u00e1s darem a rozv\u00edjej\u00ed V\u00e1s samotn\u00e9 (nut\u00ed V\u00e1s p\u0159em\u00fd\u0161let o\nv\u011bcech, kter\u00e9 se ji\u017e mo\u017en\u00e1 zd\u00e1ly samoz\u0159ejm\u00e9 &#8211; jasn\u00e9 &#8211;&nbsp;a p\u0159esto tomu tak\nb\u00fdt nemus\u00ed).&nbsp;<\/li><li>Nikdy nem\u016f\u017eete s jistotou tvrdit &#8211; a pros\u00edm ne\u010di\u0148te tak, \u017ee jste dosp\u011bli\ndo&nbsp;\u00fapln\u00e9ho pozn\u00e1n\u00ed stavu v\u011bc\u00ed a \u017ee um\u00edte v\u0161echno; je to jen klam mysli a\nVa\u0161e zd\u00e1n\u00ed.&nbsp;<\/li><li>Nezapom\u00ednejte, \u017ee \u017e\u00e1ci jsou V\u00e1m rovni, jsou Va\u0161imi partnery p\u0159i duchovn\u00edm\nr\u016fstu.&nbsp;<\/li><li>\u017d\u00e1ky je pot\u0159eba prov\u00e1zet a pom\u00e1hat jim, pokud si to samoz\u0159ejm\u011b sami p\u0159ej\u00ed.&nbsp;<\/li><li>V\u017edy za\u010d\u00ednejte od za\u010d\u00e1tku (i kdyby si \u017e\u00e1ci&nbsp;m\u011bli univerz\u00e1ln\u00ed z\u00e1kony jen\nzopakovat).&nbsp;<\/li><li>Stanovte si pravidla a dodr\u017eujte je na obou stran\u00e1ch.&nbsp;<\/li><li>Nikdy si nemyslete, \u017ee pomoc duchovn\u00edch pr\u016fvodc\u016f u\u017e nepot\u0159ebujete, to by\nbyla hrub\u00e1 chyba.&nbsp;<\/li><li>Pokud je \u010das ukon\u010den\u00ed vz\u00e1jemn\u00e9ho procesu u\u010den\u00ed, nebra\u0148te se tomu, n\u011bkde\n\u010dek\u00e1 dal\u0161\u00ed \u017e\u00e1k, kter\u00fd V\u00e1s nutn\u011b pot\u0159ebuje, a na sou\u010dasn\u00e9ho zase jin\u00fd u\u010ditel &#8211;\nje to p\u0159irozen\u00fd b\u011bh v\u011bc\u00ed.<\/li><\/ul>\n\n\n\n<p><strong><em>Pro \u017e\u00e1ky:<\/em><\/strong><\/p>\n\n\n\n<ul class=\"wp-block-list\"><li>Va\u0161i&nbsp;u\u010ditel\u00e9 k V\u00e1m v\u017edy p\u0159ich\u00e1zej\u00ed tehdy, kdy\u017e je pot\u0159ebujete a kdy\u017e\nje ten prav\u00fd \u010das.&nbsp;<\/li><li>D\u016fv\u011b\u0159ujte, \u017ee ti, je\u017e k V\u00e1m p\u0159ich\u00e1zej\u00ed, jsou ti, kter\u00e9 pr\u00e1v\u011b p\u0159i sv\u00e9m\nrozvoji pot\u0159ebujete (ne v\u017edy to tak vypad\u00e1).&nbsp;<\/li><li>P\u0159ipravujte si ot\u00e1zky, ptejte se, polemizujte,&nbsp;studujte i sami.&nbsp;<\/li><li>Pokud c\u00edt\u00edte, \u017ee V\u00e1m u\u010ditel dal v\u0161echno, co jste pot\u0159ebovali, a \u017ee je \u010das\nj\u00edt d\u00e1l, neob\u00e1vejte se toho, promluvte si o t\u011bchto pocitech (mo\u017en\u00e1 to vn\u00edm\u00e1\nstejn\u011b). Pokud s\u00e1m u\u010ditel chce studium ukon\u010dit, berte to jako absolvov\u00e1n\u00ed\ndal\u0161\u00edho stupn\u011b v\u00fdvoje, ne jako prohru.&nbsp;<\/li><li>Nikdy se sami bez u\u010ditele nepou\u0161t\u011bjte do \u010din\u016f, kter\u00e9 nem\u00e1te za\u017eit\u00e9,\nneovl\u00e1d\u00e1te (nemuselo by se V\u00e1m to vyplatit), rad\u011bji ho informujte a zkuste to\nza jeho asistence &#8211; dohledu.&nbsp;<\/li><li>Nesna\u017ete se za ka\u017edou cenu pom\u00e1hat ostatn\u00edm, kdy\u017e Vy sami je\u0161t\u011b nic neum\u00edte\n(m\u016f\u017eete ubl\u00ed\u017eit sob\u011b i druh\u00fdm), rad\u011bji po\u017e\u00e1dejte sv\u00e9ho u\u010ditele o pomoc.&nbsp;<\/li><li>D\u016fv\u011b\u0159ujte sv\u00fdm u\u010ditel\u016fm.&nbsp;<\/li><li>Nenechte se ovl\u00e1dat u\u010ditelem &#8211;&nbsp;pokud uc\u00edt\u00edte jak\u00fdkoliv tlak, bra\u0148te\nse, \u0159ekn\u011bte mu o tom (i u\u010ditel m\u016f\u017ee chybovat).&nbsp;<\/li><li>Neberte u\u010ditele jako &#8222;modlu&#8220;,&nbsp;uchovejte&nbsp;si&nbsp;vlastn\u00ed\nrozum a n\u00e1zory.&nbsp;<\/li><li>Nevzd\u00e1vejte se, kdy\u017e V\u00e1m ur\u010dit\u00e9 \u010d\u00e1sti studia nep\u016fjdou (je to b\u011b\u017enou\nsou\u010d\u00e1st\u00ed t\u00e9to cesty), naopak vyu\u017eijte dan\u00fd \u010das na retrospekci a rozhovory se\nsebou sam\u00fdm nebo u\u010ditelem.<\/li><\/ul>\n\n\n\n<p>    <\/p>\n","protected":false},"excerpt":{"rendered":"<p>https:\/\/epochaplus.cz\/z-atenskych-skolnich-lavic-ministerstvo-skolstvi-chtel-zridit-uz-filozof-platon\/ V\u00a0rovin\u011b osobn\u00ed r\u016fstu a v\u00a0duchovn\u00ed cest\u011b plat\u00ed pravidlo p\u0159ed\u00e1v\u00e1n\u00ed v\u011bdom\u00ed a znalost\u00ed mezi u\u010ditelem a \u017e\u00e1kem. Pro ka\u017ed\u00e9ho z&nbsp;n\u00e1s jsou ur\u010deni u\u010ditel\u00e9 a pro u\u010ditele jeho \u017e\u00e1ci. V&nbsp;pr\u016fb\u011bhu na\u0161eho \u017eivota se tyto role postupn\u011b st\u0159\u00eddaj\u00ed podle na\u0161eho stupn\u011b v\u011bd\u011bn\u00ed a pot\u0159eb. Ne v\u017edy jsou n\u00e1m d\u00e1ni u\u010ditel\u00e9 v klasick\u00e9 lidsk\u00e9 podob\u011b. Pr\u016fvodci n\u00e1m mohou [&hellip;]<\/p>\n","protected":false},"author":1,"featured_media":0,"parent":0,"menu_order":0,"comment_status":"closed","ping_status":"closed","template":"","meta":{"_mc_calendar":[],"footnotes":""},"class_list":["post-719","page","type-page","status-publish","hentry"],"_links":{"self":[{"href":"https:\/\/astragal.cz\/index.php\/wp-json\/wp\/v2\/pages\/719","targetHints":{"allow":["GET"]}}],"collection":[{"href":"https:\/\/astragal.cz\/index.php\/wp-json\/wp\/v2\/pages"}],"about":[{"href":"https:\/\/astragal.cz\/index.php\/wp-json\/wp\/v2\/types\/page"}],"author":[{"embeddable":true,"href":"https:\/\/astragal.cz\/index.php\/wp-json\/wp\/v2\/users\/1"}],"replies":[{"embeddable":true,"href":"https:\/\/astragal.cz\/index.php\/wp-json\/wp\/v2\/comments?post=719"}],"version-history":[{"count":5,"href":"https:\/\/astragal.cz\/index.php\/wp-json\/wp\/v2\/pages\/719\/revisions"}],"predecessor-version":[{"id":3520,"href":"https:\/\/astragal.cz\/index.php\/wp-json\/wp\/v2\/pages\/719\/revisions\/3520"}],"wp:attachment":[{"href":"https:\/\/astragal.cz\/index.php\/wp-json\/wp\/v2\/media?parent=719"}],"curies":[{"name":"wp","href":"https:\/\/api.w.org\/{rel}","templated":true}]}}