{"id":721,"date":"2020-05-09T16:37:11","date_gmt":"2020-05-09T15:37:11","guid":{"rendered":"http:\/\/astragal.cz\/?page_id=721"},"modified":"2021-11-02T13:08:40","modified_gmt":"2021-11-02T12:08:40","slug":"faze-duchovniho-vyvoje","status":"publish","type":"page","link":"https:\/\/astragal.cz\/index.php\/faze-duchovniho-vyvoje\/","title":{"rendered":"F\u00e1ze duchovn\u00edho v\u00fdvoje"},"content":{"rendered":"\n<div class=\"wp-block-image\"><figure class=\"aligncenter size-large\"><img loading=\"lazy\" decoding=\"async\" width=\"498\" height=\"233\" src=\"https:\/\/astragal.cz\/wp-content\/uploads\/2021\/09\/moral-and-spiritual-development-of_2.jpg\" alt=\"\" class=\"wp-image-3521\" srcset=\"https:\/\/astragal.cz\/wp-content\/uploads\/2021\/09\/moral-and-spiritual-development-of_2.jpg 498w, https:\/\/astragal.cz\/wp-content\/uploads\/2021\/09\/moral-and-spiritual-development-of_2-300x140.jpg 300w\" sizes=\"auto, (max-width: 498px) 100vw, 498px\" \/><\/figure><\/div>\n\n\n\n<p class=\"has-text-align-center has-blue-color has-text-color has-small-font-size\"><a href=\"https:\/\/epochaplus.cz\/z-atenskych-skolnich-lavic-ministerstvo-skolstvi-chtel-zridit-uz-filozof-platon\/\">https:\/\/epochaplus.cz\/z-atenskych-skolnich-lavic-ministerstvo-skolstvi-chtel-zridit-uz-filozof-platon\/<\/a><\/p>\n\n\n\n<p>Douf\u00e1m, \u017ee V\u00e1m tento n\u00e1stin cesty du\u0161e pom\u016f\u017ee se zorientovat v&nbsp;nelehk\u00fdch chv\u00edl\u00edch pochyb a ztr\u00e1ty sil a povede V\u00e1s k&nbsp;Va\u0161emu c\u00edli.<\/p>\n\n\n\n<p>Cesta&nbsp;duchovn\u00edho r\u016fstu a v\u00fdvoje trv\u00e1 cel\u00fd \u017eivot, tak\u017ee trv\u00e1n\u00ed\nn\u011bkter\u00fdch z&nbsp;n\u00e1sledn\u00fdch&nbsp;f\u00e1z\u00ed&nbsp;m\u016f\u017ee b\u00fdt i v \u0159\u00e1du n\u011bkolika let. U\nka\u017ed\u00e9ho tento proces prob\u00edh\u00e1 zcela jinak, n\u011bkomu cesta trv\u00e1 d\u00e9le, n\u011bkdo projde\nhladce f\u00e1zemi v \u00favodu a pak se t\u0159eba &#8222;zasekne&#8220; uprost\u0159ed,&nbsp;n\u011bkdo\nn\u011bkter\u00e9 f\u00e1ze i p\u0159esko\u010d\u00ed&#8230;ale j\u00e1drem si v\u00edce \u010di m\u00e9n\u011b projdeme v\u0161ichni.&nbsp;<\/p>\n\n\n\n<p>Nen\u00ed to zrovna jednoduch\u00e1 cesta, ale konci ka\u017ed\u00e9 v\u00fdvojov\u00e9 etapy, a\u017e \u010dlov\u011bk\nvid\u00ed v\u0161echny souvislosti a ch\u00e1pe, pro\u010d \u0161el v\u00fdvoj jeho \u017eivotn\u00edch ud\u00e1lost\u00ed tak,\njak \u0161el, to stoj\u00ed za to.<\/p>\n\n\n\n<p>Duchovn\u00ed cesta mi p\u0159ipom\u00edn\u00e1 tich\u00fd pohled na v\u00fdstup skupiny lid\u00ed na vysokou\nhoru,&nbsp;ke kter\u00e9 se museli dostat p\u0159es lesy, mo\u010d\u00e1ly a pou\u0161t\u011b.&nbsp;Pohled na\nto, jak ka\u017ed\u00fd z cestovatel\u016f&nbsp;m\u00e1 jinou techniku, jak postupovat, na to jak\nsi n\u011bkte\u0159\u00ed pom\u00e1haj\u00ed a n\u011bkte\u0159\u00ed podr\u00e1\u017e\u00ed nohy&#8230;na&nbsp;to, jak jedni hledaj\u00ed\ncestu a v\u00fdchodiska a druz\u00ed se vezou&#8230;<\/p>\n\n\n\n<p>Zpo\u010d\u00e1tku si \u010dlov\u011bk \u0159\u00edk\u00e1, ten a ten je &#8222;zl\u00fd&#8220; , nep\u011bkn\u011b se chov\u00e1 k\ndruh\u00fdm&nbsp;a v z\u00e1v\u011bru obrazu pochop\u00ed, \u017ee ka\u017ed\u00fd z nich m\u011bl svou roli a m\u00edsto,\n\u017ee sice v\u0161ichni stoupaj\u00ed&nbsp;&nbsp;k vrcholu&nbsp;spolu, ale p\u0159esto ka\u017ed\u00fd jde\njen&nbsp;s\u00e1m za sebe&#8230;<\/p>\n\n\n\n<p>&nbsp;<strong>1.&nbsp; Obdob\u00ed\nhled\u00e1n\u00ed<\/strong><\/p>\n\n\n\n<p>Za\u010d\u00edn\u00e1te se zaj\u00edmat o duchovn\u00ed sv\u011bt (smyslu, teori\u00ed, vyzn\u00e1n\u00ed, zp\u016fsob\u016f pr\u00e1ce &#8211; prost\u011b za\u010d\u00e1tek).<\/p>\n\n\n\n<p><strong>2.&nbsp;&nbsp;F\u00e1ze pocitu nalezen\u00ed oblasti sv\u00e9ho z\u00e1jmu<\/strong><\/p>\n\n\n\n<p>Pro\u017e\u00edv\u00e1te intenzivn\u00ed radost, nad\u0161en\u00ed, napln\u011bn\u00ed&#8230;zat\u00edm je\u0161t\u011b nejste p\u0159\u00edli\u0161 otev\u0159en\u00ed rad\u011b, upozorn\u011bn\u00ed, \u017ee tento sm\u011br by nemusel b\u00fdt ten prav\u00fd\u00a0nebo dob\u0159e m\u00ed\u0159en\u00e9 &#8222;kritice&#8220;.<\/p>\n\n\n\n<p><strong>3. Setrv\u00e1v\u00e1n\u00ed v&nbsp;nalezen\u00e9m sm\u011bru a u\u010den\u00ed se dan\u00e9ho<\/strong><\/p>\n\n\n\n<p>Obdob\u00ed relativn\u00edho klidu (pokud tedy ne\u0161l\u00e1pnete vedle a neubl\u00ed\u017e\u00edte si n\u011bjakou z technik).<\/p>\n\n\n\n<p><strong>4. Obdob\u00ed pochybov\u00e1n\u00ed<\/strong><\/p>\n\n\n\n<p>Vn\u00edm\u00e1te, \u017ee objeven\u00e9 nen\u00ed a\u017e zase takov\u00e9 &#8222;terno&#8220;, \u017ee neposkytuje odpov\u011bdi na pot\u0159ebn\u00e9 ot\u00e1zky, pot\u0159eba nov\u00e9ho.<\/p>\n\n\n\n<p><strong>5. Dlouh\u00e9 hled\u00e1n\u00ed<\/strong><\/p>\n\n\n\n<p>Zde potk\u00e1v\u00e1te r\u016fzn\u00e9 lidi, absolvujete r\u016fzn\u00e9 semin\u00e1\u0159e, experimentujete\ns&nbsp;r\u016fzn\u00fdmi sm\u011bry&#8230;zde se zase objevuje riziko &#8222;sejit\u00ed z cesty&#8220;.<\/p>\n\n\n\n<p><strong>6. Uv\u011bdom\u011bn\u00ed, \u017ee te\u010f jsem \u201eto\u201c (sv\u016fj sm\u011br, pravdu o v\u011bcech apod.) na\u0161la\/\nna\u0161el<\/strong><\/p>\n\n\n\n<p>Intenzivn\u00ed duchovn\u00ed a osobnostn\u00ed pr\u00e1ce.<\/p>\n\n\n\n<p><strong>7. Znovu opakov\u00e1n\u00ed bodu 4., ale v hor\u0161\u00edm proveden\u00ed<\/strong><\/p>\n\n\n\n<p>Pocity zklam\u00e1n\u00ed, nenapln\u011bnosti, za\u010d\u00ednaj\u00edc\u00ed&nbsp;pochybov\u00e1n\u00ed o smyslu\nduchovn\u00ed \u010dinnosti. Zde se je\u0161t\u011b objevuje star\u00fd\u2013 pro\u010d j\u00e1, co jsem ud\u011blala, \u017ee se\nmi to stalo, vzorec to je nespravedliv\u00e9, jsem z toho\nv\u0161eho&nbsp;unaven\u00e1\/\u00fd,&nbsp;apod.<\/p>\n\n\n\n<p><strong>8. V&nbsp;t\u00e9to f\u00e1zi v\u011bt\u0161inou po\u017e\u00e1d\u00e1me o pomoc (duchovn\u00ed pr\u016fvodci, zn\u00e1m\u00ed na\nvy\u0161\u0161\u00ed v\u011bdomostn\u00ed \u00farovni&#8230;)<\/strong><\/p>\n\n\n\n<p><strong>9. Nalezen\u00ed pomoci a n\u00e1sledn\u00e9 studium<\/strong><\/p>\n\n\n\n<p>Obdob\u00ed pln\u00e9 nad\u011bje a o\u010dek\u00e1v\u00e1n\u00ed, intenzivn\u00ed pr\u00e1ce.<\/p>\n\n\n\n<p><strong>10. Celkov\u00e1 skleslost<\/strong><\/p>\n\n\n\n<p>Pocit, \u017ee dan\u00e9 nezvl\u00e1d\u00e1te, je toho moc, je to t\u011b\u017ek\u00e9, nefunguje to &#8211; podobn\u00e9\njako syndrom vyho\u0159en\u00ed.<\/p>\n\n\n\n<p><strong>11. Obdob\u00ed stagnace<\/strong><\/p>\n\n\n\n<p>Duchovn\u011b nepracujete, c\u00edt\u00edte se pr\u00e1zdn\u00ed, nechce se v\u00e1m &#8211; zde je velk\u00e9\nriziko vzd\u00e1n\u00ed va\u0161\u00ed cesty a navr\u00e1cen\u00ed se k p\u016fvodn\u00edmu stylu \u017eivota.<\/p>\n\n\n\n<p><strong>12. N\u00e1hl\u00e9 znovu o\u017eiven\u00ed duchovn\u00ed \u010dinnosti<\/strong><\/p>\n\n\n\n<p>Hled\u00e1n\u00ed sm\u011bru duchovn\u00ed pr\u00e1ce, metod, selekce poznan\u00fdch technik pr\u00e1ce,\nzam\u011b\u0159ov\u00e1n\u00ed se jen na ur\u010dit\u00e9 z&nbsp;nich.<\/p>\n\n\n\n<p><strong>13. Studium a duchovn\u00ed pr\u00e1ce<\/strong><\/p>\n\n\n\n<p>Ve velk\u00e9 m\u00ed\u0159e a&nbsp;\u010dasto &#8211;&nbsp;za\u010d\u00edn\u00e1te pomalu d\u00e1vat p\u0159ednost soukrom\u00ed\np\u0159ed spole\u010dnost\u00ed lid\u00ed.<\/p>\n\n\n\n<p><strong>14. F\u00e1ze ust\u00e1len\u00ed<\/strong><\/p>\n\n\n\n<p>Nalezen\u00ed technik, jistota, pocit radosti&#8230;<\/p>\n\n\n\n<p><strong>15. Pot\u0159eba v\u011bnovat se duchovn\u00ed pr\u00e1ci na plno a&nbsp;hled\u00e1n\u00ed zp\u016fsobu<\/strong><\/p>\n\n\n\n<p><strong>16. Obdob\u00ed radosti a \u00fasp\u011bchu v&nbsp;pr\u00e1ci i osobn\u00edm \u017eivot\u011b<\/strong><\/p>\n\n\n\n<p><strong>17. Pl\u00ed\u017eiv\u00e9 pocity smutku<\/strong><\/p>\n\n\n\n<p>Nic nejde podle pl\u00e1nu, nen\u00ed to tak jednoduch\u00e9, jak jste si mysleli, op\u011bt\n\u010das pochybov\u00e1n\u00ed, m\u00e1te pocit, \u017ee st\u00e1le dokola mot\u00e1me v kruhu,&nbsp;po\u0159\u00e1d d\u011bl\u00e1m\nstejn\u00e9 chyby, st\u00e1le se vrac\u00ed stejn\u00e9 zkou\u0161ky\u2026<\/p>\n\n\n\n<p><strong>17. Nalezen\u00ed v\u00fdchodiska<\/strong><\/p>\n\n\n\n<p><strong>18. Udr\u017eov\u00e1n\u00ed stavu<\/strong><\/p>\n\n\n\n<p>Du\u0161evn\u00ed&nbsp;vyrovnanost, st\u00e1lost, pokra\u010dov\u00e1n\u00ed v nalezen\u00e9 cest\u011b.<\/p>\n\n\n\n<p><strong>19. P\u0159ich\u00e1zej\u00ed \u017eivotn\u00ed zkou\u0161ky na\u0161\u00ed v\u00edry, s\u00edly, nau\u010den\u00e9ho a my je poprv\u00e9\nust\u00e1v\u00e1me bez v\u011bt\u0161\u00edch v\u00fdkyv\u016f<\/strong><\/p>\n\n\n\n<p><strong>20. Udr\u017eov\u00e1n\u00ed nalezen\u00e9ho stavu a rovnov\u00e1hy<\/strong><\/p>\n\n\n\n<p><strong>21. Roz\u0161i\u0159ov\u00e1n\u00ed z\u00edskan\u00e9ho klidu, pilov\u00e1n\u00ed harmoniza\u010dn\u00edch technik, pr\u00e1ce na\nsob\u011b v&nbsp;hlub\u0161\u00edch vrstv\u00e1ch<\/strong><\/p>\n\n\n\n<p>Zde se \u010dasto uchylujete do samoty a p\u0159est\u00e1v\u00e1me vyhled\u00e1vat spole\u010dnost \u2013 to\nsamoz\u0159ejm\u011b neznamen\u00e1, \u017ee byste&nbsp;byli poustevn\u00edci, jen je v\u00e1m ji\u017e dob\u0159e se\nsebou.<\/p>\n\n\n\n<p>V\u00edm, \u017ee je to t\u011b\u017ek\u00e9,\nsama jsem t\u00edm pro\u0161la&#8230;. ale jednodu\u0161e dosa\u017een\u00fdch v\u011bc\u00ed si nev\u00e1\u017e\u00edme a neum\u00edme je\nocenit.<\/p>\n\n\n\n<p>Duchovn\u00ed r\u016fst je &#8222;dlouhodob\u00fd pl\u00e1n&#8220;, kter\u00fd v\u0161ak naprosto zm\u011bn\u00ed a\nzlep\u0161\u00ed n\u00e1\u0161 \u017eivot, proto se domn\u00edv\u00e1m, \u017ee i kdy\u017e jde o cestu trnitou, stoj\u00ed zato\np\u0159e\u017e\u00edt p\u00e1r \u0161kr\u00e1banc\u016f, kdy\u017e v\u00edme, \u017ee na konci n\u00e1s \u010dek\u00e1 \u017eivot v napln\u011bn\u00ed, stabilit\u011b,\nharmonii a l\u00e1sce.<\/p>\n\n\n\n<p>P\u0159eji V\u00e1m v\u0161em, a\u0165 se nyn\u00ed nach\u00e1z\u00edte v jak\u00e9koli f\u00e1zi, mnoho sil a jsem v duchu s V\u00e1mi.<\/p>\n\n\n\n<p>Martina<\/p>\n","protected":false},"excerpt":{"rendered":"<p>https:\/\/epochaplus.cz\/z-atenskych-skolnich-lavic-ministerstvo-skolstvi-chtel-zridit-uz-filozof-platon\/ Douf\u00e1m, \u017ee V\u00e1m tento n\u00e1stin cesty du\u0161e pom\u016f\u017ee se zorientovat v&nbsp;nelehk\u00fdch chv\u00edl\u00edch pochyb a ztr\u00e1ty sil a povede V\u00e1s k&nbsp;Va\u0161emu c\u00edli. Cesta&nbsp;duchovn\u00edho r\u016fstu a v\u00fdvoje trv\u00e1 cel\u00fd \u017eivot, tak\u017ee trv\u00e1n\u00ed n\u011bkter\u00fdch z&nbsp;n\u00e1sledn\u00fdch&nbsp;f\u00e1z\u00ed&nbsp;m\u016f\u017ee b\u00fdt i v \u0159\u00e1du n\u011bkolika let. U ka\u017ed\u00e9ho tento proces prob\u00edh\u00e1 zcela jinak, n\u011bkomu cesta trv\u00e1 d\u00e9le, n\u011bkdo projde hladce f\u00e1zemi v [&hellip;]<\/p>\n","protected":false},"author":1,"featured_media":0,"parent":0,"menu_order":0,"comment_status":"closed","ping_status":"closed","template":"","meta":{"_mc_calendar":[],"footnotes":""},"class_list":["post-721","page","type-page","status-publish","hentry"],"_links":{"self":[{"href":"https:\/\/astragal.cz\/index.php\/wp-json\/wp\/v2\/pages\/721","targetHints":{"allow":["GET"]}}],"collection":[{"href":"https:\/\/astragal.cz\/index.php\/wp-json\/wp\/v2\/pages"}],"about":[{"href":"https:\/\/astragal.cz\/index.php\/wp-json\/wp\/v2\/types\/page"}],"author":[{"embeddable":true,"href":"https:\/\/astragal.cz\/index.php\/wp-json\/wp\/v2\/users\/1"}],"replies":[{"embeddable":true,"href":"https:\/\/astragal.cz\/index.php\/wp-json\/wp\/v2\/comments?post=721"}],"version-history":[{"count":4,"href":"https:\/\/astragal.cz\/index.php\/wp-json\/wp\/v2\/pages\/721\/revisions"}],"predecessor-version":[{"id":5182,"href":"https:\/\/astragal.cz\/index.php\/wp-json\/wp\/v2\/pages\/721\/revisions\/5182"}],"wp:attachment":[{"href":"https:\/\/astragal.cz\/index.php\/wp-json\/wp\/v2\/media?parent=721"}],"curies":[{"name":"wp","href":"https:\/\/api.w.org\/{rel}","templated":true}]}}