{"id":725,"date":"2020-05-09T16:37:53","date_gmt":"2020-05-09T15:37:53","guid":{"rendered":"http:\/\/astragal.cz\/?page_id=725"},"modified":"2021-10-25T08:41:15","modified_gmt":"2021-10-25T07:41:15","slug":"jak-se-orientovat-na-duchovni-ceste-a-jake-jsou-jeji-faze","status":"publish","type":"page","link":"https:\/\/astragal.cz\/index.php\/jak-se-orientovat-na-duchovni-ceste-a-jake-jsou-jeji-faze\/","title":{"rendered":"Jak se orientovat na duchovn\u00ed cest\u011b a jak\u00e9 jsou jej\u00ed f\u00e1ze"},"content":{"rendered":"\n<div class=\"wp-block-image\"><figure class=\"aligncenter size-large\"><img loading=\"lazy\" decoding=\"async\" width=\"800\" height=\"538\" src=\"https:\/\/astragal.cz\/wp-content\/uploads\/2021\/09\/duch-cesta.jpg\" alt=\"\" class=\"wp-image-3527\" srcset=\"https:\/\/astragal.cz\/wp-content\/uploads\/2021\/09\/duch-cesta.jpg 800w, https:\/\/astragal.cz\/wp-content\/uploads\/2021\/09\/duch-cesta-300x202.jpg 300w, https:\/\/astragal.cz\/wp-content\/uploads\/2021\/09\/duch-cesta-768x516.jpg 768w\" sizes=\"auto, (max-width: 800px) 100vw, 800px\" \/><\/figure><\/div>\n\n\n\n<p class=\"has-text-align-center has-blue-color has-text-color has-small-font-size\"><a href=\"https:\/\/radostzezivota.info\/duchovni-cesta\/\">https:\/\/radostzezivota.info\/duchovni-cesta\/<\/a><\/p>\n\n\n\n<p>Zdrav\u00edm V\u00e1s,<\/p>\n\n\n\n<p>jak ji\u017e p\u0159edes\u00edl\u00e1 tento nadpis, n\u00e1sleduj\u00edc\u00ed p\u0159\u00edsp\u011bvek se bude t\u00fdkat toho, jak se orientovat na Va\u0161\u00ed duchovn\u00ed cest\u011b.<\/p>\n\n\n\n<p>Ne ka\u017ed\u00fd z n\u00e1s t\u00edmto procesem v tomto \u017eivot\u011b proch\u00e1z\u00ed nebo projde. N\u011bkdo se\no duchovn\u00ed v\u011bdy za\u010dne zaj\u00edmat ji\u017e v d\u011btstv\u00ed, jin\u00fd a\u017e v pozd\u011bj\u0161\u00edm v\u011bku &#8211; z\u00e1le\u017e\u00ed\nna konkr\u00e9tn\u00ed du\u0161evn\u00ed vysp\u011blosti, z\u00e1jmu a vytrvalosti v dan\u00e9 problematice,\nimpulzech shora nebo \u0161t\u011bst\u00ed na dobr\u00e9 pr\u016fvodce a u\u010ditele v astr\u00e1ln\u00ed\nnebo&nbsp;lidsk\u00e9 podob\u011b.<\/p>\n\n\n\n<p>V z\u00e1sad\u011b jde p\u0159i duchovn\u00ed cest\u011b o hled\u00e1n\u00ed smyslu na\u0161eho \u017eivota a posl\u00e1n\u00ed,\nkter\u00e9 zde m\u00e1me plnit.<\/p>\n\n\n\n<p>P\u0159ich\u00e1z\u00ed k n\u00e1m spousta informac\u00ed a situac\u00ed, kter\u00e9 je nutn\u00e9 rozk\u00f3dovat a\nspr\u00e1vn\u011b pou\u017e\u00edt. Ne v\u017edy je poselstv\u00ed jasn\u00e9 a srozumiteln\u00e9. D\u016fle\u017eit\u00e9 je proto\nnechat se v\u00e9st intuic\u00ed, \u0161est\u00fdm smyslem a pocity, kter\u00e9 p\u0159i p\u0159ij\u00edm\u00e1n\u00ed informace\nnebo kontaktu s jin\u00fdmi lidmi m\u00e1me. Pokud n\u00e1m dan\u00e1 osoba nesed\u00ed nebo se n\u00e1m na\nkn\u00ed\u017ece, kterou zam\u00fd\u0161l\u00edme koupit, n\u011bco nezd\u00e1, je nejlep\u0161\u00ed sv\u00e9 nitro poslechnout\n&#8211; na\u0161e du\u0161e v\u00ed, co je pro n\u00e1s nejlep\u0161\u00ed a mnohdy n\u00e1s nal\u00e9hav\u011b varuje, sta\u010d\u00ed jen\nnaslouchat a \u0159\u00eddit se vnit\u0159n\u00edm hlasem.<\/p>\n\n\n\n<p>Nikdo jin\u00fd ne\u017e Vy sami V\u00e1m nedok\u00e1\u017ee pomoci, druz\u00ed V\u00e1s mohou pouze\nnasm\u011brovat, uk\u00e1zat V\u00e1m to, co sami nejste schopni vid\u011bt &#8211; ale pozor na sejit\u00ed z\ncesty, ne v\u0161ichni V\u00e1m budou cht\u00edt pomoci, n\u011bkte\u0159\u00ed se budou sna\u017eit Va\u0161e schopnosti\nvyu\u017e\u00edt, jin\u00ed budou ochotn\u011b radit, ale \u00farove\u0148 jejich znalost\u00ed a vysp\u011blosti\nnebude na takov\u00e9 \u00farovni, aby k tomu byli kompetentn\u00ed, i kdy\u017e si budou myslet\nn\u011bco jin\u00e9ho (velik\u00fd \u010dlov\u011bk se&nbsp;projevuje skromnost\u00ed a pokorou, ne siln\u00fdmi\nslovy). Proto spolupracujte a ra\u010fte se jen s t\u011bmi, kter\u00fdm v\u011b\u0159\u00edte a kte\u0159\u00ed V\u00e1m\nprok\u00e1\u017e\u00ed, \u017ee n\u011bco skute\u010dn\u011b&nbsp;um\u011bj\u00ed, ne s t\u011bmi, kte\u0159\u00ed si ud\u011blaj\u00ed kurs a jsou\n&#8222;velk\u00fdmi&#8220; odborn\u00edky &#8211; nechci se nikoho dotknout, proto pros\u00edm neberte\ntato slova ve zl\u00e9m, ale je pot\u0159eba pouk\u00e1zat i na tato rizika.<\/p>\n\n\n\n<p>Skute\u010dn\u00fdm mudrcem a znalcem je ten, kter\u00fd pro\u0161el v \u017eivot\u011b ji\u017e v\u0161emi n\u00ed\u017ee\nuveden\u00fdmi f\u00e1zemi, m\u00e1 dar = p\u0159edur\u010den\u00ed&nbsp;duchovn\u00ed pr\u00e1ce od narozen\u00ed a ten u\u017e\njen neust\u00e1l\u00fdm studiem a sebereflex\u00ed rozv\u00edj\u00ed a p\u0159iv\u00e1d\u00ed k dokonalosti.<\/p>\n\n\n\n<p><strong>Existuj\u00ed jist\u00e9 f\u00e1ze, kter\u00fdmi p\u0159i duchovn\u00edm r\u016fstu proch\u00e1z\u00edme, pokus\u00edm se je tu p\u0159edstavit:<\/strong><\/p>\n\n\n\n<p>1.&nbsp;&nbsp;Pov\u011bdom\u00ed o duchovn\u00ed rovin\u011b (bu\u010f na\u0161e vlastn\u00ed &#8211; vrozen\u00e9, nebo\nv\u011bdom\u00ed, \u017ee n\u011bco takov\u00e9ho&nbsp;existuje), strach.<\/p>\n\n\n\n<p>2.&nbsp;&nbsp;Postupn\u00e9 z\u00edsk\u00e1v\u00e1n\u00ed informac\u00ed (samovoln\u00e9, na\u0161e aktivita,\ninvence z ven\u010d\u00ed &#8211; od druh\u00fdch lid\u00ed).<\/p>\n\n\n\n<p>3.&nbsp;&nbsp;Samostudium (na\u010d\u00edt\u00e1n\u00ed si knih, internetov\u00fdch str\u00e1nek).<\/p>\n\n\n\n<p>4.&nbsp;&nbsp;Spolupr\u00e1ce s druh\u00fdmi, kte\u0159\u00ed se zaj\u00edmaj\u00ed o duchovn\u00ed rovinu\n(kontakty na internetu, zaj\u00edmav\u00e1 setk\u00e1n\u00ed, vyhled\u00e1v\u00e1n\u00ed odborn\u00edk\u016f apod.), strach.<\/p>\n\n\n\n<p>5.&nbsp;&nbsp;Experimenty (zkou\u0161en\u00ed r\u016fzn\u00fdch technik a metod = po\u010d\u00e1tky\nduchovn\u00ed pr\u00e1ce).<\/p>\n\n\n\n<p>6.&nbsp;&nbsp;Riziko vlastn\u00edho ega (m\u00e1me pocit, \u017ee ji\u017e v\u0161e zn\u00e1me, ovl\u00e1d\u00e1me\na&nbsp;um\u00edme &#8211;&nbsp;je to jen klam).<\/p>\n\n\n\n<p>7.&nbsp;&nbsp;Rozcest\u00ed = se rozd\u011bluje na dva pod body:<\/p>\n\n\n\n<p>a)&nbsp; s duchovn\u00ed prac\u00ed skon\u010d\u00edme, nebo\u0165<\/p>\n\n\n\n<p>&#8211;&nbsp; vid\u00edme, \u017ee je to je\u0161t\u011b dlouh\u00e1 cesta a u\u017e se n\u00e1m nechce,<\/p>\n\n\n\n<p>&#8211;&nbsp; n\u00e1m zkr\u00e1tka sta\u010d\u00ed to, co um\u00edme,<\/p>\n\n\n\n<p>&nbsp;&#8211;&nbsp; nen\u00ed n\u00e1m dovoleno pokra\u010dovat d\u00e1l (n\u011bkte\u0159\u00ed se k dal\u0161\u00edm rovin\u00e1m\nduchovn\u00edho r\u016fstu nedostanou, dal\u0161\u00ed roviny nevid\u00ed);<\/p>\n\n\n\n<p>b) &nbsp;s duchovn\u00ed prac\u00ed pokra\u010dujeme.<\/p>\n\n\n\n<p>8.&nbsp;&nbsp;F\u00e1ze pokory, sm\u00ed\u0159en\u00ed, hlubok\u00e9ho studia (\u010dasto je zde jedinec\nizolov\u00e1n od okol\u00ed, a\u0165 ji\u017e dobrovoln\u011b nebo shodou n\u00e1hod).<\/p>\n\n\n\n<p>9.&nbsp;&nbsp;Obdob\u00ed pochybnosti o celkov\u00e9m smyslu duchovn\u00ed pr\u00e1ce (kter\u00e9 se\nprol\u00edn\u00e1 v men\u0161\u00ed nebo v\u011bt\u0161\u00ed m\u00ed\u0159e v podstat\u011b cel\u00fdm duchovn\u00edm v\u00fdvojem).<\/p>\n\n\n\n<p>10.&nbsp;Rozhodnut\u00ed, zda se budeme duchovn\u00ed \u010dinnosti v\u011bnovat naplno, zda ji\nlze skloubit s&nbsp;na\u0161\u00edm dosavadn\u00edm zp\u016fsobem \u017eivota (selektov\u00e1n\u00ed oblast\u00ed, na\nn\u011b\u017e se v dal\u0161\u00edm v\u00fdvoji zam\u011b\u0159\u00edme &#8211; karty, l\u00e9\u010ditelstv\u00ed apod.).<\/p>\n\n\n\n<p>11.&nbsp;P\u0159ehodnocen\u00ed hodnot, zp\u016fsobu \u017eivota, vnit\u0159n\u00ed pot\u0159eba spojen\u00ed s\nduchovn\u00edmi pr\u016fvodci, meditace.<\/p>\n\n\n\n<p>12.&nbsp;Dal\u0161\u00ed f\u00e1ze studia &#8211; pr\u00e1ce na sob\u011b,&nbsp;kter\u00e1 se tak\u00e9 prol\u00edn\u00e1\ncel\u00fdm procesem&nbsp;(duchovn\u00ed r\u016fst).<\/p>\n\n\n\n<p>13.&nbsp;Sebereflexe, pom\u00e1h\u00e1n\u00ed druh\u00fdm, setk\u00e1n\u00ed s osobami podobn\u00e9ho\nzam\u011b\u0159en\u00ed.<\/p>\n\n\n\n<p>14.&nbsp;Izolace (spojen\u00ed s vnit\u0159n\u00edm j\u00e1, s na\u0161\u00ed du\u0161\u00ed &#8211; \u010dast\u011bj\u0161\u00ed \u00faniky do\nsv\u011bta astr\u00e1lu).<\/p>\n\n\n\n<p>15.&nbsp;P\u0159ed\u00e1v\u00e1n\u00ed informac\u00ed dal\u0161\u00edm lidem (sami p\u0159ich\u00e1zej\u00ed jako Va\u0161i \u017e\u00e1ci,\na\u017e jste p\u0159ipraveni).<\/p>\n\n\n\n<p>16.&nbsp;Zji\u0161t\u011bn\u00ed dal\u0161\u00edch \u00farovn\u00ed duchovn\u00ed roviny, sebereflexe, pocit\nmalosti, \u00fazk\u00e9 spojen\u00ed s Va\u0161imi duchovn\u00edmi pr\u016fvodci a vesm\u00edrem.<\/p>\n\n\n\n<p>17.&nbsp;Vnit\u0159n\u00ed napln\u011bn\u00ed, moudrost, shov\u00edvavost, \u00facta k ve\u0161ker\u00e9mu \u017eivotu na\nzemi, ch\u00e1p\u00e1n\u00ed celku.<\/p>\n\n\n\n<p>18.&nbsp;Nalezen\u00ed sebe, sv\u00e9ho posl\u00e1n\u00ed, soulad s v\u0161ehom\u00edrou, sm\u00ed\u0159en\u00ed se se\nsmrt\u00ed (v\u011bk nehraje roli, klidn\u011b V\u00e1m m\u016f\u017ee b\u00fdt 35 let &#8211; jde o \u00farove\u0148 Va\u0161\u00ed\nduchovn\u00ed vysp\u011blosti).<\/p>\n\n\n\n<p>19.&nbsp;Pr\u00e1ce s druh\u00fdmi, p\u0159ed\u00e1v\u00e1n\u00ed nau\u010den\u00e9ho (ne nucen\u00e9 &#8211; sami k V\u00e1m budou\np\u0159ich\u00e1zet ti, je\u017e budou pot\u0159ebovat Va\u0161i pomoc), nezi\u0161tn\u00e1 pomoc druh\u00fdm.<\/p>\n\n\n\n<p>20.&nbsp;\u00dapln\u00e9 splynut\u00ed s prostorem, \u010dasem, kone\u010dn\u00e9 pochopen\u00ed z\u00e1konitost\u00ed,\nzbaven\u00ed se strachu z \u010dehokoliv, bezmezn\u00e1 &nbsp;d\u016fv\u011bra ve vy\u0161\u0161\u00ed principy =\nnirv\u00e1na.<\/p>\n\n\n\n<p>P\u0159eji V\u00e1m p\u0159i Va\u0161\u00ed cest\u011b dobr\u00e9 pr\u016fvodce (nepochybuji, \u017ee V\u00e1m budou\np\u0159id\u011bleni p\u0159esn\u011b takov\u00ed, jak\u00e9 pot\u0159ebujete), hodn\u011b sil, v\u00edry, dobra a\nvytrvalosti.<\/p>\n\n\n\n<p>Martina<\/p>\n","protected":false},"excerpt":{"rendered":"<p>https:\/\/radostzezivota.info\/duchovni-cesta\/ Zdrav\u00edm V\u00e1s, jak ji\u017e p\u0159edes\u00edl\u00e1 tento nadpis, n\u00e1sleduj\u00edc\u00ed p\u0159\u00edsp\u011bvek se bude t\u00fdkat toho, jak se orientovat na Va\u0161\u00ed duchovn\u00ed cest\u011b. Ne ka\u017ed\u00fd z n\u00e1s t\u00edmto procesem v tomto \u017eivot\u011b proch\u00e1z\u00ed nebo projde. N\u011bkdo se o duchovn\u00ed v\u011bdy za\u010dne zaj\u00edmat ji\u017e v d\u011btstv\u00ed, jin\u00fd a\u017e v pozd\u011bj\u0161\u00edm v\u011bku &#8211; z\u00e1le\u017e\u00ed na konkr\u00e9tn\u00ed du\u0161evn\u00ed vysp\u011blosti, z\u00e1jmu [&hellip;]<\/p>\n","protected":false},"author":1,"featured_media":0,"parent":0,"menu_order":0,"comment_status":"closed","ping_status":"closed","template":"","meta":{"_mc_calendar":[],"footnotes":""},"class_list":["post-725","page","type-page","status-publish","hentry"],"_links":{"self":[{"href":"https:\/\/astragal.cz\/index.php\/wp-json\/wp\/v2\/pages\/725","targetHints":{"allow":["GET"]}}],"collection":[{"href":"https:\/\/astragal.cz\/index.php\/wp-json\/wp\/v2\/pages"}],"about":[{"href":"https:\/\/astragal.cz\/index.php\/wp-json\/wp\/v2\/types\/page"}],"author":[{"embeddable":true,"href":"https:\/\/astragal.cz\/index.php\/wp-json\/wp\/v2\/users\/1"}],"replies":[{"embeddable":true,"href":"https:\/\/astragal.cz\/index.php\/wp-json\/wp\/v2\/comments?post=725"}],"version-history":[{"count":6,"href":"https:\/\/astragal.cz\/index.php\/wp-json\/wp\/v2\/pages\/725\/revisions"}],"predecessor-version":[{"id":5017,"href":"https:\/\/astragal.cz\/index.php\/wp-json\/wp\/v2\/pages\/725\/revisions\/5017"}],"wp:attachment":[{"href":"https:\/\/astragal.cz\/index.php\/wp-json\/wp\/v2\/media?parent=725"}],"curies":[{"name":"wp","href":"https:\/\/api.w.org\/{rel}","templated":true}]}}