{"id":729,"date":"2020-05-09T16:38:32","date_gmt":"2020-05-09T15:38:32","guid":{"rendered":"http:\/\/astragal.cz\/?page_id=729"},"modified":"2021-10-20T11:44:22","modified_gmt":"2021-10-20T10:44:22","slug":"light-workers-pracovnici-svetla","status":"publish","type":"page","link":"https:\/\/astragal.cz\/index.php\/light-workers-pracovnici-svetla\/","title":{"rendered":"Light workers &#8211; pracovn\u00edci sv\u011btla"},"content":{"rendered":"\n<div class=\"wp-block-image\"><figure class=\"aligncenter size-large\"><img loading=\"lazy\" decoding=\"async\" width=\"1024\" height=\"1024\" src=\"https:\/\/astragal.cz\/wp-content\/uploads\/2021\/09\/144-message-for-lightworkers-I_Y9oWvub-q-t3xgXO6GdrT.1400x1400-1024x1024.jpg\" alt=\"\" class=\"wp-image-3533\" srcset=\"https:\/\/astragal.cz\/wp-content\/uploads\/2021\/09\/144-message-for-lightworkers-I_Y9oWvub-q-t3xgXO6GdrT.1400x1400-1024x1024.jpg 1024w, https:\/\/astragal.cz\/wp-content\/uploads\/2021\/09\/144-message-for-lightworkers-I_Y9oWvub-q-t3xgXO6GdrT.1400x1400-300x300.jpg 300w, https:\/\/astragal.cz\/wp-content\/uploads\/2021\/09\/144-message-for-lightworkers-I_Y9oWvub-q-t3xgXO6GdrT.1400x1400-150x150.jpg 150w, https:\/\/astragal.cz\/wp-content\/uploads\/2021\/09\/144-message-for-lightworkers-I_Y9oWvub-q-t3xgXO6GdrT.1400x1400-768x768.jpg 768w, https:\/\/astragal.cz\/wp-content\/uploads\/2021\/09\/144-message-for-lightworkers-I_Y9oWvub-q-t3xgXO6GdrT.1400x1400.jpg 1400w\" sizes=\"auto, (max-width: 1024px) 100vw, 1024px\" \/><\/figure><\/div>\n\n\n\n<p class=\"has-text-align-center has-blue-color has-text-color has-small-font-size\"><a href=\"https:\/\/www.listennotes.com\/podcasts\/the-evolving-lover\/episode-3-truth-chat-a-t3xgXO6GdrT\/\">https:\/\/www.listennotes.com\/podcasts\/the-evolving-lover\/episode-3-truth-chat-a-t3xgXO6GdrT\/<\/a><\/p>\n\n\n\n<p class=\"has-blue-color has-text-color\"><strong>Kdo jsou Poslov\u00e9, ochr\u00e1nci, pracovn\u00edci sv\u011btla?<\/strong><\/p>\n\n\n\n<p><strong>M\u016f\u017eeme je v podstat\u011b rozd\u011blit do dvou skupin:<\/strong><\/p>\n\n\n\n<ol class=\"wp-block-list\"><li>N\u011bkter\u00e9 druhy astr\u00e1ln\u00edch bytosti<\/li><\/ol>\n\n\n\n<p>And\u011bl\u00e9 a archand\u011bl\u00e9, osobn\u00ed str\u00e1\u017eci, jin\u00e9 sv\u011bteln\u00e9 entity, v&nbsp;ur\u010dit\u00fdch\np\u0159\u00edpadech i du\u0161e na\u0161ich p\u0159edk\u016f. Mimo tyto l\u00e1skypln\u00e9 bytosti obsahuje astr\u00e1ln\u00ed\nsf\u00e9ra tak\u00e9 mnoho bytost\u00ed negativn\u00edho lad\u011bn\u00ed, n\u011bkter\u00e9 z&nbsp;nich jsou p\u0159\u00edmo\nnebezpe\u010dn\u00e9. Proto je v\u017edy pot\u0159eba rozli\u0161ovat o jak\u00fd druh astr\u00e1ln\u00ed bytosti se\njedn\u00e1 a co je j\u00edm z\u00e1m\u011brem-posl\u00e1n\u00edm.<\/p>\n\n\n\n<p>Jsou na zemi p\u0159\u00edtomni nep\u0159etr\u017eit\u011b. Ji\u017e v&nbsp;okam\u017eiku na\u0161eho zrozen\u00ed se\nk&nbsp;n\u00e1m p\u0159id\u00e1vaj\u00ed na\u0161i sv\u011bteln\u00ed pr\u016fvodci, kte\u0159\u00ed n\u00e1s chr\u00e1n\u00ed a jejich\u017e role a\np\u0159\u00edtomnost se v&nbsp;pr\u016fb\u011bhu na\u0161eho \u017eivota m\u011bn\u00ed podle na\u0161ich pot\u0159eb a stavu\nv\u011bdom\u00ed.<\/p>\n\n\n\n<ul class=\"wp-block-list\"><li>Pozemsk\u00e9 bytosti\ns&nbsp;t\u00edmto posl\u00e1n\u00edm<\/li><\/ul>\n\n\n\n<p>Proroci, vizion\u00e1\u0159i, n\u011bkte\u0159\u00ed p\u016fvodci a terapeuti, n\u011bkte\u0159\u00ed pracovn\u00edci\npom\u00e1haj\u00edc\u00edch profes\u00ed aj.<\/p>\n\n\n\n<p>Tito jedinci jsou n\u00e1m \u201estav\u011bni\u201c do cesty v&nbsp;jednotliv\u00fdch \u017eivotn\u00edch\netap\u00e1ch, tak jak pot\u0159ebujeme a to i opakovan\u011b, pokud pot\u0159ebu posunu\nv&nbsp;na\u0161em stavu v\u011bdom\u00ed z&nbsp;n\u011bjak\u00e9ho d\u016fvodu nepochop\u00edme nebo ze strachu\nnechceme podstoupit.<\/p>\n\n\n\n<p>I v&nbsp;t\u00e9to skupin\u011b se st\u00e1v\u00e1, \u017ee lid\u00e9, kte\u0159\u00ed byli vyvolen\u00ed pro \u0161\u00ed\u0159en\u00ed\nsv\u011btla, z&nbsp;t\u00e9 cesty z&nbsp;n\u011bjak\u00e9 p\u0159\u00ed\u010diny sejdou (ego, zneu\u017eit\u00ed moci, mamon\npen\u011bz, spolupr\u00e1ce s&nbsp;ne\u010dist\u00fdmi silami apod.) \u2013 proto i zde plat\u00ed pot\u0159eba\nmaxim\u00e1ln\u00ed opatrnosti, s&nbsp;k\u00fdm pracujete a kdo V\u00e1s duchovn\u011b vede.<\/p>\n\n\n\n<p>V&nbsp;obou p\u0159\u00edpadech plat\u00ed, \u017ee tyto jedinci zasv\u011bt\u00ed cel\u00fd sv\u016fj \u017eivot pomoci\ndruh\u00fdm a jejich hlavn\u00edm c\u00edlem je probudit v&nbsp;\u010dlov\u011bku l\u00e1sku ke v\u0161emu \u017eiv\u00e9mu\nna t\u00e9to zemi. Jsou p\u0159ipraveni n\u00e1m pomoci i p\u0159es to, \u017ee se nechov\u00e1me\nv&nbsp;na\u0161em \u017eivot\u011b zrovna nejl\u00e9pe. <\/p>\n\n\n\n<p>Neodsuzuj\u00ed n\u00e1s, ani na\u0161e jedn\u00e1n\u00ed. Maj\u00ed hlubok\u00e9 pochopen\u00ed pro v\u0161echny na\u0161e\npovahov\u00e9 slabosti a sna\u017e\u00ed se v&nbsp;n\u00e1s probudit to dobr\u00e9. Jsou n\u00e1strojem\n\u010dist\u00fdch vesm\u00edrn\u00fdch sil.<\/p>\n\n\n\n<p class=\"has-blue-color has-text-color\"><strong>Jak pozn\u00e1te prav\u00e9ho pracovn\u00edka sv\u011btla?<\/strong><\/p>\n\n\n\n<p>Mezi takov\u00e9 typick\u00e9 identifika\u010dn\u00ed znaky pat\u0159\u00ed: &nbsp;<\/p>\n\n\n\n<ol class=\"wp-block-list\"><li>siln\u00e1 empatie,<\/li><li>neskute\u010dn\u00fd smysl pro\ndobro,<\/li><li>nutkav\u00e1 pot\u0159eba jemn\u00fdm\na nevt\u00edrav\u00fdm zp\u016fsobem pom\u00e1hat druh\u00fdm a v\u00e9st je na spr\u00e1vnou cestu,<\/li><li>schopnost vstoupit do\n\u017eivota a zm\u011bnit jej,<\/li><li>pocit nevysv\u011btliteln\u00e9&nbsp;d\u016fv\u011bryhodnosti\ndan\u00e9 osoby, i kdy\u017e ji v\u016fbec nezn\u00e1me,<\/li><li>l\u00e9\u010ditelsk\u00e9 schopnosti\n(t\u00edha z n\u00e1s pad\u00e1, jen jsme bl\u00edzko doty\u010dn\u00e9ho, nebo na n\u011bj pomysl\u00edme &#8211; a nem\u00e1m na\nmysli od\u010derp\u00e1v\u00e1n\u00ed energie),<\/li><li>klid a vyrovnanost,<\/li><li>schopnost d\u00e1t n\u00e1m\npocit, \u017ee je v\u0161e tak, jak m\u00e1 b\u00fdt,<\/li><li>\u0161\u00ed\u0159en\u00ed nad\u011bje a l\u00e1sky,<\/li><li>neutuchaj\u00edc\u00ed v\u00edra v\nlidskost.<\/li><\/ol>\n\n\n\n<p class=\"has-blue-color has-text-color\"><strong>Jak pozvat sv\u011bteln\u00e9ho pr\u016fvodce do sv\u00e9ho \u017eivota?<\/strong><\/p>\n\n\n\n<p>Tyto \u00fa\u017easn\u00e9 bytosti vstupuj\u00ed do Va\u0161eho \u017eivota v\u011bt\u0161inou sami (tak jak my,\nani\u017e bychom&nbsp;to&nbsp;v\u011bd\u011bli, pot\u0159ebujeme), ale m\u00e1te tak\u00e9 mo\u017enost je o to\npo\u017e\u00e1dat. <\/p>\n\n\n\n<p>Sta\u010d\u00ed oby\u010dejn\u00e1 prosba ze srdce o jejich pomoc a pr\u016fvodcovstv\u00ed. Zde je\nd\u016fle\u017eit\u00e9 zm\u00ednit, \u017ee proto, aby se na V\u00e1s nenapojily bytosti jin\u00e9, je pot\u0159eba\nm\u00edt p\u0159i t\u00e9to \u017e\u00e1dosti v&nbsp;srdci jen l\u00e1sku (nikoli strach) a v\u00edru\nv&nbsp;dobro, boha, vesm\u00edr\u2026<\/p>\n\n\n\n<p>Bu\u010fte si jisti, \u017ee Va\u0161e prosba bude vysly\u0161ena a poslov\u00e9 sv\u011btla p\u0159ijdou \u2013\nnikdy neodm\u00edtnou pomoc, pokud jsou o ni po\u017e\u00e1d\u00e1ni.Pomoc druh\u00e9mu je jejich pravou\npodstatou.&nbsp;<\/p>\n","protected":false},"excerpt":{"rendered":"<p>https:\/\/www.listennotes.com\/podcasts\/the-evolving-lover\/episode-3-truth-chat-a-t3xgXO6GdrT\/ Kdo jsou Poslov\u00e9, ochr\u00e1nci, pracovn\u00edci sv\u011btla? M\u016f\u017eeme je v podstat\u011b rozd\u011blit do dvou skupin: N\u011bkter\u00e9 druhy astr\u00e1ln\u00edch bytosti And\u011bl\u00e9 a archand\u011bl\u00e9, osobn\u00ed str\u00e1\u017eci, jin\u00e9 sv\u011bteln\u00e9 entity, v&nbsp;ur\u010dit\u00fdch p\u0159\u00edpadech i du\u0161e na\u0161ich p\u0159edk\u016f. Mimo tyto l\u00e1skypln\u00e9 bytosti obsahuje astr\u00e1ln\u00ed sf\u00e9ra tak\u00e9 mnoho bytost\u00ed negativn\u00edho lad\u011bn\u00ed, n\u011bkter\u00e9 z&nbsp;nich jsou p\u0159\u00edmo nebezpe\u010dn\u00e9. Proto je v\u017edy pot\u0159eba rozli\u0161ovat [&hellip;]<\/p>\n","protected":false},"author":1,"featured_media":0,"parent":0,"menu_order":0,"comment_status":"closed","ping_status":"closed","template":"","meta":{"_mc_calendar":[],"footnotes":""},"class_list":["post-729","page","type-page","status-publish","hentry"],"_links":{"self":[{"href":"https:\/\/astragal.cz\/index.php\/wp-json\/wp\/v2\/pages\/729","targetHints":{"allow":["GET"]}}],"collection":[{"href":"https:\/\/astragal.cz\/index.php\/wp-json\/wp\/v2\/pages"}],"about":[{"href":"https:\/\/astragal.cz\/index.php\/wp-json\/wp\/v2\/types\/page"}],"author":[{"embeddable":true,"href":"https:\/\/astragal.cz\/index.php\/wp-json\/wp\/v2\/users\/1"}],"replies":[{"embeddable":true,"href":"https:\/\/astragal.cz\/index.php\/wp-json\/wp\/v2\/comments?post=729"}],"version-history":[{"count":4,"href":"https:\/\/astragal.cz\/index.php\/wp-json\/wp\/v2\/pages\/729\/revisions"}],"predecessor-version":[{"id":4576,"href":"https:\/\/astragal.cz\/index.php\/wp-json\/wp\/v2\/pages\/729\/revisions\/4576"}],"wp:attachment":[{"href":"https:\/\/astragal.cz\/index.php\/wp-json\/wp\/v2\/media?parent=729"}],"curies":[{"name":"wp","href":"https:\/\/api.w.org\/{rel}","templated":true}]}}