{"id":7296,"date":"2022-10-18T12:22:54","date_gmt":"2022-10-18T11:22:54","guid":{"rendered":"https:\/\/astragal.cz\/?page_id=7296"},"modified":"2025-03-13T10:17:27","modified_gmt":"2025-03-13T09:17:27","slug":"leceni-dle-typu-onemocneni","status":"publish","type":"page","link":"https:\/\/astragal.cz\/index.php\/leceni-dle-typu-onemocneni\/","title":{"rendered":"L\u00e9\u010den\u00ed dle typu onemocn\u011bn\u00ed"},"content":{"rendered":"\n<p class=\"has-light-blue-color has-text-color\"><a href=\"https:\/\/astragal.cz\/index.php\/leceni-beznych-chorob\/\">L\u00e9\u010den\u00ed b\u011b\u017en\u00fdch obt\u00ed\u017e\u00ed<\/a><\/p>\n\n\n\n<p class=\"has-light-blue-color has-text-color\"><a href=\"https:\/\/astragal.cz\/index.php\/leceni-chorob-na-zanetlivem-podkladu\/\">L\u00e9\u010den\u00ed chorob na z\u00e1n\u011btliv\u00e9m podkladu<\/a><\/p>\n\n\n\n<p class=\"has-light-blue-color has-text-color\"><a href=\"https:\/\/astragal.cz\/index.php\/leceni-onkologickych-onemocneni\/\">L\u00e9\u010den\u00ed onkologick\u00fdch onemocn\u011bn\u00ed<\/a><\/p>\n\n\n\n<p class=\"has-light-blue-color has-text-color\"><a href=\"https:\/\/astragal.cz\/index.php\/leceni-pacientu-na-jip-a-jinych-vaznych-stavu\/\">L\u00e9\u010den\u00ed pacient\u016f na JIP a jin\u00fdch v\u00e1\u017en\u00fdch stav\u016f<\/a><\/p>\n\n\n\n<p class=\"has-light-blue-color has-text-color\"><a href=\"https:\/\/astragal.cz\/index.php\/doprovazeni-umirajiciho\/\">Doprov\u00e1zen\u00ed um\u00edraj\u00edc\u00edho<\/a><\/p>\n","protected":false},"excerpt":{"rendered":"<p>L\u00e9\u010den\u00ed b\u011b\u017en\u00fdch obt\u00ed\u017e\u00ed L\u00e9\u010den\u00ed chorob na z\u00e1n\u011btliv\u00e9m podkladu L\u00e9\u010den\u00ed onkologick\u00fdch onemocn\u011bn\u00ed L\u00e9\u010den\u00ed pacient\u016f na JIP a jin\u00fdch v\u00e1\u017en\u00fdch stav\u016f Doprov\u00e1zen\u00ed um\u00edraj\u00edc\u00edho<\/p>\n","protected":false},"author":1,"featured_media":0,"parent":0,"menu_order":0,"comment_status":"closed","ping_status":"closed","template":"","meta":{"_mc_calendar":[],"footnotes":""},"class_list":["post-7296","page","type-page","status-publish","hentry"],"_links":{"self":[{"href":"https:\/\/astragal.cz\/index.php\/wp-json\/wp\/v2\/pages\/7296","targetHints":{"allow":["GET"]}}],"collection":[{"href":"https:\/\/astragal.cz\/index.php\/wp-json\/wp\/v2\/pages"}],"about":[{"href":"https:\/\/astragal.cz\/index.php\/wp-json\/wp\/v2\/types\/page"}],"author":[{"embeddable":true,"href":"https:\/\/astragal.cz\/index.php\/wp-json\/wp\/v2\/users\/1"}],"replies":[{"embeddable":true,"href":"https:\/\/astragal.cz\/index.php\/wp-json\/wp\/v2\/comments?post=7296"}],"version-history":[{"count":14,"href":"https:\/\/astragal.cz\/index.php\/wp-json\/wp\/v2\/pages\/7296\/revisions"}],"predecessor-version":[{"id":10393,"href":"https:\/\/astragal.cz\/index.php\/wp-json\/wp\/v2\/pages\/7296\/revisions\/10393"}],"wp:attachment":[{"href":"https:\/\/astragal.cz\/index.php\/wp-json\/wp\/v2\/media?parent=7296"}],"curies":[{"name":"wp","href":"https:\/\/api.w.org\/{rel}","templated":true}]}}