{"id":733,"date":"2020-05-09T16:39:12","date_gmt":"2020-05-09T15:39:12","guid":{"rendered":"http:\/\/astragal.cz\/?page_id=733"},"modified":"2021-10-25T08:39:15","modified_gmt":"2021-10-25T07:39:15","slug":"nabozenske-smery-kde-je-pravda","status":"publish","type":"page","link":"https:\/\/astragal.cz\/index.php\/nabozenske-smery-kde-je-pravda\/","title":{"rendered":"N\u00e1bo\u017eensk\u00e9 sm\u011bry &#8211; kde je pravda"},"content":{"rendered":"\n<div class=\"wp-block-image\"><figure class=\"aligncenter size-large\"><img loading=\"lazy\" decoding=\"async\" width=\"330\" height=\"330\" src=\"https:\/\/astragal.cz\/wp-content\/uploads\/2021\/09\/330px-ReligijneSymbole.svg_.png\" alt=\"\" class=\"wp-image-3539\" srcset=\"https:\/\/astragal.cz\/wp-content\/uploads\/2021\/09\/330px-ReligijneSymbole.svg_.png 330w, https:\/\/astragal.cz\/wp-content\/uploads\/2021\/09\/330px-ReligijneSymbole.svg_-300x300.png 300w, https:\/\/astragal.cz\/wp-content\/uploads\/2021\/09\/330px-ReligijneSymbole.svg_-150x150.png 150w\" sizes=\"auto, (max-width: 330px) 100vw, 330px\" \/><\/figure><\/div>\n\n\n\n<p class=\"has-text-align-center has-blue-color has-text-color has-small-font-size\"><a href=\"https:\/\/cs.wikipedia.org\/wiki\/N\u00e1bo\u017eenstv\u00ed\">https:\/\/cs.wikipedia.org\/wiki\/N\u00e1bo\u017eenstv\u00ed<\/a><\/p>\n\n\n\n<p>Toto t\u00e9ma je velmi kontroverzn\u00ed a n\u00e1zory se n\u011bj velmi r\u016fzn\u00ed.&nbsp;<\/p>\n\n\n\n<p>M\u00fdm c\u00edlem je pouk\u00e1zat na fakt, kter\u00fd je pon\u011bkud opom\u00edjen\u00fd, ale zato\nz\u00e1sadn\u00ed.<\/p>\n\n\n\n<p>Moudrost cel\u00e9ho vesm\u00edru nen\u00ed slo\u017eena jen z jedn\u00e9 \u010d\u00e1sti, m\u00e1 spoustu\npodkategori\u00ed a d\u00edl\u010d\u00edch \u010d\u00e1st\u00ed &#8211; stejn\u011b tak je tomu i u lidsk\u00e9ho v\u011bd\u011bn\u00ed nebo\nu&nbsp;fungov\u00e1n\u00ed princip\u016f na zemi.<\/p>\n\n\n\n<p><strong>Proto je d\u016fle\u017eit\u00e9:<\/strong><\/p>\n\n\n\n<p>&#8211;&nbsp; neodsuzovat \u017e\u00e1dn\u00fd n\u00e1bo\u017eensk\u00fd sm\u011br,<\/p>\n\n\n\n<p>&#8211;&nbsp; um\u011bt vyu\u017e\u00edt to nejlep\u0161\u00ed z ka\u017ed\u00e9ho z nich,<\/p>\n\n\n\n<p>&#8211;&nbsp; respektovat existenci v\u00edce n\u00e1zor\u016f na stvo\u0159en\u00ed sv\u011bta\na&nbsp;fungov\u00e1n\u00ed vesm\u00edru,<\/p>\n\n\n\n<p>&#8211;&nbsp; uv\u011bdomovat si, \u017ee pravda nen\u00ed jen jedna, nen\u00ed jen \u010dern\u00e1 nebo b\u00edl\u00e1,<\/p>\n\n\n\n<p>&#8211;&nbsp; pochopit, \u017ee rozd\u00edlnost d\u011bl\u00e1 sv\u011bt kr\u00e1sn\u00fdm a bohat\u00fdm,<\/p>\n\n\n\n<p>&#8211;&nbsp; nedr\u017eet se urputn\u011b jen jedin\u00e9ho vyzn\u00e1n\u00ed, nebo\u0165 \u017e\u00e1dn\u00e9 jedin\u00e9 vyzn\u00e1n\u00ed\nneexistuje (ka\u017ed\u00e9 ze sou\u010dasn\u011b existuj\u00edc\u00edch n\u00e1bo\u017eenstv\u00ed v sob\u011b nese &#8211; a\u0165 chceme\nnebo nechceme &#8211;&nbsp;prvky n\u011bkter\u00e9ho dal\u0161\u00edho),<\/p>\n\n\n\n<p>&#8211;&nbsp; br\u00e1t v potaz i moudrost p\u0159edk\u016f a starov\u011bk\u00fdch civilizac\u00ed,<\/p>\n\n\n\n<p>&#8211;&nbsp; nechat se oslovit t\u00edm, co je pro n\u00e1s obohacuj\u00edc\u00ed (a\u0165 ji\u017e z\njak\u00e9hokoliv sm\u011bru &#8211; mimo praktik zneu\u017e\u00edvaj\u00edc\u00edch magie) a&nbsp;p\u0159ijmout to jako\ndal\u0161\u00ed d\u00edl ve skl\u00e1dance na\u0161ich znalost\u00ed a vnit\u0159n\u00edho sv\u011bta,<\/p>\n\n\n\n<p>&#8211;&nbsp; nesna\u017eit se naj\u00edt univerz\u00e1ln\u00ed vysv\u011btlen\u00ed (neexistuje),<\/p>\n\n\n\n<p>&#8211;&nbsp; uv\u011bdomit si, \u017ee v\u0161echna n\u00e1bo\u017eenstv\u00ed hl\u00e1saj\u00ed ve sv\u00e9 podstat\u011b to\nsam\u00e9,<\/p>\n\n\n\n<p>&#8211;&nbsp; v\u011bd\u011bt, \u017ee v\u0161echny n\u00e1bo\u017eensk\u00e9 sm\u011bry p\u0159esto, \u017ee jejich existence byla\novlivn\u011bna vesm\u00edrnou silou, byly vytvo\u0159eny lidmi. Tito lid\u00e9, hledali v&nbsp;psan\u00fdm\ntextech a legend\u00e1ch to, co hled\u00e1me dnes i my (tedy m\u00edr, jistotu, napln\u011bn\u00ed,\npochopen\u00ed v\u011bc\u00ed a d\u011bj\u016f). Rozd\u00edln\u00e9 jsou tyto vyzn\u00e1n\u00ed jen proto, \u017ee se utv\u00e1\u0159ely v\nr\u016fzn\u00fdch zem\u00edch jin\u00fdm zp\u016fsobem.<\/p>\n\n\n\n<p>&#8211;&nbsp; pochopit, \u017ee nez\u00e1le\u017e\u00ed na tom, jak\u00e1 cesta vede k dobru (zda cesta\nk\u0159es\u0165anstv\u00ed, judaismu, budhismu nebo isl\u00e1mu), ale na tom, \u017ee k n\u011bmu vede,<\/p>\n\n\n\n<p>&#8211;&nbsp; nenechat se ovlivnit davovou psych\u00f3zou n\u011bkter\u00fdch n\u00e1bo\u017eensk\u00fdch\nsm\u011br\u016f, nebo\u0165 ta st\u00edr\u00e1 p\u016fvodn\u00ed smysl a ni\u010d\u00ed individualitu jedince, jej\u00ed\u017e\nudr\u017een\u00ed, rozv\u00edjen\u00ed a zdokonalov\u00e1n\u00ed je&nbsp;pro duchovn\u00ed r\u016fst nezbytnost\u00ed.<\/p>\n\n\n\n<p class=\"has-blue-color has-text-color\">Pravda je v\u0161ude kolem n\u00e1s, v ka\u017ed\u00e9m z n\u00e1s. Pravda nen\u00ed jen jedna jedin\u00e1, nem\u011bnn\u00e1 a jist\u00e1.  Pohled na to, co je a nen\u00ed pravda se v \u010dase prom\u011b\u0148uje a dotv\u00e1\u0159\u00ed podle aktu\u00e1ln\u011b dosa\u017een\u00e9ho stupn\u011b v\u011bdom\u00ed jedince (dle toho, kolik je toho z vesm\u00edrn\u00e9 moudrosti doty\u010dn\u00fd schopen pochopit, porozum\u011bt a uvid\u011bt). Je to hlubok\u00e9 pozn\u00e1n\u00ed z\u00e1konitost\u00ed procesu na\u0161eho v\u00fdvoje a jeho sm\u011b\u0159ov\u00e1n\u00ed. <\/p>\n\n\n\n<p class=\"has-blue-color has-text-color\">Pravda nen\u00ed boj, ale sm\u00ed\u0159en\u00ed, spolupr\u00e1ce, l\u00e1ska a pokora&nbsp;ke v\u0161emu a ke\nv\u0161em.<\/p>\n\n\n\n<p>V\u011b\u0159\u00edm, \u017ee ka\u017ed\u00fd z V\u00e1s\ndojde pochopen\u00ed a nalezne v\u0161eobj\u00edmaj\u00edc\u00ed pravdu.<\/p>\n\n\n\n<p>Martina<\/p>\n","protected":false},"excerpt":{"rendered":"<p>https:\/\/cs.wikipedia.org\/wiki\/N\u00e1bo\u017eenstv\u00ed Toto t\u00e9ma je velmi kontroverzn\u00ed a n\u00e1zory se n\u011bj velmi r\u016fzn\u00ed.&nbsp; M\u00fdm c\u00edlem je pouk\u00e1zat na fakt, kter\u00fd je pon\u011bkud opom\u00edjen\u00fd, ale zato z\u00e1sadn\u00ed. Moudrost cel\u00e9ho vesm\u00edru nen\u00ed slo\u017eena jen z jedn\u00e9 \u010d\u00e1sti, m\u00e1 spoustu podkategori\u00ed a d\u00edl\u010d\u00edch \u010d\u00e1st\u00ed &#8211; stejn\u011b tak je tomu i u lidsk\u00e9ho v\u011bd\u011bn\u00ed nebo u&nbsp;fungov\u00e1n\u00ed princip\u016f na zemi. Proto [&hellip;]<\/p>\n","protected":false},"author":1,"featured_media":0,"parent":0,"menu_order":0,"comment_status":"closed","ping_status":"closed","template":"","meta":{"_mc_calendar":[],"footnotes":""},"class_list":["post-733","page","type-page","status-publish","hentry"],"_links":{"self":[{"href":"https:\/\/astragal.cz\/index.php\/wp-json\/wp\/v2\/pages\/733","targetHints":{"allow":["GET"]}}],"collection":[{"href":"https:\/\/astragal.cz\/index.php\/wp-json\/wp\/v2\/pages"}],"about":[{"href":"https:\/\/astragal.cz\/index.php\/wp-json\/wp\/v2\/types\/page"}],"author":[{"embeddable":true,"href":"https:\/\/astragal.cz\/index.php\/wp-json\/wp\/v2\/users\/1"}],"replies":[{"embeddable":true,"href":"https:\/\/astragal.cz\/index.php\/wp-json\/wp\/v2\/comments?post=733"}],"version-history":[{"count":7,"href":"https:\/\/astragal.cz\/index.php\/wp-json\/wp\/v2\/pages\/733\/revisions"}],"predecessor-version":[{"id":5015,"href":"https:\/\/astragal.cz\/index.php\/wp-json\/wp\/v2\/pages\/733\/revisions\/5015"}],"wp:attachment":[{"href":"https:\/\/astragal.cz\/index.php\/wp-json\/wp\/v2\/media?parent=733"}],"curies":[{"name":"wp","href":"https:\/\/api.w.org\/{rel}","templated":true}]}}