{"id":735,"date":"2020-05-09T16:39:33","date_gmt":"2020-05-09T15:39:33","guid":{"rendered":"http:\/\/astragal.cz\/?page_id=735"},"modified":"2021-10-20T11:16:45","modified_gmt":"2021-10-20T10:16:45","slug":"otazka-daru-schopnosti-duchovni-prace","status":"publish","type":"page","link":"https:\/\/astragal.cz\/index.php\/otazka-daru-schopnosti-duchovni-prace\/","title":{"rendered":"Ot\u00e1zka daru schopnost\u00ed duchovn\u00ed pr\u00e1ce"},"content":{"rendered":"\n<figure class=\"wp-block-image size-large\"><img loading=\"lazy\" decoding=\"async\" width=\"768\" height=\"1024\" src=\"https:\/\/astragal.cz\/wp-content\/uploads\/2021\/09\/Egypt-768x1024.jpg\" alt=\"\" class=\"wp-image-3543\" srcset=\"https:\/\/astragal.cz\/wp-content\/uploads\/2021\/09\/Egypt-768x1024.jpg 768w, https:\/\/astragal.cz\/wp-content\/uploads\/2021\/09\/Egypt-225x300.jpg 225w, https:\/\/astragal.cz\/wp-content\/uploads\/2021\/09\/Egypt.jpg 960w\" sizes=\"auto, (max-width: 768px) 100vw, 768px\" \/><\/figure>\n\n\n\n<p class=\"has-text-align-center has-blue-color has-text-color has-small-font-size\"><a href=\"https:\/\/www.duchovniboj.cz\/lecitelstvi\/\">https:\/\/www.duchovniboj.cz\/lecitelstvi\/<\/a><\/p>\n\n\n\n<p>\u010casto m\u016f\u017eete narazit na n\u00e1zor, \u017ee existuj\u00ed jen n\u011bkte\u0159\u00ed vyvolen\u00ed jedinci, kte\u0159\u00ed se duchovn\u00ed \u010dinnosti mohou v\u011bnovat a ostatn\u00ed jejich \u00farovn\u011b nemohou nikdy dos\u00e1hnout. <\/p>\n\n\n\n<p>Nen\u00ed to pravda. Dar duchovn\u00ed pr\u00e1ce a schopnost se du\u0161evn\u011b na r\u016fzn\u00fdch\n\u00farovn\u00edch rozv\u00edjet m\u00e1me v\u0161ichni, jen si ho ne v\u0161ichni uv\u011bdomujeme a ne v\u0161ichni\nho vyu\u017e\u00edv\u00e1me. D\u016fle\u017eit\u00e9 je tak\u00e9 podotknout, \u017ee \u010d\u00e1st z&nbsp;n\u00e1s se ve sv\u00e9m \u017eivot\u011b\nani duchovn\u00ed pr\u00e1ci v\u011bnovat nem\u00e1 &#8211; m\u00e1 zde jin\u00e9 posl\u00e1n\u00ed, \u00fakol.<\/p>\n\n\n\n<p><strong>V&nbsp;duchovn\u00ed\noblasti se setk\u00e1me s&nbsp;t\u011bmito skupinami lid\u00ed:<\/strong><\/p>\n\n\n\n<ol class=\"wp-block-list\"><li>Ti, kte\u0159\u00ed se ji\u017e narod\u00ed s\u00a0neoby\u010dejn\u00fdm talentem a schopnostmi, ov\u0161em toto z\u00e1zra\u010dn\u00e9 v\u011bd\u011bn\u00ed p\u0159edstavuj\u00ed jejich &#8222;\u00faroky&#8220;\u00a0z d\u0159\u00edv\u011bj\u0161\u00edch \u017eivot\u016f. Za\u010d\u00ednaj\u00ed sice od za\u010d\u00e1tku, ale za to raketovou rychlost\u00ed. Rychle p\u0159eskakuj\u00ed ty, kte\u0159\u00ed za\u010dali se studiem ve stejnou dobu, a zd\u00e1 se, jako by v\u0161e znali ji\u017e z\u00a0d\u0159\u00edv\u011bj\u0161\u00ed doby. V\u00a0pr\u016fb\u011bhu sv\u00e9 cesty jsou pak vystaveni mnoha zkou\u0161k\u00e1m, zda z opravdov\u00e9 duchovn\u00ed \u010dinnosti sejdou \u010di na ni vytrvaj\u00ed a cel\u00fd sv\u016fj \u017eivot zasv\u011bt\u00ed pomoci druh\u00fdm. Jestli\u017ee takto obdarovan\u00ed cestou propadnou mamonu pen\u011bz, moci, ega \u010di jakkoli zneu\u017eij\u00ed svoji s\u00edlu \u010di moc, dar je jim okam\u017eit\u011b odebr\u00e1n. T\u011bchto lid\u00ed nen\u00ed mnoho.<\/li><\/ol>\n\n\n\n<ul class=\"wp-block-list\"><li>Ti,kte\u0159\u00ed se narod\u00ed\npouze s podv\u011bdom\u00fdm pocitem, \u017ee existuje n\u011bco mezi nebem a zem\u00ed, a \u010dasem se\nstudiu t\u011bchto v\u011bc\u00ed za\u010dnou v\u011bnovat. Je i ur\u010dit\u00e9 procento t\u011bch, kte\u0159\u00ed se spokoj\u00ed\ns&nbsp;t\u00edmto pocitem a d\u00e1le se ji\u017e duchovn\u011b nerozv\u00edj\u00ed. T\u011bchto jedinc\u016f je zat\u00edm\nnejv\u00edce.<\/li><\/ul>\n\n\n\n<ul class=\"wp-block-list\"><li>Ti, kte\u0159\u00ed jednaj\u00ed z\u00a0ega, ze strachu o ztr\u00e1tu sv\u00e9 pozice a moci. V\u011bt\u0161inou je najdeme na pozic\u00edch samozvan\u00fdch duchovn\u00edch v\u016fdc\u016f, kte\u0159\u00ed si nutn\u011b pot\u0159ebuj\u00ed dr\u017eet pozici v\u00fdjime\u010dnosti a nadpozemskosti. V\u00a0z\u00e1kladu tito jedinci \u017e\u00e1dn\u00fd zvl\u00e1\u0161tn\u00ed dar nemaj\u00ed nebo o n\u011bj sv\u00fdm jedn\u00e1n\u00edm p\u0159i\u0161li \u010di p\u0159ijdou. T\u011bchto je v\u00a0sou\u010dasn\u00e9 dob\u011b bohu\u017eel st\u00e1le hodn\u011b.<\/li><\/ul>\n\n\n\n<ul class=\"wp-block-list\"><li>A v&nbsp;neposledn\u00ed\n\u0159ad\u011b jsou tu ti, kte\u0159\u00ed se narod\u00ed jako ateist\u00e9 a ateisty bu\u010f z\u016fstanou, nebo se\njim v \u017eivot\u011b p\u0159ihod\u00ed situace, kter\u00e1 je duchovn\u00ed probud\u00ed a oni na z\u00e1klad\u011b toho sv\u016fj\npostoj p\u0159ehodnot\u00ed. <\/li><\/ul>\n\n\n\n<p>Co je v\u0161ak podstatn\u00e9, je to, \u017ee v\u0161ichni m\u00e1me v\u00edce m\u00e9n\u011b stejnou mo\u017enost\nduchovn\u011b pracovat a je jen na n\u00e1s, zda ji vyu\u017eijeme \u010di nikoli. A stejn\u011b tak je\njen na n\u00e1s, jak se v&nbsp;jej\u00edm pr\u016fb\u011bhu budeme chovat. <\/p>\n\n\n\n<p>N\u011bkdo mus\u00ed pracovat cel\u00fd \u017eivot s\u00e1m (nejsou mu p\u0159id\u011bleni pr\u016fvodci), jin\u00fd m\u00e1\ntrochu usnadn\u011bno a m\u00e1 pomocn\u00edky na ur\u010ditou \u010d\u00e1st cesty a n\u011bkomu jsou u\u010ditel\u00e9\np\u0159id\u011bleni po celou dobu. Ka\u017ed\u00e9mu z n\u00e1s je d\u00e1na n\u011bjak\u00e1 cesta, kter\u00e1 pln\u011b\nodpov\u00edd\u00e1 jeho pot\u0159eb\u00e1m, i kdy\u017e to z po\u010d\u00e1tku takto nevn\u00edm\u00e1. Proto nen\u00ed pot\u0159eba\ndop\u0159edu v\u011bd\u011bt, jak se na\u0161e cesta pozn\u00e1n\u00ed bude odv\u00edjet, ale na tuto cestu se\nrozhodnout vydat a d\u016fv\u011b\u0159ovat vesm\u00edru, \u017ee v\u0161e \u0159\u00edd\u00ed tak, jak m\u00e1.<\/p>\n\n\n\n<p>Duchovn\u00ed pr\u00e1ce a jej\u00ed m\u00edra se odv\u00edj\u00ed podle vyzr\u00e1losti Va\u0161\u00ed du\u0161e a \u00farovn\u00ed,\nkter\u00e9 jste ji\u017e kdysi d\u0159\u00edve dos\u00e1hli. Tak\u017ee onen v\u00fd\u0161e zmi\u0148ovan\u00fd dar p\u0159i narozen\u00ed\n(vstupu do tohoto sv\u011bta) je pouh\u00fdm Va\u0161\u00edm dosa\u017een\u00fdm v\u00fdsledkem z minul\u00fdch \u017eivot\u016f.\nProto je ka\u017ed\u00e9ho \u017eivotn\u00ed pou\u0165 jin\u00e1 a zam\u011b\u0159en\u00e1 na n\u011bco jin\u00e9ho a m\u00e1 sv\u016fj \u010das, kdy\nzapo\u010dne a kdy skon\u010d\u00ed.Proto n\u011bkdo pracuje duchovn\u011b intenzivn\u011b a n\u011bkdo v\u016fbec. V\u0161e\nje v&nbsp;po\u0159\u00e1dku a je to tak, jak to m\u00e1 b\u00fdt.<\/p>\n\n\n\n<p>Pokud je \u010dlov\u011bk piln\u00fd, odhodlan\u00fd, je mu to d\u00e1no a vytrv\u00e1, m\u016f\u017ee \u010dasem dos\u00e1hnout v\u0161ech stup\u0148\u016f v\u00fdvoje. M\u016f\u017ee se v\u011bnovat jak\u00e9koli oblasti, kterou si vybere (l\u00e9\u010ditelstv\u00ed, karty apod.) a k&nbsp;n\u00ed\u017e se vytrval\u00fdm studiem, pokorou a prax\u00ed propracuje. <\/p>\n","protected":false},"excerpt":{"rendered":"<p>https:\/\/www.duchovniboj.cz\/lecitelstvi\/ \u010casto m\u016f\u017eete narazit na n\u00e1zor, \u017ee existuj\u00ed jen n\u011bkte\u0159\u00ed vyvolen\u00ed jedinci, kte\u0159\u00ed se duchovn\u00ed \u010dinnosti mohou v\u011bnovat a ostatn\u00ed jejich \u00farovn\u011b nemohou nikdy dos\u00e1hnout. Nen\u00ed to pravda. Dar duchovn\u00ed pr\u00e1ce a schopnost se du\u0161evn\u011b na r\u016fzn\u00fdch \u00farovn\u00edch rozv\u00edjet m\u00e1me v\u0161ichni, jen si ho ne v\u0161ichni uv\u011bdomujeme a ne v\u0161ichni ho vyu\u017e\u00edv\u00e1me. D\u016fle\u017eit\u00e9 je tak\u00e9 [&hellip;]<\/p>\n","protected":false},"author":1,"featured_media":0,"parent":0,"menu_order":0,"comment_status":"closed","ping_status":"closed","template":"","meta":{"_mc_calendar":[],"footnotes":""},"class_list":["post-735","page","type-page","status-publish","hentry"],"_links":{"self":[{"href":"https:\/\/astragal.cz\/index.php\/wp-json\/wp\/v2\/pages\/735","targetHints":{"allow":["GET"]}}],"collection":[{"href":"https:\/\/astragal.cz\/index.php\/wp-json\/wp\/v2\/pages"}],"about":[{"href":"https:\/\/astragal.cz\/index.php\/wp-json\/wp\/v2\/types\/page"}],"author":[{"embeddable":true,"href":"https:\/\/astragal.cz\/index.php\/wp-json\/wp\/v2\/users\/1"}],"replies":[{"embeddable":true,"href":"https:\/\/astragal.cz\/index.php\/wp-json\/wp\/v2\/comments?post=735"}],"version-history":[{"count":4,"href":"https:\/\/astragal.cz\/index.php\/wp-json\/wp\/v2\/pages\/735\/revisions"}],"predecessor-version":[{"id":4560,"href":"https:\/\/astragal.cz\/index.php\/wp-json\/wp\/v2\/pages\/735\/revisions\/4560"}],"wp:attachment":[{"href":"https:\/\/astragal.cz\/index.php\/wp-json\/wp\/v2\/media?parent=735"}],"curies":[{"name":"wp","href":"https:\/\/api.w.org\/{rel}","templated":true}]}}