{"id":737,"date":"2020-05-09T16:39:52","date_gmt":"2020-05-09T15:39:52","guid":{"rendered":"http:\/\/astragal.cz\/?page_id=737"},"modified":"2021-10-20T11:55:08","modified_gmt":"2021-10-20T10:55:08","slug":"podstata-naseho-byti","status":"publish","type":"page","link":"https:\/\/astragal.cz\/index.php\/podstata-naseho-byti\/","title":{"rendered":"Podstata na\u0161eho byt\u00ed"},"content":{"rendered":"\n<div class=\"wp-block-image\"><figure class=\"aligncenter size-large\"><img loading=\"lazy\" decoding=\"async\" width=\"480\" height=\"372\" src=\"https:\/\/astragal.cz\/wp-content\/uploads\/2021\/09\/Crystalline_Spark.jpg\" alt=\"\" class=\"wp-image-3548\" srcset=\"https:\/\/astragal.cz\/wp-content\/uploads\/2021\/09\/Crystalline_Spark.jpg 480w, https:\/\/astragal.cz\/wp-content\/uploads\/2021\/09\/Crystalline_Spark-300x233.jpg 300w\" sizes=\"auto, (max-width: 480px) 100vw, 480px\" \/><\/figure><\/div>\n\n\n\n<p class=\"has-text-align-center has-blue-color has-text-color has-small-font-size\"><a href=\"http:\/\/inner-light.ning.com\/forum\/topics\/jak-vypadaji-vase-vyssi-ja-a-jak-se-s-nimi-muzete-propojit\">http:\/\/inner-light.ning.com\/forum\/topics\/jak-vypadaji-vase-vyssi-ja-a-jak-se-s-nimi-muzete-propojit<\/a><\/p>\n\n\n\n<p>Ka\u017ed\u00fd z n\u00e1s se ji\u017e alespo\u0148 jednou v \u017eivot\u011b touto ot\u00e1zkou zab\u00fdval&#8230;. pro\u010d jsem tady, co je m\u00fdm \u00fakolem &#8211; jak\u00e9 m\u00e1m posl\u00e1n\u00ed, jak\u00fd smysl m\u00e1 tato lidsk\u00e1 existence&#8230;.?<\/p>\n\n\n\n<p>Odpov\u011b\u010f je velmi jednoduch\u00e1.<\/p>\n\n\n\n<p>Podstatou byt\u00ed, tedy existence ka\u017ed\u00e9ho \u010dlov\u011bka, je\nnalezen\u00ed&nbsp;podstaty t\u00e9to existence ve smyslu rozpomenut\u00ed si na d\u016fvod, pro\u010d\nsi vybral \u017eivot zde na zemi. Jak\u00e9 \u00fakoly si stanovil, kter\u00fdmi procesy a pro\u010d\ncht\u011bl v\u011bdom\u011b proj\u00edt.<\/p>\n\n\n\n<p>Z\u00edsk\u00e1n\u00ed odpov\u011bd\u00ed na tyto ot\u00e1zky se rovn\u00e1 dlouh\u00e9 duchovn\u00ed pouti,\nkde si pomalu rozpom\u00edn\u00e1me a uv\u011bdomujeme souvislosti a na jej\u00edm\u017e konci m\u016f\u017eeme\n(jsme schopni) splynout sami se sebou.<\/p>\n\n\n\n<p>N\u011bkdy jsou chv\u00edle, kdy se c\u00edt\u00edme bezradn\u00ed, opu\u0161t\u011bn\u00ed a bez\nsm\u011bru&#8230;to je v po\u0159\u00e1dku, i to je sou\u010d\u00e1st r\u016fstu&#8230; D\u016fle\u017eit\u00e9 je cht\u00edt pochopit a\nvniknout do nitra sama sebe a b\u00fdt otev\u0159en\u00ed tomu, co sami sob\u011b chceme sd\u011blit (v\nna\u0161em nev\u011bdom\u00ed jsou tyto informace st\u00e1le ulo\u017eeny). Pokud se n\u00e1m samotn\u00fdm neda\u0159\u00ed\nse zorientovat nebo pochopit obsah, je dobr\u00e9 po\u017e\u00e1dat sv\u00e9 pr\u016fvodce o pomoc.<\/p>\n\n\n\n<p>N\u011bkdo si \u017eivot zde na zemi zvolil proto, aby pom\u00e1hal druh\u00fdm, jin\u00fd\naby je u\u010dil, dal\u0161\u00ed proto aby byl n\u011bkoho pr\u016fvodcem&#8230;.v ka\u017ed\u00e9m p\u0159\u00edpad\u011b, to\ncht\u011blo velkou odvahu a odhodl\u00e1n\u00ed, aby jsme se vydali do takto materi\u00e1ln\u011b\nzam\u011b\u0159en\u00e9ho sv\u011bta s tak n\u00edzkou \u00farovn\u00ed sv\u011bteln\u00fdch vibrac\u00ed. N\u011bkte\u0159\u00ed z&nbsp;n\u00e1s se\npro tento \u017eivot rozhodli pro pozn\u00e1n\u00ed stavu utrpen\u00ed, proto se v&nbsp;ve sv\u00fdch\n\u017eivotech nal\u00e9zaj\u00ed v&nbsp;ur\u010dit\u00fdch situac\u00ed, kter\u00e9 toto pozn\u00e1n\u00ed umo\u017e\u0148uj\u00ed. Tento\nprogram je stanoven bu\u010f pro cel\u00fd \u017eivot nebo jen na jeho \u010d\u00e1st. Proto n\u011bkte\u0159\u00ed\nlid\u00e9 za\u017e\u00edvaj\u00ed utrpen\u00ed nap\u0159. hned po narozen\u00ed (vrozen\u00e9 vady, t\u00fdr\u00e1n\u00ed\nv&nbsp;rodin\u011b aj.) a jin\u00ed a\u017e v&nbsp;pr\u016fb\u011bhu \u017eivota (\u00faraz, chudoba apod.). V\u0161e\nse odehr\u00e1v\u00e1 pouze pro z\u00edsk\u00e1n\u00ed zku\u0161enosti, kterou na\u0161e du\u0161e nutn\u011b pot\u0159ebuje pro\nsvoji dal\u0161\u00ed cestu a v\u00fdvoj.<\/p>\n\n\n\n<p>D\u0159\u00edve, ne\u017e-li je \u010dlov\u011bk, kter\u00fd se rozhodl pro \u017eivot na zemi,&nbsp;schopen\nse rozpomenout funguje jako d\u00edt\u011b, u\u010d\u00ed se v\u0161echno o duchovn\u00ed rovin\u011b od za\u010d\u00e1tku\n(jen mu to jde mnohem rychleji ne\u017e t\u011bm, kte\u0159\u00ed sem ne\u0161li za \u00fa\u010delem pomoci jin\u00fdm,\nale t\u0159eba z d\u016fvodu nutnosti do\u0159e\u0161en\u00ed ur\u010dit\u00e9 \u00farovn\u011b duchovn\u00edho byt\u00ed).<\/p>\n\n\n\n<p>Odpov\u011bdi nato, pro\u010d jste zde, m\u00e1te ulo\u017eeny sami v sob\u011b (na\nnejjist\u011bj\u0161\u00edm a nejh\u016f\u0159e dostupn\u00e9m m\u00edst\u011b \u2013 ve Va\u0161\u00ed du\u0161i, jak d\u016fmysln\u00e9,\nnemysl\u00edte&#8230; A a\u017e dozrajete (projdete nutnou cestou a v\u00fdvojem), dojdete pozn\u00e1n\u00ed\n(odhal\u00edte kdo jste i pro\u010d jste tady).<\/p>\n\n\n\n<p>Pracujte na sob\u011b, v\u011bnujte se meditaci, sebevzd\u011bl\u00e1vejte se,\nhledejte informace,&nbsp;v\u0161\u00edmejte si toho, co se kolem v\u00e1s d\u011bje (lid\u00e9 a situace\njsou zrcadlem) a&nbsp;ono to p\u0159ijde.<\/p>\n\n\n\n<p class=\"has-blue-color has-text-color\"><strong>Pamatujte:<\/strong><\/p>\n\n\n\n<p class=\"has-blue-color has-text-color\">NIKDO NEN\u00cd VA\u0160\u00cdM P\u0158\u00cdTELEM, NIKDO NEN\u00cd VA\u0160\u00cdM NEP\u0158\u00cdTELEM &#8211; KA\u017dD\u00dd \u010cLOV\u011aK A KA\u017dD\u00c1&nbsp;SITUACE JE VA\u0160\u00cdM U\u010cITELEM.<\/p>\n\n\n\n<p>Martina <\/p>\n","protected":false},"excerpt":{"rendered":"<p>http:\/\/inner-light.ning.com\/forum\/topics\/jak-vypadaji-vase-vyssi-ja-a-jak-se-s-nimi-muzete-propojit Ka\u017ed\u00fd z n\u00e1s se ji\u017e alespo\u0148 jednou v \u017eivot\u011b touto ot\u00e1zkou zab\u00fdval&#8230;. pro\u010d jsem tady, co je m\u00fdm \u00fakolem &#8211; jak\u00e9 m\u00e1m posl\u00e1n\u00ed, jak\u00fd smysl m\u00e1 tato lidsk\u00e1 existence&#8230;.? Odpov\u011b\u010f je velmi jednoduch\u00e1. Podstatou byt\u00ed, tedy existence ka\u017ed\u00e9ho \u010dlov\u011bka, je nalezen\u00ed&nbsp;podstaty t\u00e9to existence ve smyslu rozpomenut\u00ed si na d\u016fvod, pro\u010d si vybral \u017eivot zde [&hellip;]<\/p>\n","protected":false},"author":1,"featured_media":0,"parent":0,"menu_order":0,"comment_status":"closed","ping_status":"closed","template":"","meta":{"_mc_calendar":[],"footnotes":""},"class_list":["post-737","page","type-page","status-publish","hentry"],"_links":{"self":[{"href":"https:\/\/astragal.cz\/index.php\/wp-json\/wp\/v2\/pages\/737","targetHints":{"allow":["GET"]}}],"collection":[{"href":"https:\/\/astragal.cz\/index.php\/wp-json\/wp\/v2\/pages"}],"about":[{"href":"https:\/\/astragal.cz\/index.php\/wp-json\/wp\/v2\/types\/page"}],"author":[{"embeddable":true,"href":"https:\/\/astragal.cz\/index.php\/wp-json\/wp\/v2\/users\/1"}],"replies":[{"embeddable":true,"href":"https:\/\/astragal.cz\/index.php\/wp-json\/wp\/v2\/comments?post=737"}],"version-history":[{"count":5,"href":"https:\/\/astragal.cz\/index.php\/wp-json\/wp\/v2\/pages\/737\/revisions"}],"predecessor-version":[{"id":4590,"href":"https:\/\/astragal.cz\/index.php\/wp-json\/wp\/v2\/pages\/737\/revisions\/4590"}],"wp:attachment":[{"href":"https:\/\/astragal.cz\/index.php\/wp-json\/wp\/v2\/media?parent=737"}],"curies":[{"name":"wp","href":"https:\/\/api.w.org\/{rel}","templated":true}]}}