{"id":739,"date":"2020-05-09T16:40:11","date_gmt":"2020-05-09T15:40:11","guid":{"rendered":"http:\/\/astragal.cz\/?page_id=739"},"modified":"2023-07-07T19:14:33","modified_gmt":"2023-07-07T18:14:33","slug":"prace-s-energii","status":"publish","type":"page","link":"https:\/\/astragal.cz\/index.php\/prace-s-energii\/","title":{"rendered":"Pr\u00e1ce s energi\u00ed"},"content":{"rendered":"<div class=\"wp-block-image\">\n<figure class=\"aligncenter size-large\"><img loading=\"lazy\" decoding=\"async\" width=\"394\" height=\"305\" src=\"https:\/\/astragal.cz\/wp-content\/uploads\/2021\/09\/image1-1.jpg\" alt=\"\" class=\"wp-image-3551\" srcset=\"https:\/\/astragal.cz\/wp-content\/uploads\/2021\/09\/image1-1.jpg 394w, https:\/\/astragal.cz\/wp-content\/uploads\/2021\/09\/image1-1-300x232.jpg 300w\" sizes=\"auto, (max-width: 394px) 100vw, 394px\" \/><\/figure><\/div>\n\n\n<p class=\"has-text-align-center has-blue-color has-text-color has-small-font-size\"><a href=\"http:\/\/kranio-sakralni-terapie.cz\/sluzby\/prace-s-energii\/\">http:\/\/kranio-sakralni-terapie.cz\/sluzby\/prace-s-energii\/<\/a><\/p>\n\n\n\n<p>Pr\u00e1ce s energi\u00ed je v\u011bc\u00ed velmi o\u0161emetnou a potenci\u00e1ln\u011b nebezpe\u010dnou.<\/p>\n\n\n\n<p class=\"has-blue-color has-text-color\"><strong>Co je to vesm\u00edrn\u00e1 energie a jak p\u016fsob\u00ed?<\/strong><\/p>\n\n\n\n<p>Vesm\u00edrn\u00e1 energie je \u010distou energi\u00ed, kter\u00e1 poch\u00e1z\u00ed ze zdroje, kter\u00fd nen\u00ed zat\u011b\u017ek\u00e1n negativn\u00edmi vzorci my\u0161lenek ani ni\u010d\u00edm jin\u00fdm. Jedn\u00e1 se o praz\u00e1kladn\u00ed energii na\u0161eho sv\u011bta a jeho stvo\u0159en\u00ed. Jedn\u00e1 se bo\u017eskou, v\u0161eobj\u00edmaj\u00edc\u00ed energii.<\/p>\n\n\n\n<p>Je ale d\u016fle\u017eit\u00e9 si uv\u011bdomit, \u017ee v\u0161e na sv\u011bt\u011b m\u00e1 dva p\u00f3ly &#8211; dv\u011b strany jedn\u00e9 mince a \u017ee sou\u010d\u00e1st\u00ed kladn\u00e9 energie je i jej\u00ed z\u00e1porn\u00e1 \u010d\u00e1st.<\/p>\n\n\n\n<p>Tak\u017ee jak\u00e1koli c\u00edlen\u00e1 pr\u00e1ce s energi\u00ed v\u017edy p\u0159edstavuje pohybov\u00e1n\u00ed se na hran\u011b.<\/p>\n\n\n\n<p>Je pot\u0159eba si uv\u011bdomit, \u017ee ur\u010dit\u00e1 m\u00edsta a jejich nejbli\u017e\u0161\u00ed okol\u00ed mohou b\u00fdt ji\u017e energeticky zane\u0161en\u00e1 a proto je dobr\u00e9 si je obez\u0159etn\u011b vyb\u00edrat. <\/p>\n\n\n\n<p><strong>Zvl\u00e1\u0161tn\u00ed pozor byste si m\u011bli d\u00e1t na m\u00edsta:<\/strong><\/p>\n\n\n\n<ul class=\"wp-block-list\"><li>M\u00edsta s&nbsp;podzemn\u00ed vodou<\/li><li>B\u00fdval\u00e1 i sou\u010dasn\u00e1 poh\u0159ebi\u0161t\u011b<\/li><li>M\u00edsta v&nbsp;bl\u00edzkosti zvl\u00e1\u0161tn\u00edch jev\u016f (nap\u0159. strom ob\u011b\u0161enc\u016f)<\/li><li>M\u00edsta s&nbsp;dramatickou histori\u00ed (boji\u0161t\u011b, m\u00edsta, kde se odehr\u00e1lo n\u011bjak\u00e9\nutrpen\u00ed, m\u00edsta \u010dast\u00fdch nehod apod.)<\/li><li>M\u00edsta, z&nbsp;nich\u017e nem\u00e1te intuitivn\u011b dobr\u00fd pocit<\/li><li>M\u00edsta zn\u00e1m\u00e1 jako prostory, kde se prov\u00e1d\u00ed \u010di prov\u00e1d\u011bli ritu\u00e1ly (nap\u0159. v\u0161em\nzn\u00e1m\u00fd stonehenge, pyramidy v&nbsp;Mexiku apod.)<\/li><li>m\u00edsta s&nbsp;menhiry, jejich\u017e historick\u00e9 vyu\u017eit\u00ed nezn\u00e1me (objevuj\u00ed se i\nv&nbsp;\u010desku)<\/li><li>M\u00edsta ozna\u010dov\u00e1na jako m\u00edsta, na nich\u017e se vyskytuj\u00ed nevysv\u011btliteln\u00e9 jevy a\n\u00fakazy<\/li><li>Star\u00e9 domy a jin\u00e9 star\u00e9 budovy<\/li><li>M\u00edsta, o kter\u00fdch v\u00edte, \u017ee jsou zat\u00ed\u017eena geopatogenn\u00edmi z\u00f3nami<\/li><\/ul>\n\n\n\n<p><strong>V&nbsp;p\u0159\u00edpad\u011b pr\u00e1ce se zemsk\u00fdmi zdroji, je d\u016fle\u017eit\u00e9 zm\u00ednit je\u0161t\u011b jedno upozorn\u011bn\u00ed: <\/strong><\/p>\n\n\n\n<p>Pokud se r\u00e1di nab\u00edj\u00edte nap\u0159. ze strom\u016f, pozor na to, abyste jim neubl\u00ed\u017eili\n(v\u017edy je nutno strom po\u017e\u00e1dat o dovolen\u00ed a energii si br\u00e1t postupn\u011b \u2013\nnezapome\u0148te je to ritu\u00e1l, nen\u00ed dobr\u00e9 strom \u201ezalehnout\u201c nebo \u201emajetnicky\u201c\nobejmout, ale pomal\u00fdmi pohyby rukou si energii postupn\u011b jakoby p\u0159el\u00e9vat na\nsebe). <\/p>\n\n\n\n<p>Tento postup mi byl uk\u00e1z\u00e1n p\u0159i pobytu v&nbsp;\u010c\u00edn\u011b jako nej\u0161etrn\u011bj\u0161\u00ed a\nvhodn\u00fd.<\/p>\n\n\n\n<p>D\u00e1le je tak\u00e9 pot\u0159eba si dan\u00fd strom p\u0159ed prac\u00ed s&nbsp;jeho energi\u00ed &nbsp;\u201ena\u010d\u00edst\u201c, zda se jedn\u00e1 o nezat\u00ed\u017een\u00e9 m\u00edsto,\nnap\u0159. \u201eStrom ob\u011b\u0161enc\u016f\u201c apod.<\/p>\n\n\n\n<p><strong>V\u017edy, ne\u017e za\u010dnete jakoukoli extern\u00ed energii \u010derpat, je pot\u0159eba po\u017e\u00e1dat s&nbsp;pokorou a srdcem dan\u00fd zdroj o dovolen\u00ed si ji vz\u00edt a pracovat s n\u00ed.<\/strong><\/p>\n\n\n\n<p>Tak\u00e9 doporu\u010duji p\u0159ed zah\u00e1jen\u00edm o\u010di\u0161t\u011bn\u00ed se od negativn\u00ed energie po\u017e\u00e1dat, aby v\u0161e z\u00e1t\u011b\u017eov\u00e9 z&nbsp;V\u00e1s (negativn\u00ed emoce, nemoc apod.), co budete odevzd\u00e1vat, zem\u00ed \u010di \u00e9terem jen pro\u0161lo a bylo zpracov\u00e1no tak, \u017ee zanechan\u00e9 neubl\u00ed\u017e\u00ed nikomu, kdo na m\u00edsto p\u0159ijde po V\u00e1s.<\/p>\n\n\n\n<p>Pokud je v\u0161echno v&nbsp;po\u0159\u00e1dku a nic nebr\u00e1n\u00ed Va\u0161\u00ed pr\u00e1ci s&nbsp;energi\u00ed\nonoho m\u00edsta \u010di v\u011bci m\u011bli byste c\u00edtit radostn\u00fd a uvol\u0148uj\u00edc\u00ed pocit a p\u0159ijet\u00ed\nenergie by m\u011blo prob\u00edhat snadno a lehce.&nbsp;\n<\/p>\n\n\n\n<p>P\u0159i nab\u00edjen\u00ed se ze zdroje je nej\u00fa\u010dinn\u011bj\u0161\u00ed je nechat se touto\nenergi\u00ed zcela prostoupit (pozn\u00e1te to podle toho, \u017ee se c\u00edt\u00edte najednou lehc\u00ed,\nchce se V\u00e1m usm\u00edvat). Podstatn\u00e9 je b\u011bhem tohoto procesu tak\u00e9 spr\u00e1vn\u011b d\u00fdchat\n(hlubok\u00fd n\u00e1dech z Va\u0161eho t\u011bla usnad\u0148uje a urychluje cel\u00fd prob\u00edhaj\u00edc\u00ed proces).<\/p>\n\n\n\n<p>Pokud se o\u010di\u0161\u0165ujete je d\u016fle\u017eit\u00e9 postup opakovat tak dlouho, dokud\nz&nbsp;V\u00e1s v\u0161echen vztek, bolest, vy\u010derp\u00e1n\u00ed i starosti postupn\u011b miz\u00ed. I zde je\nkl\u00ed\u010dovou \u010d\u00e1st\u00ed procesu spr\u00e1vn\u00e9 d\u00fdch\u00e1n\u00ed (hlubok\u00fd n\u00e1dech z Va\u0161eho t\u011bla a mysli\nsb\u00edr\u00e1 v\u0161e \u0161patn\u00e9 a hlubok\u00fd v\u00fddech v\u0161e odevzd\u00e1v\u00e1 vesm\u00edru nebo zemi &#8211; podle toho\ns jak\u00fdm zdrojem pracujete).<\/p>\n\n\n\n<p>A\u017e budete c\u00edtit, \u017ee jsou Va\u0161e s\u00edly\nobnoveny, pod\u011bkujte zdroji za jeho pomoc a energii, kterou V\u00e1m dal, a\nzape\u010de\u0165te sv\u016fj stav, aby dlouho vydr\u017eel neporu\u0161en (pe\u010de\u0165 se d\u011bl\u00e1 tak, \u017ee p\u0159ed\nsv\u00fdm t\u011blem provedete rukou le\u017eatou osmi\u010dku p\u0159edstavuj\u00edc\u00ed nekone\u010dno).<\/p>\n\n\n\n<p>Stejn\u011b tak, pokud je n\u011bkdo z&nbsp;Va\u0161ich bl\u00edzk\u00fdch vy\u010derp\u00e1n, nemocen a\npot\u0159ebuje Va\u0161i pomoc (nen\u00ed schopen doplnit si energii s\u00e1m), d\u00e1vejte pozor na\nto, abyste ho \u201enedob\u00edjeli\u201c svoji, ale abyste mu poskytli energii ze zdroje. <\/p>\n\n\n\n<p>V&nbsp;tomto p\u0159\u00edpad\u011b je dobr\u00e9, po\u017e\u00e1dat sv\u00e9 duchovn\u00ed pr\u016fvodce, and\u011bly \u010di\njin\u00e9 bytosti sv\u011btla, aby V\u00e1m p\u0159itom pomohly a dohl\u00eddly na to, \u017ee v\u0161e prob\u011bhne\ntak, jak m\u00e1 a nikomu nebude ubl\u00ed\u017eeno. <\/p>\n\n\n\n<p class=\"has-blue-color has-text-color\">Ide\u00e1ln\u00ed je se sebe nebo za doty\u010dn\u00e9ho pomodlit a pozitivn\u00edmi my\u0161lenkami mu pom\u00e1hat k\u00a0nalezen\u00ed spr\u00e1vn\u00e9ho zdroje a cesty.<\/p>\n","protected":false},"excerpt":{"rendered":"<p>http:\/\/kranio-sakralni-terapie.cz\/sluzby\/prace-s-energii\/ Pr\u00e1ce s energi\u00ed je v\u011bc\u00ed velmi o\u0161emetnou a potenci\u00e1ln\u011b nebezpe\u010dnou. Co je to vesm\u00edrn\u00e1 energie a jak p\u016fsob\u00ed? Vesm\u00edrn\u00e1 energie je \u010distou energi\u00ed, kter\u00e1 poch\u00e1z\u00ed ze zdroje, kter\u00fd nen\u00ed zat\u011b\u017ek\u00e1n negativn\u00edmi vzorci my\u0161lenek ani ni\u010d\u00edm jin\u00fdm. Jedn\u00e1 se o praz\u00e1kladn\u00ed energii na\u0161eho sv\u011bta a jeho stvo\u0159en\u00ed. Jedn\u00e1 se bo\u017eskou, v\u0161eobj\u00edmaj\u00edc\u00ed energii. Je ale d\u016fle\u017eit\u00e9 [&hellip;]<\/p>\n","protected":false},"author":1,"featured_media":0,"parent":0,"menu_order":0,"comment_status":"closed","ping_status":"closed","template":"","meta":{"_mc_calendar":[],"footnotes":""},"class_list":["post-739","page","type-page","status-publish","hentry"],"_links":{"self":[{"href":"https:\/\/astragal.cz\/index.php\/wp-json\/wp\/v2\/pages\/739","targetHints":{"allow":["GET"]}}],"collection":[{"href":"https:\/\/astragal.cz\/index.php\/wp-json\/wp\/v2\/pages"}],"about":[{"href":"https:\/\/astragal.cz\/index.php\/wp-json\/wp\/v2\/types\/page"}],"author":[{"embeddable":true,"href":"https:\/\/astragal.cz\/index.php\/wp-json\/wp\/v2\/users\/1"}],"replies":[{"embeddable":true,"href":"https:\/\/astragal.cz\/index.php\/wp-json\/wp\/v2\/comments?post=739"}],"version-history":[{"count":10,"href":"https:\/\/astragal.cz\/index.php\/wp-json\/wp\/v2\/pages\/739\/revisions"}],"predecessor-version":[{"id":8113,"href":"https:\/\/astragal.cz\/index.php\/wp-json\/wp\/v2\/pages\/739\/revisions\/8113"}],"wp:attachment":[{"href":"https:\/\/astragal.cz\/index.php\/wp-json\/wp\/v2\/media?parent=739"}],"curies":[{"name":"wp","href":"https:\/\/api.w.org\/{rel}","templated":true}]}}