{"id":743,"date":"2020-05-09T16:40:50","date_gmt":"2020-05-09T15:40:50","guid":{"rendered":"http:\/\/astragal.cz\/?page_id=743"},"modified":"2021-10-20T11:55:33","modified_gmt":"2021-10-20T10:55:33","slug":"zneuziti-daru","status":"publish","type":"page","link":"https:\/\/astragal.cz\/index.php\/zneuziti-daru\/","title":{"rendered":"Zneu\u017eit\u00ed daru"},"content":{"rendered":"\n<div class=\"wp-block-image\"><figure class=\"aligncenter size-large\"><img loading=\"lazy\" decoding=\"async\" width=\"750\" height=\"500\" src=\"https:\/\/astragal.cz\/wp-content\/uploads\/2021\/09\/shutterstock_1032933763.jpg\" alt=\"\" class=\"wp-image-3557\" srcset=\"https:\/\/astragal.cz\/wp-content\/uploads\/2021\/09\/shutterstock_1032933763.jpg 750w, https:\/\/astragal.cz\/wp-content\/uploads\/2021\/09\/shutterstock_1032933763-300x200.jpg 300w\" sizes=\"auto, (max-width: 750px) 100vw, 750px\" \/><\/figure><\/div>\n\n\n\n<p class=\"has-text-align-center has-blue-color has-text-color\"> <a href=\"https:\/\/duchovno.doktorka.cz\/svetlo-zlo\">https:\/\/duchovno.doktorka.cz\/svetlo-zlo<\/a><\/p>\n\n\n\n<p>Ot\u00e1zka daru schopnosti l\u00e9\u010dit, pracovat s&nbsp;astr\u00e1ln\u00edm sv\u011btem, p\u0159edv\u00eddat v\u011bci budouc\u00ed aj. je t\u00e9matem pro samostatnou kapitolu. Tomuto se zde v\u011bnovat nyn\u00ed nebudeme. R\u00e1da bych tento \u010dl\u00e1nek zam\u011b\u0159ila na n\u00e1sledn\u00e1 rizika \u201esejit\u00ed z&nbsp;cesty\u201c, zneu\u017eit\u00ed daru, moci, schopnost\u00ed.<\/p>\n\n\n\n<p>Ti, kte\u0159\u00ed dostali od boha nadpozemsk\u00fd \u201edar\u201c nebo jej v&nbsp;pr\u016fb\u011bhu \u017eivota za ur\u010dit\u00fdch okolnost\u00ed z\u00edskali, se ve sv\u00e9 duchovn\u00ed cest\u011b d\u011bl\u00ed v&nbsp;podstat\u011b na t\u0159i skupiny:<\/p>\n\n\n\n<p>1.  Jako prvn\u00ed zm\u00edn\u00edm jedince, kte\u0159\u00ed na po\u010d\u00e1tku m\u011bli velik\u00fd potenci\u00e1l pro pr\u00e1ci s&nbsp;energi\u00ed a duchovn\u00ed praxi, ale bohu\u017eel v&nbsp;d\u016fsledku zneu\u017eit\u00ed sv\u00e9ho daru, propadnut\u00ed mamonu pen\u011bz, ega \u010di v&nbsp;d\u016fsledku zneu\u017eit\u00ed z\u00edskan\u00e9 moci, o n\u011bj celkem rychle n\u00e1sledn\u011b p\u0159i\u0161li.<\/p>\n\n\n\n<p>2.  Druhou skupinu jsou jedinci, kte\u0159\u00ed u\u0161li dlouhou duchovn\u00ed cestu, tvrd\u011b pracovali na sv\u00e9m sebe rozvoji, vyt\u0159ibovali sv\u016fj dar a zasv\u011btili \u017eivot pomoci druh\u00fdm. Pomohli mnoha lidem a hodn\u011b toho dok\u00e1zali, ale zlomila je t\u00edha jejich rol\u00ed. <\/p>\n\n\n\n<p>Jednou z&nbsp;\u010dast\u00fdch p\u0159\u00ed\u010din nap\u0159. b\u00fdv\u00e1, \u017ee se tito na po\u010d\u00e1tku vesm\u00edrem vyvolen\u00ed&nbsp;lid\u00e9&nbsp;st\u00e1vaj\u00ed p\u0159\u00edli\u0161 brzy &#8222;u\u010diteli&#8220; a mnohdy bohu\u017eel p\u0159i t\u00e9to sv\u00e9 roli chybuj\u00ed. Chybov\u00e1n\u00edm m\u00e1m na mysli, \u017ee nechaj\u00ed s\u00edlu sv\u00e9ho ega a sv\u00e9 pot\u0159eby vl\u00e1dnout nad sv\u00fdm posl\u00e1n\u00edm, nebo nedostate\u010dn\u011b reflektuj\u00ed svoji \u010dinnost a sv\u00e9 postupy v horizontu ud\u00e1lost\u00ed a \u010dasu.<\/p>\n\n\n\n<p>3.  Posledn\u00ed skupinou jsou vyvolen\u00ed, kte\u0159\u00ed vytrvaj\u00ed v&nbsp;poko\u0159e, slu\u017eb\u011b a pomoci druh\u00fdm bez z\u00e1sadn\u00edch pochyben\u00ed a jejich\u017e schopnosti a dary jsou v&nbsp;pr\u016fb\u011bhu jejich \u017eivota n\u00e1sobeny a roz\u0161i\u0159ov\u00e1ny.<\/p>\n\n\n\n<p class=\"has-blue-color has-text-color\"><strong>Je m\u00fdm \u00fakolem varovat v\u0161echny, kte\u0159\u00ed ji\u017e\nu\u010d\u00ed, i jejich \u017e\u00e1ky, ale tak\u00e9 ty, kte\u0159\u00ed se na duchovn\u00ed pou\u0165 teprve\nvyd\u00e1vaj\u00ed,&nbsp;p\u0159ed t\u00edmto nebezpe\u010d\u00edm.<\/strong><strong><\/strong><\/p>\n\n\n\n<p><strong>PROTO PROS\u00cdM UJIST\u011aTE SE, \u017dE:<\/strong><\/p>\n\n\n\n<ul class=\"wp-block-list\"><li>V\u017edy kdy\u017e pou\u017e\u00edv\u00e1te to, co um\u00edte, nebo tuto znalost p\u0159ed\u00e1v\u00e1te\ndruh\u00fdm,&nbsp;\u017ee&nbsp;tak \u010din\u00edte se souhlasem v\u0161ech z\u00fa\u010dastn\u011bn\u00fdch a v souladu se\nz\u00e1kony universa,<\/li><\/ul>\n\n\n\n<ul class=\"wp-block-list\"><li>\u017ee jste schopni potla\u010dit pot\u0159eby sv\u00e9ho ega vyu\u017e\u00edt dan\u00e9 schopnosti&nbsp;ve\nsv\u016fj prosp\u011bch,<\/li><li>myslete pros\u00edm&nbsp;p\u0159i sv\u00e9 pr\u00e1ci na to, \u017ee je pot\u0159eba pom\u00e1hat t\u011bm, kte\u0159\u00ed\nn\u00e1s o to po\u017e\u00e1daj\u00ed tehdy, kdy\u017e to&nbsp;pot\u0159ebuj\u00ed, ne tehdy, a\u017e se to hod\u00ed\nm\u00e1m,&nbsp;&nbsp;<\/li><\/ul>\n\n\n\n<ul class=\"wp-block-list\"><li>\u017ee&nbsp;dok\u00e1\u017eete z\u016fstat neovlivn\u011bni ve sv\u00fdch postoj\u00edch a pr\u00e1ci (ano,\ndiskutujte, polemizujte, p\u0159izp\u016fsobujte sv\u016fj styl pr\u00e1ce pot\u0159eb\u00e1m, ale nenechte\nse sv\u00e9st ze sv\u00e9 cesty),<\/li><\/ul>\n\n\n\n<ul class=\"wp-block-list\"><li>neopom\u00edjejte, \u017ee ka\u017ed\u00fd z n\u00e1s, a\u0165 chceme nebo nechceme, inklinuje sp\u00ed\u0161 k\nt\u011bm&nbsp;pohodln\u00fdm, rychl\u00fdm a nen\u00e1ro\u010dn\u00fdm \u0159e\u0161en\u00edm, kter\u00e1 ve sv\u00e9m d\u016fsledku v\u00edce\n\u0161kod\u00ed, ne\u017e prosp\u00edvaj\u00ed,<\/li><\/ul>\n\n\n\n<ul class=\"wp-block-list\"><li>z\u016fsta\u0148te pokorn\u00ed (nevyvy\u0161ujte se), nemyslete si, \u017ee ji\u017e v\u0161echno v\u00edte a\nzn\u00e1te, mnohdy by se takov\u00fd p\u0159\u00edstup mohl rychle oto\u010dit proti V\u00e1m,&nbsp;&nbsp;<\/li><\/ul>\n\n\n\n<ul class=\"wp-block-list\"><li>d\u011blejte jen to, na co sami m\u00e1te a o \u010dem v\u00edte, \u017ee jste schopni to ud\u011blat\nkvalitn\u011b a zodpov\u011bdn\u011b (nepou\u0161t\u011bjte se do v\u011bc\u00ed, kter\u00e9 nezn\u00e1te bez pomoci zku\u0161en\u011bj\u0161\u00ed&nbsp;\nosoby&nbsp;jen proto, \u017ee si chcete,&nbsp;pot\u0159ebujete&nbsp;p\u0159ipadat\n&#8222;mocn\u00ed&#8220;),<\/li><\/ul>\n\n\n\n<ul class=\"wp-block-list\"><li>nep\u0159esta\u0148te d\u011bkovat a \u017e\u00e1dat o pomoc ty, kte\u0159\u00ed V\u00e1m Va\u0161i moc dali.<\/li><\/ul>\n\n\n\n<p>I kdy\u017e jste ve sv\u00e9 duchovn\u00ed pr\u00e1ci daleko a m\u00e1te pocit, \u017ee V\u00e1m se to st\u00e1t nem\u016f\u017ee \u2013 m\u011bjte pros\u00edm na pam\u011bti, \u017ee st\u00e1le jsme bytosti zemsk\u00e9, kter\u00fdm je v&nbsp;ur\u010dit\u00fdch momentech bohu\u017eel p\u0159\u00edzemnost, bezohlednost, tvrdost, lehkomyslnost, p\u00fdcha a touha po uzn\u00e1n\u00ed st\u00e1le je\u0161t\u011b bli\u017e\u0161\u00ed, ne\u017e soucit, pomoc, l\u00e1ska a pochopen\u00ed. <\/p>\n","protected":false},"excerpt":{"rendered":"<p>https:\/\/duchovno.doktorka.cz\/svetlo-zlo Ot\u00e1zka daru schopnosti l\u00e9\u010dit, pracovat s&nbsp;astr\u00e1ln\u00edm sv\u011btem, p\u0159edv\u00eddat v\u011bci budouc\u00ed aj. je t\u00e9matem pro samostatnou kapitolu. Tomuto se zde v\u011bnovat nyn\u00ed nebudeme. R\u00e1da bych tento \u010dl\u00e1nek zam\u011b\u0159ila na n\u00e1sledn\u00e1 rizika \u201esejit\u00ed z&nbsp;cesty\u201c, zneu\u017eit\u00ed daru, moci, schopnost\u00ed. Ti, kte\u0159\u00ed dostali od boha nadpozemsk\u00fd \u201edar\u201c nebo jej v&nbsp;pr\u016fb\u011bhu \u017eivota za ur\u010dit\u00fdch okolnost\u00ed z\u00edskali, se ve sv\u00e9 [&hellip;]<\/p>\n","protected":false},"author":1,"featured_media":0,"parent":0,"menu_order":0,"comment_status":"closed","ping_status":"closed","template":"","meta":{"_mc_calendar":[],"footnotes":""},"class_list":["post-743","page","type-page","status-publish","hentry"],"_links":{"self":[{"href":"https:\/\/astragal.cz\/index.php\/wp-json\/wp\/v2\/pages\/743","targetHints":{"allow":["GET"]}}],"collection":[{"href":"https:\/\/astragal.cz\/index.php\/wp-json\/wp\/v2\/pages"}],"about":[{"href":"https:\/\/astragal.cz\/index.php\/wp-json\/wp\/v2\/types\/page"}],"author":[{"embeddable":true,"href":"https:\/\/astragal.cz\/index.php\/wp-json\/wp\/v2\/users\/1"}],"replies":[{"embeddable":true,"href":"https:\/\/astragal.cz\/index.php\/wp-json\/wp\/v2\/comments?post=743"}],"version-history":[{"count":5,"href":"https:\/\/astragal.cz\/index.php\/wp-json\/wp\/v2\/pages\/743\/revisions"}],"predecessor-version":[{"id":4591,"href":"https:\/\/astragal.cz\/index.php\/wp-json\/wp\/v2\/pages\/743\/revisions\/4591"}],"wp:attachment":[{"href":"https:\/\/astragal.cz\/index.php\/wp-json\/wp\/v2\/media?parent=743"}],"curies":[{"name":"wp","href":"https:\/\/api.w.org\/{rel}","templated":true}]}}