{"id":752,"date":"2020-05-09T16:58:16","date_gmt":"2020-05-09T15:58:16","guid":{"rendered":"http:\/\/astragal.cz\/?page_id=752"},"modified":"2022-04-20T07:12:32","modified_gmt":"2022-04-20T06:12:32","slug":"podminky-pro-uspesnou-alternativni-lecbu","status":"publish","type":"page","link":"https:\/\/astragal.cz\/index.php\/podminky-pro-uspesnou-alternativni-lecbu\/","title":{"rendered":"Podm\u00ednky pro \u00fasp\u011b\u0161nou alternativn\u00ed l\u00e9\u010dbu"},"content":{"rendered":"\n<figure class=\"wp-block-image size-large\"><img loading=\"lazy\" decoding=\"async\" width=\"942\" height=\"530\" src=\"https:\/\/astragal.cz\/wp-content\/uploads\/2021\/06\/vik41-vesmirni_lide_shutterstock_Z.jpg\" alt=\"\" class=\"wp-image-2924\" srcset=\"https:\/\/astragal.cz\/wp-content\/uploads\/2021\/06\/vik41-vesmirni_lide_shutterstock_Z.jpg 942w, https:\/\/astragal.cz\/wp-content\/uploads\/2021\/06\/vik41-vesmirni_lide_shutterstock_Z-300x169.jpg 300w, https:\/\/astragal.cz\/wp-content\/uploads\/2021\/06\/vik41-vesmirni_lide_shutterstock_Z-768x432.jpg 768w\" sizes=\"auto, (max-width: 942px) 100vw, 942px\" \/><\/figure>\n\n\n\n<p class=\"has-text-align-center has-blue-color has-text-color has-small-font-size\"><a href=\"https:\/\/archiv.ihned.cz\/c1-62917500-misto-uzdraveni-smrt-nezodpovedni-lecitele-by-meli-byt-potrestani-soudi-ministerstvo\">https:\/\/archiv.ihned.cz\/c1-62917500-misto-uzdraveni-smrt-nezodpovedni-lecitele-by-meli-byt-potrestani-soudi-ministerstvo<\/a><\/p>\n\n\n\n<p class=\"has-blue-color has-text-color\"><strong>Pokud si vyberete pr\u00e1ci na sv\u00e9m uzdraven\u00ed pod veden\u00edm n\u011bkoho jin\u00e9ho ne\u017e-li l\u00e9ka\u0159e \u010di paraleln\u011b s l\u00e9\u010dbou u n\u011bj, m\u011bl by podle m\u00e9ho n\u00e1zoru vybran\u00fd \u201epr\u016fvodce\u201c spl\u0148ovat tyto p\u0159edpoklady:<\/strong><\/p>\n\n\n\n<p>\u2022   Pr\u016fvodce, kter\u00fd V\u00e1s procesem uzdravov\u00e1n\u00ed prov\u00e1z\u00ed m\u00e1 schopnost vyc\u00edtit, kde se nach\u00e1z\u00ed lo\u017eisko probl\u00e9mu, um\u00ed p\u0159irozen\u011b pracovat s energi\u00ed t\u011bla i du\u0161e. M\u00e1 nastudovan\u00e9 informace o procesech v t\u011ble a jeho vnit\u0159n\u00edm p\u0159\u00e1n\u00edm je pacientovi skute\u010dn\u011b pomoci, nikoli vyd\u011blat na jeho nemoci.<\/p>\n\n\n\n<p> \u2022  Spolupracuje s l\u00e9ka\u0159i a respektuje klasickou medic\u00ednu jako nezastupitelnou v ur\u010dit\u00fdch f\u00e1z\u00edch a druz\u00edch nemoc\u00ed.<\/p>\n\n\n\n<p>  \u2022 Proces samotn\u00e9ho uzdravov\u00e1n\u00ed a konzultace ohledn\u011b Va\u0161eho uzdraven\u00ed &#8222;neodbude&#8220; (nepropov\u00edd\u00e1 apod., ale soust\u0159ed\u011bn\u011b s V\u00e1mi pracuje a zaj\u00edm\u00e1 se o n\u00e1zor l\u00e9ka\u0159\u016f, zp\u011btnou vazbu t\u00fdkaj\u00edc\u00ed se jeho z\u00e1sah\u016f a doporu\u010den\u00ed a tak\u00e9 o V\u00e1\u0161 n\u00e1sledn\u00fd stav).<\/p>\n\n\n\n<p class=\"has-blue-color has-text-color\"><strong>Na samotn\u00e9m klientovi pak z\u00e1le\u017e\u00ed n\u00e1sleduj\u00edc\u00ed:<\/strong><\/p>\n\n\n\n<p> \u2022  Zda nastal spr\u00e1vn\u00fd \u010das pro jeho uzdraven\u00ed (je psychicky i fyzicky v relativn\u011b stabiln\u00edm stavu, aby bylo mo\u017eno do jeho energetick\u00e9ho syst\u00e9mu t\u011bla zasahovat).<\/p>\n\n\n\n<p>  \u2022  Aby d\u016fv\u011b\u0159oval pr\u016fvodci, kter\u00e9ho si v procesu sv\u00e9ho uzdravov\u00e1n\u00ed vybral (samoz\u0159ejm\u011b pokud se V\u00e1m nebude n\u011bco z doporu\u010den\u00ed \u010di p\u0159\u00edstupu pr\u016fvodce zd\u00e1t, nev\u00e1hejte konzultovat situaci s jin\u00fdm odborn\u00edkem).<\/p>\n\n\n\n<p>  \u2022  Vnit\u0159n\u00ed p\u0159ipravenost klienta na vyl\u00e9\u010den\u00ed (tj. rozhodnut\u00ed se uzdravit, touha po zdrav\u00ed, ochota zm\u011bnit n\u011bkter\u00e9 sv\u00e9 \u017eivotn\u00ed n\u00e1vyky a postoje, p\u0159ipravenost k vnit\u0159n\u00ed pr\u00e1ci s\u00e1m na sob\u011b aj.).<\/p>\n\n\n\n<p>  \u2022  Spolupr\u00e1ce l\u00e9\u010den\u00e9ho b\u011bhem l\u00e9\u010den\u00ed (nap\u0159. otev\u0159enost k p\u0159ijet\u00ed l\u00e9\u010div\u00e9 energie, samotn\u00e1 pr\u00e1ce jedince na sv\u00e9m uzdraven\u00ed, komunikace s l\u00e9\u010ditelem ohledn\u011b v\u00fdvoje zdravotn\u00edho \u010di psychick\u00e9ho stavu).<\/p>\n\n\n\n<p>  \u2022  Dodr\u017eov\u00e1n\u00ed doporu\u010den\u00ed l\u00e9\u010ditele (nap\u0159. ohledn\u011b zm\u011bny zp\u016fsobu ur\u010dit\u00e9ho my\u0161len\u00ed \u010di postoj\u016f, zdr\u017een\u00ed se po\u017e\u00edv\u00e1n\u00ed zat\u011b\u017euj\u00edc\u00edch l\u00e1tek apod.).<\/p>\n\n\n\n<p>  \u2022  Vytrv\u00e1n\u00ed uzdravovan\u00e9ho v nov\u00e9m p\u0159\u00edstupu k sob\u011b sam\u00e9mu i k \u017eivotu po vyl\u00e9\u010den\u00ed (tento p\u0159\u00edstup pom\u00e1h\u00e1 eliminaci recidivy nemoci) a p\u0159edch\u00e1zen\u00ed psychick\u00fdm i fyzick\u00fdm negativn\u00edm z\u00e1t\u011b\u017e\u00edm organismu, kter\u00e9 n\u00e1sledn\u011b vedou k onemocn\u011bn\u00ed (nadm\u011brn\u00fd stres, zat\u011b\u017eov\u00e1n\u00ed t\u011bla toxick\u00fdmi l\u00e1tkami atd.).<\/p>\n","protected":false},"excerpt":{"rendered":"<p>https:\/\/archiv.ihned.cz\/c1-62917500-misto-uzdraveni-smrt-nezodpovedni-lecitele-by-meli-byt-potrestani-soudi-ministerstvo Pokud si vyberete pr\u00e1ci na sv\u00e9m uzdraven\u00ed pod veden\u00edm n\u011bkoho jin\u00e9ho ne\u017e-li l\u00e9ka\u0159e \u010di paraleln\u011b s l\u00e9\u010dbou u n\u011bj, m\u011bl by podle m\u00e9ho n\u00e1zoru vybran\u00fd \u201epr\u016fvodce\u201c spl\u0148ovat tyto p\u0159edpoklady: \u2022 Pr\u016fvodce, kter\u00fd V\u00e1s procesem uzdravov\u00e1n\u00ed prov\u00e1z\u00ed m\u00e1 schopnost vyc\u00edtit, kde se nach\u00e1z\u00ed lo\u017eisko probl\u00e9mu, um\u00ed p\u0159irozen\u011b pracovat s energi\u00ed t\u011bla i du\u0161e. M\u00e1 nastudovan\u00e9 [&hellip;]<\/p>\n","protected":false},"author":1,"featured_media":0,"parent":0,"menu_order":0,"comment_status":"closed","ping_status":"closed","template":"","meta":{"_mc_calendar":[],"footnotes":""},"class_list":["post-752","page","type-page","status-publish","hentry"],"_links":{"self":[{"href":"https:\/\/astragal.cz\/index.php\/wp-json\/wp\/v2\/pages\/752","targetHints":{"allow":["GET"]}}],"collection":[{"href":"https:\/\/astragal.cz\/index.php\/wp-json\/wp\/v2\/pages"}],"about":[{"href":"https:\/\/astragal.cz\/index.php\/wp-json\/wp\/v2\/types\/page"}],"author":[{"embeddable":true,"href":"https:\/\/astragal.cz\/index.php\/wp-json\/wp\/v2\/users\/1"}],"replies":[{"embeddable":true,"href":"https:\/\/astragal.cz\/index.php\/wp-json\/wp\/v2\/comments?post=752"}],"version-history":[{"count":15,"href":"https:\/\/astragal.cz\/index.php\/wp-json\/wp\/v2\/pages\/752\/revisions"}],"predecessor-version":[{"id":6031,"href":"https:\/\/astragal.cz\/index.php\/wp-json\/wp\/v2\/pages\/752\/revisions\/6031"}],"wp:attachment":[{"href":"https:\/\/astragal.cz\/index.php\/wp-json\/wp\/v2\/media?parent=752"}],"curies":[{"name":"wp","href":"https:\/\/api.w.org\/{rel}","templated":true}]}}