{"id":7557,"date":"2022-12-17T12:43:12","date_gmt":"2022-12-17T11:43:12","guid":{"rendered":"https:\/\/astragal.cz\/?page_id=7557"},"modified":"2025-09-18T11:02:49","modified_gmt":"2025-09-18T10:02:49","slug":"kombinace-ukonu-aneb-program-na-miru","status":"publish","type":"page","link":"https:\/\/astragal.cz\/index.php\/kombinace-ukonu-aneb-program-na-miru\/","title":{"rendered":"Kombinace \u00fakon\u016f aneb Program na m\u00edru"},"content":{"rendered":"\n<p class=\"has-blue-color has-text-color\">Jsou okam\u017eiky, kdy pot\u0159ebujete pojmout va\u0161i situaci komplexn\u011b a k jej\u00edmu \u00fasp\u011b\u0161n\u00e9mu vy\u0159e\u0161en\u00ed je zapot\u0159eb\u00ed v jednu chv\u00edli ud\u011blat v\u00edce krok\u016f. <\/p>\n\n\n\n<p>P\u0159esn\u011b od toho je zde mo\u017enost objednat se na sezen\u00ed, ve kter\u00e9m vy\u0159e\u0161\u00edte v\u00edce v\u011bc\u00ed nar\u00e1z. Propoj\u00edte pomoc z n\u011bkolika oblast\u00ed, zmapujete, co je t\u0159eba u\u010dinit proto, abyste byli zase ve stabiln\u00edm a harmonick\u00e9m stavu a krok po kroku k n\u011bmu, d\u00edky c\u00edlen\u00e9 pr\u00e1ci na sob\u011b, dosp\u011bjete.<\/p>\n\n\n\n<p>P\u0159ed objedn\u00e1n\u00edm si stanov\u00edte n\u00e1pl\u0148 toho, co pot\u0159ebujete vy\u0159e\u0161it, nap\u0159. 2 &#8211; 3 v\u011bci (\u010di\u0161t\u011bn\u00ed, diagnostika, dopln\u011bn\u00ed energie \u010di kr\u00e1tk\u00fd v\u00fdklad). V p\u0159\u00edpad\u011b, \u017ee je obsah toho, co pot\u0159ebujete \u0159e\u0161it obs\u00e1hlej\u0161\u00ed &#8211; je mo\u017en\u00e9 domluvit se na v\u00edce po sob\u011b jdouc\u00edch sezen\u00edch \u010di telefonick\u00fdch konzultac\u00edch, do kter\u00fdch cel\u00fd program pr\u00e1ce na va\u0161em posunu rozvrhneme.<\/p>\n\n\n\n<p class=\"has-blue-color has-text-color\">Takto zac\u00edlen\u00e1 pomoc je nejlep\u0161\u00ed, nebo\u0165 je komplexn\u00ed &#8211; co\u017e znamen\u00e1, \u017ee v sob\u011b zahrnuje v\u0161echny oblasti, na kter\u00fdch je pot\u0159eba zapracovat a p\u0159edstavuje ucelen\u00fd program vytvo\u0159en\u00fd na m\u00edru dan\u00e9 probl\u00e9mov\u00e9 situaci.<\/p>\n\n\n\n<p>Pokud je ze shora dovoleno (toto pan\u00ed Martina ov\u011b\u0159\u00ed dop\u0159edu), je mo\u017en\u00e9 kombinovat jak\u00e9koli nab\u00edzen\u00e9 \u00fakony. Naopak, \u010dasto je to \u017e\u00e1douc\u00ed &#8211; jeliko\u017e jedna oblast navazuje na druhou a jejich vz\u00e1jemn\u00e9 propojen\u00ed se projevuje v praxi t\u00edm, \u017ee vy\u0159e\u0161\u00edme-li jednu v\u011bc, ale ne tu druhou s n\u00ed souvisej\u00edc\u00ed, neulev\u00ed se n\u00e1m zcela, ale jen \u010d\u00e1ste\u010dn\u011b a probl\u00e9m je v na\u0161em \u017eivot\u011b i nad\u00e1le p\u0159\u00edtomen.<\/p>\n\n\n\n<p class=\"has-blue-color has-text-color has-link-color wp-elements-26c5660c02711f4e2b763897e78e67dd\"><strong>Tyto z\u00e1sahy je nejl\u00e9pe absolvovat osobn\u011b, ale v p\u0159\u00edpad\u011b pot\u0159eby, je mo\u017en\u00e9 je zrealizovat i na d\u00e1lku. <strong><strong>Z hlediska efektu je v\u00fdsledek podobn\u00fd jako u osobn\u00edho sezen\u00ed \u2013 ale je t\u0159eba \u0159\u00edct, \u017ee osobn\u00ed z\u00e1sahy jsou v\u017edy intenzivn\u011bj\u0161\u00ed, maj\u00ed rychlej\u0161\u00ed v\u00fdsledky a celkov\u011b komplexn\u011bj\u0161\u00ed rozm\u011br.<\/strong><\/strong><\/strong><\/p>\n\n\n\n<p>Energii nez\u00e1le\u017e\u00ed na tom, zda stoj\u00edte 2 metry od zdroje jej\u00edho p\u016fsoben\u00ed nebo se nach\u00e1z\u00edte 1000 km daleko. Energie nezn\u00e1 hmotn\u00e9 p\u0159ek\u00e1\u017eky zd\u00ed, prostoru ani \u010dasu (jeliko\u017e \u010das, jak jej zn\u00e1me, v podstat\u011b neexistuje a v\u0161e se odehr\u00e1v\u00e1 ve stejn\u00fd okam\u017eik = minulost, p\u0159\u00edtomnost i budoucnost). Proto je mo\u017en\u00e9 m\u011bnit zane\u0161en\u00e9 \u010di zablokovan\u00e9 energie z dob d\u00e1vno minul\u00fdch nebo prov\u00e1d\u011bt diagnostiku sou\u010dasn\u00e9ho, minul\u00e9ho \u010di budouc\u00edho stavu.<\/p>\n\n\n\n<p class=\"has-blue-color has-text-color\"><strong>TELEFONICK\u00c9 KONZULTACE<\/strong><\/p>\n\n\n\n<p><strong>\u010cekac\u00ed doba<\/strong>&nbsp;se zde pohybuje okolo 2-3 m\u011bs\u00edce.<\/p>\n\n\n\n<p><strong>Je mo\u017en\u00e9 vyu\u017e\u00edt aplikaci Viber, kde vol\u00e1te zdarma.<\/strong><\/p>\n\n\n\n<p class=\"has-blue-color has-text-color\"><strong>OSOBN\u00cd SEZEN\u00cd<\/strong><\/p>\n\n\n\n<p><strong>\u010cekac\u00ed doba<\/strong>&nbsp;se pohybuje okolo 3-4 m\u011bs\u00edc\u016f.<\/p>\n\n\n\n<p class=\"has-blue-color has-text-color\"><strong><u>Informace k vyrovn\u00e1n\u00ed se s Martinou:<\/u><\/strong><\/p>\n\n\n\n<p>Ocenit \u010das a energii, kter\u00e9 Martina vkl\u00e1d\u00e1 do ka\u017ed\u00e9ho proveden\u00e9ho \u00fakonu m\u016f\u017eete jak\u00fdmkoli darem. T\u00edmto podpo\u0159\u00edte jej\u00ed existenci a \u010dinnost.&nbsp;<\/p>\n\n\n\n<p>Ka\u017ed\u00e9ho Va\u0161eho p\u0159\u00edsp\u011bvku si velmi v\u00e1\u017e\u00ed a d\u011bkuje za n\u011bj.&nbsp;<\/p>\n\n\n\n<p class=\"has-blue-color has-text-color\"><\/p>\n","protected":false},"excerpt":{"rendered":"<p>Jsou okam\u017eiky, kdy pot\u0159ebujete pojmout va\u0161i situaci komplexn\u011b a k jej\u00edmu \u00fasp\u011b\u0161n\u00e9mu vy\u0159e\u0161en\u00ed je zapot\u0159eb\u00ed v jednu chv\u00edli ud\u011blat v\u00edce krok\u016f. P\u0159esn\u011b od toho je zde mo\u017enost objednat se na sezen\u00ed, ve kter\u00e9m vy\u0159e\u0161\u00edte v\u00edce v\u011bc\u00ed nar\u00e1z. Propoj\u00edte pomoc z n\u011bkolika oblast\u00ed, zmapujete, co je t\u0159eba u\u010dinit proto, abyste byli zase ve stabiln\u00edm a harmonick\u00e9m [&hellip;]<\/p>\n","protected":false},"author":1,"featured_media":0,"parent":0,"menu_order":0,"comment_status":"closed","ping_status":"closed","template":"","meta":{"_mc_calendar":[],"footnotes":""},"class_list":["post-7557","page","type-page","status-publish","hentry"],"_links":{"self":[{"href":"https:\/\/astragal.cz\/index.php\/wp-json\/wp\/v2\/pages\/7557","targetHints":{"allow":["GET"]}}],"collection":[{"href":"https:\/\/astragal.cz\/index.php\/wp-json\/wp\/v2\/pages"}],"about":[{"href":"https:\/\/astragal.cz\/index.php\/wp-json\/wp\/v2\/types\/page"}],"author":[{"embeddable":true,"href":"https:\/\/astragal.cz\/index.php\/wp-json\/wp\/v2\/users\/1"}],"replies":[{"embeddable":true,"href":"https:\/\/astragal.cz\/index.php\/wp-json\/wp\/v2\/comments?post=7557"}],"version-history":[{"count":26,"href":"https:\/\/astragal.cz\/index.php\/wp-json\/wp\/v2\/pages\/7557\/revisions"}],"predecessor-version":[{"id":10950,"href":"https:\/\/astragal.cz\/index.php\/wp-json\/wp\/v2\/pages\/7557\/revisions\/10950"}],"wp:attachment":[{"href":"https:\/\/astragal.cz\/index.php\/wp-json\/wp\/v2\/media?parent=7557"}],"curies":[{"name":"wp","href":"https:\/\/api.w.org\/{rel}","templated":true}]}}