{"id":758,"date":"2020-05-09T17:15:35","date_gmt":"2020-05-09T16:15:35","guid":{"rendered":"http:\/\/astragal.cz\/?page_id=758"},"modified":"2020-05-09T17:15:36","modified_gmt":"2020-05-09T16:15:36","slug":"vlastni-vize-a-predtuchy-2006-2020-2","status":"publish","type":"page","link":"https:\/\/astragal.cz\/index.php\/vlastni-vize-a-predtuchy-2006-2020-2\/","title":{"rendered":"Vlastn\u00ed vize a p\u0159edtuchy 2006-2020"},"content":{"rendered":"\n<div class=\"wp-block-file\"><a href=\"https:\/\/astragal.cz\/wp-content\/uploads\/2020\/05\/Vlastn\u00ed-vize-a-p\u0159edtuchy-p\u0159ehled-2006-2020.docx\">Vlastn\u00ed-vize-a-p\u0159edtuchy-p\u0159ehled-2006-2020<\/a><a href=\"https:\/\/astragal.cz\/wp-content\/uploads\/2020\/05\/Vlastn\u00ed-vize-a-p\u0159edtuchy-p\u0159ehled-2006-2020.docx\" class=\"wp-block-file__button\" download>St\u00e1hnout<\/a><\/div>\n","protected":false},"excerpt":{"rendered":"","protected":false},"author":1,"featured_media":0,"parent":0,"menu_order":0,"comment_status":"closed","ping_status":"closed","template":"","meta":{"_mc_calendar":[],"footnotes":""},"class_list":["post-758","page","type-page","status-publish","hentry"],"_links":{"self":[{"href":"https:\/\/astragal.cz\/index.php\/wp-json\/wp\/v2\/pages\/758","targetHints":{"allow":["GET"]}}],"collection":[{"href":"https:\/\/astragal.cz\/index.php\/wp-json\/wp\/v2\/pages"}],"about":[{"href":"https:\/\/astragal.cz\/index.php\/wp-json\/wp\/v2\/types\/page"}],"author":[{"embeddable":true,"href":"https:\/\/astragal.cz\/index.php\/wp-json\/wp\/v2\/users\/1"}],"replies":[{"embeddable":true,"href":"https:\/\/astragal.cz\/index.php\/wp-json\/wp\/v2\/comments?post=758"}],"version-history":[{"count":1,"href":"https:\/\/astragal.cz\/index.php\/wp-json\/wp\/v2\/pages\/758\/revisions"}],"predecessor-version":[{"id":760,"href":"https:\/\/astragal.cz\/index.php\/wp-json\/wp\/v2\/pages\/758\/revisions\/760"}],"wp:attachment":[{"href":"https:\/\/astragal.cz\/index.php\/wp-json\/wp\/v2\/media?parent=758"}],"curies":[{"name":"wp","href":"https:\/\/api.w.org\/{rel}","templated":true}]}}