{"id":7657,"date":"2022-12-22T08:39:25","date_gmt":"2022-12-22T07:39:25","guid":{"rendered":"https:\/\/astragal.cz\/?page_id=7657"},"modified":"2024-09-25T07:17:57","modified_gmt":"2024-09-25T06:17:57","slug":"proces-rozlouceni","status":"publish","type":"page","link":"https:\/\/astragal.cz\/index.php\/proces-rozlouceni\/","title":{"rendered":"Proces rozlou\u010den\u00ed"},"content":{"rendered":"\n<p>Po t\u011b\u017ek\u00e9m rozchodu nebo p\u0159i ztr\u00e1t\u011b bl\u00edzk\u00e9 osoby pro n\u00e1s n\u011bkdy m\u016f\u017ee b\u00fdt nad lidsk\u00e9 s\u00edly se s touto ud\u00e1lost\u00ed vypo\u0159\u00e1dat. <\/p>\n\n\n\n<p>I kdy\u017e se sna\u017e\u00edme a pracujeme na tom, nejsme ani po del\u0161\u00ed dob\u011b schopni na doty\u010dn\u00e9ho zapomenout, c\u00edt\u00edme st\u00e1le jeho p\u0159\u00edtomnost, vr\u00e1cej\u00ed se n\u00e1m r\u016fzn\u00e9 my\u0161lenky, v\u00fd\u010ditky nebo nem\u016f\u017eeme zkr\u00e1tka nav\u00e1zat na sv\u016fj p\u0159edchoz\u00ed \u017eivot. <\/p>\n\n\n\n<p>To jsou p\u0159esn\u011b ty momenty, kdy je dobr\u00e9 prov\u00e9st hlub\u0161\u00ed z\u00e1sah, kter\u00fd pom\u016f\u017ee na\u0161\u00ed du\u0161i se s l\u00e1skou rozlou\u010dit a p\u0159eru\u0161it energetick\u00e9 pouto, kter\u00e9 n\u00e1s ni\u010d\u00ed.<\/p>\n\n\n\n<p>Nemus\u00edte se b\u00e1t, v\u0161echny vzpom\u00ednky a dobr\u00e9 emoce k doty\u010dn\u00e9mu z\u016fstanou, pouze jste vz\u00e1jemn\u011b osvobozeni od vazby, kter\u00e1 ji\u017e z jak\u00e9hokoli d\u016fvodu d\u00e1l nepokra\u010duje. Z\u00e1sah m\u00e1 pomoci uvolnit sev\u0159en\u00e9 pocity, obavy, strachy a \u00fazkosti, kter\u00e9 ve v\u00e1s jsou a pomoci v\u00e1m se rozlou\u010dit a moci pokra\u010dovat ve sv\u00e9m \u017eivot\u011b d\u00e1l. <\/p>\n\n\n\n<p><strong>Pokud se jedn\u00e1 o z\u00e1sah v p\u0159\u00edpad\u011b rozlou\u010den\u00ed se zesnul\u00fdm \u010dlov\u011bkem<\/strong>, pom\u016f\u017ee v\u00e1m proces se se jednou prov\u017edy celou svou bytost\u00ed rozlou\u010dit a uzav\u0159\u00edt v\u0161e pot\u0159ebn\u00e9.<\/p>\n\n\n\n<p><strong>V p\u0159\u00edpad\u011b, \u017ee se jedn\u00e1 o vztah, u kter\u00e9ho je mo\u017enost, \u017ee se je\u0161t\u011b n\u011bkdy v budoucnu potk\u00e1te a zase propoj\u00edte<\/strong> (nevysv\u011btlen\u00fd konec vztahu, h\u00e1dka s kamar\u00e1dkou, pro kterou se spolu 10-20 let nebav\u00edte, rodinn\u00e9 rozkoly apod.) &#8211; rozlou\u010d\u00edte se pro tento dan\u00fd okam\u017eik, t\u00edm v\u0161ak nevylu\u010dujete, \u017ee se je\u0161t\u011b n\u011bkdy v \u017eivot\u011b setk\u00e1te a p\u016fjdete spolu \u017eivotem d\u00e1l, pokud to tak v t\u00e9 dob\u011b budete cht\u00edt.<\/p>\n\n\n\n<p class=\"has-blue-color has-text-color\"><strong>TELEFONICK\u00dd Z\u00c1SAH:<\/strong><\/p>\n\n\n\n<p><strong>\u010cekac\u00ed doba<\/strong>&nbsp;se zde pohybuje okolo 2 m\u011bs\u00edc\u016f.<\/p>\n\n\n\n<p><strong>Je mo\u017en\u00e9 vyu\u017e\u00edt aplikaci Viber, kde vol\u00e1te zdarma.<\/strong><\/p>\n\n\n\n<p class=\"has-blue-color has-text-color\"><strong>OSOBN\u00cd Z\u00c1SAH:<\/strong><\/p>\n\n\n\n<p><strong>\u010cekac\u00ed doba<\/strong>&nbsp;se pohybuje okolo 2-3 m\u011bs\u00edc\u016f.<\/p>\n\n\n\n<p class=\"has-blue-color has-text-color\"><strong><u>Informace k vyrovn\u00e1n\u00ed se s Martinou:<\/u><\/strong><\/p>\n\n\n\n<p>Ocenit \u010das a energii, kter\u00e9 Martina vkl\u00e1d\u00e1 do ka\u017ed\u00e9ho proveden\u00e9ho \u00fakonu m\u016f\u017eete jak\u00fdmkoli darem. T\u00edmto podpo\u0159\u00edte jej\u00ed existenci a \u010dinnost.&nbsp;<\/p>\n\n\n\n<p>Ka\u017ed\u00e9ho Va\u0161eho p\u0159\u00edsp\u011bvku si velmi v\u00e1\u017e\u00ed a d\u011bkuje za n\u011bj.&nbsp;<\/p>\n\n\n\n<p class=\"has-blue-color has-text-color\"><\/p>\n\n\n\n<p><\/p>\n","protected":false},"excerpt":{"rendered":"<p>Po t\u011b\u017ek\u00e9m rozchodu nebo p\u0159i ztr\u00e1t\u011b bl\u00edzk\u00e9 osoby pro n\u00e1s n\u011bkdy m\u016f\u017ee b\u00fdt nad lidsk\u00e9 s\u00edly se s touto ud\u00e1lost\u00ed vypo\u0159\u00e1dat. I kdy\u017e se sna\u017e\u00edme a pracujeme na tom, nejsme ani po del\u0161\u00ed dob\u011b schopni na doty\u010dn\u00e9ho zapomenout, c\u00edt\u00edme st\u00e1le jeho p\u0159\u00edtomnost, vr\u00e1cej\u00ed se n\u00e1m r\u016fzn\u00e9 my\u0161lenky, v\u00fd\u010ditky nebo nem\u016f\u017eeme zkr\u00e1tka nav\u00e1zat na sv\u016fj p\u0159edchoz\u00ed [&hellip;]<\/p>\n","protected":false},"author":1,"featured_media":0,"parent":0,"menu_order":0,"comment_status":"closed","ping_status":"closed","template":"","meta":{"_mc_calendar":[],"footnotes":""},"class_list":["post-7657","page","type-page","status-publish","hentry"],"_links":{"self":[{"href":"https:\/\/astragal.cz\/index.php\/wp-json\/wp\/v2\/pages\/7657","targetHints":{"allow":["GET"]}}],"collection":[{"href":"https:\/\/astragal.cz\/index.php\/wp-json\/wp\/v2\/pages"}],"about":[{"href":"https:\/\/astragal.cz\/index.php\/wp-json\/wp\/v2\/types\/page"}],"author":[{"embeddable":true,"href":"https:\/\/astragal.cz\/index.php\/wp-json\/wp\/v2\/users\/1"}],"replies":[{"embeddable":true,"href":"https:\/\/astragal.cz\/index.php\/wp-json\/wp\/v2\/comments?post=7657"}],"version-history":[{"count":15,"href":"https:\/\/astragal.cz\/index.php\/wp-json\/wp\/v2\/pages\/7657\/revisions"}],"predecessor-version":[{"id":9813,"href":"https:\/\/astragal.cz\/index.php\/wp-json\/wp\/v2\/pages\/7657\/revisions\/9813"}],"wp:attachment":[{"href":"https:\/\/astragal.cz\/index.php\/wp-json\/wp\/v2\/media?parent=7657"}],"curies":[{"name":"wp","href":"https:\/\/api.w.org\/{rel}","templated":true}]}}