{"id":7858,"date":"2023-03-29T08:01:01","date_gmt":"2023-03-29T07:01:01","guid":{"rendered":"https:\/\/astragal.cz\/?page_id=7858"},"modified":"2024-10-14T09:05:34","modified_gmt":"2024-10-14T08:05:34","slug":"cisteni-domu-nebo-predmetu-od-zatezovych-energii","status":"publish","type":"page","link":"https:\/\/astragal.cz\/index.php\/cisteni-domu-nebo-predmetu-od-zatezovych-energii\/","title":{"rendered":"\u010ci\u0161t\u011bn\u00ed domu nebo p\u0159edm\u011bt\u016f od z\u00e1t\u011b\u017eov\u00fdch energi\u00ed"},"content":{"rendered":"\n<p>V pr\u016fb\u011bhu na\u0161eho \u017eivota doch\u00e1z\u00ed k p\u0159irozen\u00e9mu pr\u016fb\u011b\u017en\u00e9mu energetick\u00e9mu zane\u0161en\u00ed prostoru, ve kter\u00e9m se pravideln\u011b a dlouhodob\u011b pohybujeme (toto se t\u00fdk\u00e1 na\u0161eho bytu, chaty, pr\u00e1ce, obl\u00edben\u00e9ho medita\u010dn\u00edho m\u00edsta na zahr\u00e1dce \u010di v lese apod.).<\/p>\n\n\n\n<p><strong>Jedn\u00e1 se o zanesen\u00ed poz\u016fstatky energi\u00ed:<\/strong><\/p>\n\n\n\n<p>&#8211; h\u00e1dek<\/p>\n\n\n\n<p>&#8211; smutku<\/p>\n\n\n\n<p>&#8211; nemoc\u00ed<\/p>\n\n\n\n<p>&#8211; nedobr\u00fdch my\u0161lenek<\/p>\n\n\n\n<p>&#8211; sebevra\u017ed nebo p\u0159irozen\u00e9ho \u00famrt\u00ed<\/p>\n\n\n\n<p>&#8211;  tragick\u00e9 ud\u00e1losti (zn\u00e1siln\u011bn\u00ed, vra\u017eda, nehoda aj.)<\/p>\n\n\n\n<p>Proto je d\u016fle\u017eit\u00e9 tyto prostory pr\u016fb\u011b\u017en\u011b kontrolovat a o\u0161et\u0159ovat. <\/p>\n\n\n\n<p><strong>Indicie, \u017ee je prostor ji\u017e zanesen (zat\u00ed\u017een):<\/strong><\/p>\n\n\n\n<ul class=\"wp-block-list\"><li>nec\u00edt\u00edme se zde dob\u0159e (neodpo\u010dneme si na dan\u00e9m m\u00edst\u011b)<\/li><li>nesp\u00ed se n\u00e1m ji\u017e dob\u0159e na dan\u00e9m m\u00edst\u011b, m\u00e1me \u0161patn\u00e9 sny<\/li><li>pes se nechce na dan\u00e9m m\u00edst\u011b zdr\u017eovat &#8211; ko\u010dka naopak m\u00edsto vyhled\u00e1v\u00e1<\/li><li>objevuj\u00ed se n\u00e1hl\u00e9 zdravotn\u00ed pot\u00ed\u017ee<\/li><\/ul>\n\n\n\n<p>Vy\u010distit prostor je t\u0159eba opravdu d\u016fkladn\u011b a je d\u016fle\u017eit\u00e9 tak\u00e9 o\u0161et\u0159it p\u0159edm\u011bty, kter\u00e9 \u010dasto u\u017e\u00edv\u00e1me, jako jsou: postel, st\u016fl, \u017eidle, no\u010dn\u00ed stolek apod.<\/p>\n\n\n\n<p><strong>Ide\u00e1ln\u00ed je, pokud V\u00e1m prostor vy\u010dist\u00ed osoba, kter\u00e1 se t\u00edmto dlouhodob\u011b zab\u00fdv\u00e1 a energi\u00edm rozum\u00ed <\/strong>(nebo\u0165 b\u011bhem o\u010di\u0161\u0165ov\u00e1n\u00ed do struktury energi\u00ed zasahujeme, ty se rozvi\u0159uj\u00ed a r\u016fzn\u011b si sedaj\u00ed a p\u0159eskupuj\u00ed se apod.). <\/p>\n\n\n\n<p><strong>Ne v\u017edy je v\u0161ak takov\u00e1 mo\u017enost mo\u017en\u00e1, proto na sv\u00fdch str\u00e1nk\u00e1ch uv\u00e1d\u00edm bezpe\u010dn\u00fd postup, kter\u00fdm je mo\u017en\u00e9 si o\u010distu, jako prvn\u00ed pomoc, ud\u011blat sami:<\/strong><\/p>\n\n\n\n<figure class=\"wp-block-embed is-type-wp-embed is-provider-martina-astragal wp-block-embed-martina-astragal\"><div class=\"wp-block-embed__wrapper\">\n<blockquote class=\"wp-embedded-content\" data-secret=\"DA6H9kwaYT\"><a href=\"https:\/\/astragal.cz\/index.php\/cisteni-prostoru\/\">\u010ci\u0161t\u011bn\u00ed prostoru<\/a><\/blockquote><iframe loading=\"lazy\" class=\"wp-embedded-content\" sandbox=\"allow-scripts\" security=\"restricted\" style=\"position: absolute; clip: rect(1px, 1px, 1px, 1px);\" title=\"&#8222;\u010ci\u0161t\u011bn\u00ed prostoru&#8220; &#8212; Martina  ASTRAGAL\" src=\"https:\/\/astragal.cz\/index.php\/cisteni-prostoru\/embed\/#?secret=zM3c9VKH7f#?secret=DA6H9kwaYT\" data-secret=\"DA6H9kwaYT\" width=\"600\" height=\"338\" frameborder=\"0\" marginwidth=\"0\" marginheight=\"0\" scrolling=\"no\"><\/iframe>\n<\/div><\/figure>\n\n\n\n<figure class=\"wp-block-embed is-type-wp-embed is-provider-martina-astragal wp-block-embed-martina-astragal\"><div class=\"wp-block-embed__wrapper\">\n<blockquote class=\"wp-embedded-content\" data-secret=\"imTYnFALP3\"><a href=\"https:\/\/astragal.cz\/index.php\/cisteni-prostoru-od-negativnich-energii\/\">\u010ci\u0161t\u011bn\u00ed prostoru od negativn\u00edch energi\u00ed<\/a><\/blockquote><iframe loading=\"lazy\" class=\"wp-embedded-content\" sandbox=\"allow-scripts\" security=\"restricted\" style=\"position: absolute; clip: rect(1px, 1px, 1px, 1px);\" title=\"&#8222;\u010ci\u0161t\u011bn\u00ed prostoru od negativn\u00edch energi\u00ed&#8220; &#8212; Martina  ASTRAGAL\" src=\"https:\/\/astragal.cz\/index.php\/cisteni-prostoru-od-negativnich-energii\/embed\/#?secret=AhNCE68TnJ#?secret=imTYnFALP3\" data-secret=\"imTYnFALP3\" width=\"600\" height=\"338\" frameborder=\"0\" marginwidth=\"0\" marginheight=\"0\" scrolling=\"no\"><\/iframe>\n<\/div><\/figure>\n\n\n\n<p class=\"has-blue-color has-text-color\"><strong>Pokud se rozhodnete pro odborn\u00e9 vy\u010di\u0161t\u011bn\u00ed, je mo\u017en\u00e9 jej prov\u00e9st:<\/strong><\/p>\n\n\n\n<p class=\"has-blue-color has-text-color\"><strong>TELEFONICK\u00dd Z\u00c1SAH:<\/strong><\/p>\n\n\n\n<p>Vzhledem k tomu, \u017ee vy\u010di\u0161t\u011bn\u00ed energeticky zanesen\u00e9ho prostoru nebo p\u0159edm\u011btu p\u0159\u00edmo na m\u00edst\u011b je nezastupiteln\u00e9, p\u0159istupovala bych k o\u010dist\u011b na d\u00e1lku jen v nutn\u00fdch p\u0159\u00edpadech.<\/p>\n\n\n\n<p>S\u00edla \u010dist\u011bn\u00ed na d\u00e1lku a osobn\u011b je nesrovnateln\u00e1 &#8211; p\u0159i osobn\u00edm kontaktu s m\u00edstem \u010di p\u0159edm\u011btem m\u00e1m mo\u017enost j\u00edt v\u00edce do hloubky a l\u00e9pe pracovat s odstra\u0148ovan\u00fdmi z\u00e1t\u011b\u017eemi.<\/p>\n\n\n\n<p><strong>\u010ci\u0161t\u011bn\u00ed se \u010dasto spojuje s diagnostickou kresbou dan\u00e9ho prostoru \u010di p\u0159edm\u011btu:<\/strong><\/p>\n\n\n\n<figure class=\"wp-block-embed is-type-wp-embed is-provider-martina-astragal wp-block-embed-martina-astragal\"><div class=\"wp-block-embed__wrapper\">\n<blockquote class=\"wp-embedded-content\" data-secret=\"4DwRkU0BvO\"><a href=\"https:\/\/astragal.cz\/index.php\/diagnosticka-kresba-energetickeho-zatizeni-domu-nebo-predmetu\/\">Diagnostick\u00e1 kresba energetick\u00e9ho zat\u00ed\u017een\u00ed domu nebo p\u0159edm\u011btu<\/a><\/blockquote><iframe loading=\"lazy\" class=\"wp-embedded-content\" sandbox=\"allow-scripts\" security=\"restricted\" style=\"position: absolute; clip: rect(1px, 1px, 1px, 1px);\" title=\"&#8222;Diagnostick\u00e1 kresba energetick\u00e9ho zat\u00ed\u017een\u00ed domu nebo p\u0159edm\u011btu&#8220; &#8212; Martina  ASTRAGAL\" src=\"https:\/\/astragal.cz\/index.php\/diagnosticka-kresba-energetickeho-zatizeni-domu-nebo-predmetu\/embed\/#?secret=6gf8OACNAH#?secret=4DwRkU0BvO\" data-secret=\"4DwRkU0BvO\" width=\"600\" height=\"338\" frameborder=\"0\" marginwidth=\"0\" marginheight=\"0\" scrolling=\"no\"><\/iframe>\n<\/div><\/figure>\n\n\n\n<p><strong>\u010ci\u0161t\u011bn\u00ed jednoho p\u0159edm\u011btu:<\/strong> <\/p>\n\n\n\n<p>\u010cekac\u00ed doba se pohybuje okolo 1-2 m\u011bs\u00edc\u016f.<\/p>\n\n\n\n<p><strong>\u010ci\u0161t\u011bn\u00ed domu nebo bytu a aury 1 klienta:<\/strong><\/p>\n\n\n\n<p>\u010cekac\u00ed doba se pohybuje okolo 2 m\u011bs\u00edce.<\/p>\n\n\n\n<p><strong>\u010ci\u0161t\u011bn\u00ed domu nebo bytu a vy\u010di\u0161t\u011bn\u00ed aur 4 klient\u016f:<\/strong><\/p>\n\n\n\n<p>\u010cekac\u00ed doba se pohybuje okolo 3 m\u011bs\u00edce.<\/p>\n\n\n\n<p class=\"has-blue-color has-text-color\"><strong>OSOBN\u00cd Z\u00c1SAH:<\/strong><\/p>\n\n\n\n<p>Jedn\u00e1 se o p\u0159edem domluven\u00fd v\u00fdjezd pan\u00ed Martiny a jej\u00edho asistenta (p\u0159i \u010dist\u011bn\u00ed je asistence vzhledem k n\u00e1ro\u010dnosti \u00fakonu nutn\u00e1) p\u0159\u00edmo na ur\u010den\u00e9 m\u00edsto. <\/p>\n\n\n\n<p><strong>Vy\u010di\u0161t\u011bn\u00ed panelov\u00e9ho 3 &#8211; 4 pokojov\u00e9ho bytu:<\/strong><\/p>\n\n\n\n<p>Trv\u00e1 cca 3 hodiny, podle m\u00edry zane\u0161en\u00ed.<\/p>\n\n\n\n<p><strong>Vy\u010di\u0161t\u011bn\u00ed studia \u010di kancel\u00e1\u0159e:<\/strong><\/p>\n\n\n\n<p>Trv\u00e1 cca 1 &#8211; 2 hodiny, podle velikosti prostoru.<\/p>\n\n\n\n<p><strong>Vy\u010di\u0161t\u011bn\u00ed rodinn\u00e9ho domu:<\/strong><\/p>\n\n\n\n<p>Trv\u00e1 cca 4 &#8211; 6 hodin, dle velikosti domu (rozd\u00edl je pokud \u010dist\u00edme bungalov nebo patrov\u00fd d\u016fm) a m\u00edry jeho zane\u0161en\u00ed.<\/p>\n\n\n\n<p><strong>Vy\u010di\u0161t\u011bn\u00ed chaty:<\/strong><\/p>\n\n\n\n<p>Trv\u00e1 cca 2 &#8211; 3 hodiny, dle velikosti prostoru.<\/p>\n\n\n\n<p><strong>Vy\u010di\u0161t\u011bn\u00ed zahrady \u010di pozemku:<\/strong><\/p>\n\n\n\n<p>Trv\u00e1 1 &#8211; 2 hodiny, dle velikosti \u0159e\u0161en\u00e9 plochy.<\/p>\n\n\n\n<p><strong>O\u010dista p\u0159edm\u011bt\u016f se prov\u00e1d\u00ed spolu s dan\u00fdm z\u00e1sahem na m\u00edst\u011b.<\/strong><\/p>\n\n\n\n<p><strong>\u010cekac\u00ed doba<\/strong>&nbsp;se pohybuje (vzhledem k tomu, \u017ee si na to Martina mus\u00ed vyhradit cel\u00fd den) okolo 4 &#8211; 6 m\u011bs\u00edc\u016f.<\/p>\n\n\n\n<p class=\"has-blue-color has-text-color\"><strong>INFORMACE K CEN\u011a ZA POSKYTNUT\u00c9 SLU\u017dBY<\/strong><\/p>\n\n\n\n<p class=\"has-blue-color has-text-color\"><strong>V\u00fd\u0161e odm\u011bny se skl\u00e1d\u00e1 :<\/strong><\/p>\n\n\n\n<ul class=\"wp-block-list\"><li>Ze 7 korun na kilometr ujet\u00e9 trasy (do 100 km se zapo\u010d\u00edt\u00e1v\u00e1 jen cesta k V\u00e1m, nad 100 km bohu\u017eel mus\u00edme zapo\u010d\u00edt\u00e1vat i cestu zp\u011bt &#8211; vzhledem k opot\u0159ebov\u00e1v\u00e1n\u00ed auta). <strong>Maxim\u00e1ln\u011b je mo\u017en\u00e9 dojet do 200 km vzd\u00e1len\u00e9ho m\u00edsta.  <\/strong><\/li><\/ul>\n\n\n\n<ul class=\"wp-block-list\"><li>Druhou slo\u017ekou odm\u011bny je 1200 K\u010d na hodinu pro pan\u00ed Martinu a jej\u00edho asistenta (\u010d\u00e1stka je za pr\u00e1ci obou, v\u010detn\u011b \u010dasu, kter\u00fd oba str\u00e1v\u00ed na cest\u011b v aut\u011b k V\u00e1m a zp\u011bt). <\/li><\/ul>\n\n\n\n<p>P\u0159\u00edsp\u011bvek&nbsp;je vyu\u017eit na odm\u011bnu asistenta pan\u00ed Martiny a na n\u00e1klady spojen\u00e9 se slu\u017ebami, kter\u00e9 Martina poskytuje<strong>.<\/strong><\/p>\n\n\n\n<p><\/p>\n","protected":false},"excerpt":{"rendered":"<p>V pr\u016fb\u011bhu na\u0161eho \u017eivota doch\u00e1z\u00ed k p\u0159irozen\u00e9mu pr\u016fb\u011b\u017en\u00e9mu energetick\u00e9mu zane\u0161en\u00ed prostoru, ve kter\u00e9m se pravideln\u011b a dlouhodob\u011b pohybujeme (toto se t\u00fdk\u00e1 na\u0161eho bytu, chaty, pr\u00e1ce, obl\u00edben\u00e9ho medita\u010dn\u00edho m\u00edsta na zahr\u00e1dce \u010di v lese apod.). Jedn\u00e1 se o zanesen\u00ed poz\u016fstatky energi\u00ed: &#8211; h\u00e1dek &#8211; smutku &#8211; nemoc\u00ed &#8211; nedobr\u00fdch my\u0161lenek &#8211; sebevra\u017ed nebo p\u0159irozen\u00e9ho \u00famrt\u00ed &#8211; [&hellip;]<\/p>\n","protected":false},"author":1,"featured_media":0,"parent":0,"menu_order":0,"comment_status":"closed","ping_status":"closed","template":"","meta":{"_mc_calendar":[],"footnotes":""},"class_list":["post-7858","page","type-page","status-publish","hentry"],"_links":{"self":[{"href":"https:\/\/astragal.cz\/index.php\/wp-json\/wp\/v2\/pages\/7858","targetHints":{"allow":["GET"]}}],"collection":[{"href":"https:\/\/astragal.cz\/index.php\/wp-json\/wp\/v2\/pages"}],"about":[{"href":"https:\/\/astragal.cz\/index.php\/wp-json\/wp\/v2\/types\/page"}],"author":[{"embeddable":true,"href":"https:\/\/astragal.cz\/index.php\/wp-json\/wp\/v2\/users\/1"}],"replies":[{"embeddable":true,"href":"https:\/\/astragal.cz\/index.php\/wp-json\/wp\/v2\/comments?post=7858"}],"version-history":[{"count":21,"href":"https:\/\/astragal.cz\/index.php\/wp-json\/wp\/v2\/pages\/7858\/revisions"}],"predecessor-version":[{"id":9911,"href":"https:\/\/astragal.cz\/index.php\/wp-json\/wp\/v2\/pages\/7858\/revisions\/9911"}],"wp:attachment":[{"href":"https:\/\/astragal.cz\/index.php\/wp-json\/wp\/v2\/media?parent=7858"}],"curies":[{"name":"wp","href":"https:\/\/api.w.org\/{rel}","templated":true}]}}