{"id":789,"date":"2020-05-09T18:11:30","date_gmt":"2020-05-09T17:11:30","guid":{"rendered":"http:\/\/astragal.cz\/?page_id=789"},"modified":"2020-05-09T19:57:44","modified_gmt":"2020-05-09T18:57:44","slug":"poselstvi-na-rok-2016","status":"publish","type":"page","link":"https:\/\/astragal.cz\/index.php\/poselstvi-na-rok-2016\/","title":{"rendered":"Poselstv\u00ed na rok 2016"},"content":{"rendered":"\n<p>N\u00e1sleduj\u00edc\u00ed rok bude zcela jin\u00fd ne\u017e ty p\u0159edchoz\u00ed.<\/p>\n\n\n\n<p>U\u017e nebude tolik o n\u00e1s, o tom, \u017ee \u0159e\u0161\u00edme sv\u00e9 bloky, konflikty a hlavn\u011b sami sebe, ale bude o tom, \u017ee na povrch za\u010dnou vyplouvat v\u011bci, tak jak skute\u010dn\u011b jsou.<\/p>\n\n\n\n<p>Poprv\u00e9 uvid\u00edte pravdu o v\u0161em co je v n\u00e1s a okolo n\u00e1s. A nejen \u017ee ji uvid\u00edte, vy j\u00ed i porozum\u00edte.<\/p>\n\n\n\n<p>Zjist\u00edte, jak\u00e9 jsou skute\u010dn\u00e9 motivy v\u00e1s sam\u00fdch a lid\u00ed okolo v\u00e1s, kdo je v\u00e1\u0161 p\u0159\u00edtel a kdo nikoli. Co je \u010din\u011bno nezi\u0161tn\u011b a co za n\u011bjak\u00fdm \u00fa\u010delem. Budete moci poznat skryt\u00e9 motivy a informace. Bude v\u00e1m uk\u00e1z\u00e1no, v \u010dem jste dosud \u017eili a jak jste se v mnoha v\u011bcech m\u00fdlili. Netrapte se t\u00edm, jednali jste tak nejl\u00e9pe, jak jste v dan\u00e9 situaci a s dan\u00fdmi informacemi mohli. Nen\u00ed d\u016fvod si nad t\u00edm obrazem zoufat, ale radovat se, \u017ee mraky odstoupily a vy zase zcela jasn\u011b m\u016f\u017eete vid\u011bt horizont.<\/p>\n\n\n\n<p>Spat\u0159\u00edte i d\u016fvody v\u0161ech va\u0161ich nezdar\u016f, a pokud budete t\u011bmto informac\u00edm otev\u0159en\u00ed, budete m\u00edt mo\u017enost zm\u011bnit va\u0161e \u017eivoty.<\/p>\n\n\n\n<p>P\u0159ijm\u011bte s pokorou v\u0161e, co k v\u00e1m bude p\u0159ich\u00e1zet, i kdy\u017e spoustu z toho nebudete cht\u00edt vid\u011bt a nejrad\u011bji byste to n\u011bjak vymazali, ale i to nepoveden\u00e9 a \u0161patn\u00e9 je na\u0161\u00ed sou\u010d\u00e1st\u00ed a pokud dok\u00e1\u017eeme p\u0159ijmout sv\u00e9 st\u00edny, nebudou ji\u017e m\u00edt v na\u0161em sv\u011bt\u011b m\u00edsto.<\/p>\n\n\n\n<p>Budete hodn\u011b unaven\u00ed po p\u0159edchoz\u00edm roce, kter\u00fd byl neskute\u010dn\u011b n\u00e1ro\u010dn\u00fd, ale nenechte se t\u00edm zlomit. Za\u010d\u00e1tek roku se bude odehr\u00e1vat je\u0161t\u011b v dozn\u00edvaj\u00edc\u00edch ne p\u0159\u00edli\u0161 vesel\u00fdch energi\u00edch, ale zhruba od b\u0159ezna se zase za\u010dne da\u0159it a vydr\u017eet by to m\u011blo a\u017e do z\u00e1v\u011bru roku. Prosinec pak bude op\u011bt trochu n\u00e1ro\u010dn\u011bj\u0161\u00ed.<\/p>\n\n\n\n<p>Zkr\u00e1tka nejste tu pro z\u00e1bavu, ale pro studium a v\u00e1\u0161 v\u00fdvoj.<br>\u010c\u00edm d\u0159\u00edve to pochop\u00edte a p\u0159ijmete, t\u00edm rychleji a l\u00e9pe se v\u00e1m za\u010dne da\u0159it.<br>Jste zodpov\u011bdn\u00ed za va\u0161e \u017eivoty a za to, co se v nich odehr\u00e1v\u00e1, a\u0165 se v\u00e1m to l\u00edb\u00ed nebo ne. Ne v\u017edy rozum\u00edte tomu, pro\u010d se v\u00e1m pr\u00e1v\u011b te\u010f d\u011bje to, co se v\u00e1m d\u011bje, ale v\u017edy je to v souladu s cestou va\u0161\u00ed du\u0161e.<\/p>\n\n\n\n<p>P\u00e1trejte po odpov\u011bd\u00edch, nez\u016fst\u00e1vejte v letargii, nebu\u010fte lhostejn\u00ed k tomu, co se d\u011bje okolo v\u00e1s. Jste sou\u010d\u00e1st\u00ed cel\u00e9ho tohoto sv\u011bta, t\u00fdk\u00e1 se v\u00e1s co se d\u011bje s planetou Zem\u00ed, co se d\u011bje na druh\u00e9m kontinentu, co se d\u011bje va\u0161im soused\u016fm, va\u0161im p\u0159\u00e1tel\u016fm. Jste sou\u010d\u00e1st\u00ed v\u0161eho okolo v\u00e1s a to v\u0161e je sou\u010d\u00e1st\u00ed va\u0161\u00ed. Bu\u010fte s t\u00edm v souladu.<\/p>\n\n\n\n<p>Neroz\u0161i\u0159ujte nen\u00e1vist, ale l\u00e1sku. Nez\u016fst\u00e1vejte ve vzteku, ale v radosti. Nebu\u010fte sobe\u010dt\u00ed, ale pokorn\u00ed. Nebojujte hned proti \u0161patn\u00e9 situaci, ale sna\u017ete se ji pochopit a pak teprve jednejte. Chovejte se ke ka\u017ed\u00e9mu, jak chcete, aby se on choval k v\u00e1m. Dr\u017ete se jen t\u011bch informac\u00ed, kter\u00e9 c\u00edt\u00edte, \u017ee jsou s v\u00e1mi v souladu (m\u016f\u017eete je p\u0159ijmout srdcem, souhlas\u00edte s nimi, vnit\u0159n\u011b jim v\u011b\u0159\u00edte).<\/p>\n\n\n\n<p>Je to jen p\u00e1r jednoduch\u00fdch pravidel, kter\u00e1 tvo\u0159\u00ed harmonii \u2013 dr\u017ete se jich a budete \u0161\u0165astn\u00ed. Netvrd\u00edm, \u017ee po\u0159\u00e1d, 365 dn\u00ed v roce, ale po jeho p\u0159ev\u00e1\u017enou \u010d\u00e1st. A to u\u017e stoj\u00ed za zv\u00e1\u017een\u00ed, ne?<\/p>\n\n\n\n<p>S l\u00e1skou a \u00factou ke ka\u017ed\u00e9mu z v\u00e1s, Martina<\/p>\n","protected":false},"excerpt":{"rendered":"<p>N\u00e1sleduj\u00edc\u00ed rok bude zcela jin\u00fd ne\u017e ty p\u0159edchoz\u00ed. U\u017e nebude tolik o n\u00e1s, o tom, \u017ee \u0159e\u0161\u00edme sv\u00e9 bloky, konflikty a hlavn\u011b sami sebe, ale bude o tom, \u017ee na povrch za\u010dnou vyplouvat v\u011bci, tak jak skute\u010dn\u011b jsou. Poprv\u00e9 uvid\u00edte pravdu o v\u0161em co je v n\u00e1s a okolo n\u00e1s. A nejen \u017ee ji uvid\u00edte, [&hellip;]<\/p>\n","protected":false},"author":1,"featured_media":0,"parent":0,"menu_order":0,"comment_status":"closed","ping_status":"closed","template":"","meta":{"_mc_calendar":[],"footnotes":""},"class_list":["post-789","page","type-page","status-publish","hentry"],"_links":{"self":[{"href":"https:\/\/astragal.cz\/index.php\/wp-json\/wp\/v2\/pages\/789","targetHints":{"allow":["GET"]}}],"collection":[{"href":"https:\/\/astragal.cz\/index.php\/wp-json\/wp\/v2\/pages"}],"about":[{"href":"https:\/\/astragal.cz\/index.php\/wp-json\/wp\/v2\/types\/page"}],"author":[{"embeddable":true,"href":"https:\/\/astragal.cz\/index.php\/wp-json\/wp\/v2\/users\/1"}],"replies":[{"embeddable":true,"href":"https:\/\/astragal.cz\/index.php\/wp-json\/wp\/v2\/comments?post=789"}],"version-history":[{"count":4,"href":"https:\/\/astragal.cz\/index.php\/wp-json\/wp\/v2\/pages\/789\/revisions"}],"predecessor-version":[{"id":842,"href":"https:\/\/astragal.cz\/index.php\/wp-json\/wp\/v2\/pages\/789\/revisions\/842"}],"wp:attachment":[{"href":"https:\/\/astragal.cz\/index.php\/wp-json\/wp\/v2\/media?parent=789"}],"curies":[{"name":"wp","href":"https:\/\/api.w.org\/{rel}","templated":true}]}}