{"id":793,"date":"2020-05-09T18:12:07","date_gmt":"2020-05-09T17:12:07","guid":{"rendered":"http:\/\/astragal.cz\/?page_id=793"},"modified":"2020-05-09T20:02:24","modified_gmt":"2020-05-09T19:02:24","slug":"poselstvi-na-rok-2018","status":"publish","type":"page","link":"https:\/\/astragal.cz\/index.php\/poselstvi-na-rok-2018\/","title":{"rendered":"Poselstv\u00ed na rok 2018"},"content":{"rendered":"\n<p>Toto je prvn\u00ed p\u0159edpov\u011b\u010f po dlouh\u00fdch letech, kdy skoro nic nen\u00ed d\u00e1no p\u0159edem, proto bylo pro mne tak t\u011b\u017ek\u00e9 v\u00e1m ji n\u011bjak konkr\u00e9tn\u011b zprost\u0159edkovat.<br>\u0158eknu to tedy jednodu\u0161e &#8211; n\u00e1sleduj\u00edc\u00ed rok bude takov\u00fd, jak\u00fd si ho ud\u011bl\u00e1te (z hlediska energi\u00ed, z\u00e1\u017eitk\u016f, zdrav\u00ed, vztah\u016f, pr\u00e1ce i vztahu k sob\u011b).<\/p>\n\n\n\n<p>Budete pro\u017e\u00edvat takovou realitu, ve kterou budete v\u011b\u0159it. N\u00e1nosy z chybn\u00fdch jedn\u00e1n\u00ed nap\u0159. z minul\u00fdch \u017eivot\u016f ji\u017e nebudou hr\u00e1t takovou roli jako d\u0159\u00edv. Ani s\u00edla \u201eu\u0159knut\u00ed \u010di proklet\u00ed\u201c na v\u00e1s nezanech\u00e1 velk\u00e9 stopy, pokud budete nastaveni na dobro a harmonii se v\u0161\u00edm kolem v\u00e1s.<\/p>\n\n\n\n<p>Budete \u017e\u00edt takov\u00e9 vztahy, kter\u00e9 jste si vytvo\u0159ili a ke kter\u00fdm sv\u00fdm jedn\u00e1n\u00edm sp\u011bjete.<br>Budete zdrav\u00ed na tolik, na kolik si jen dovol\u00edte a va\u0161e nemoci se budou uzdravovat tak rychle, jak jim to va\u0161e mysl a srdce umo\u017en\u00ed. Zde je mo\u017en\u00e1 dobr\u00e9 podotknout, \u017ee p\u0159edpokladem k uzdraven\u00ed ji\u017e nyn\u00ed je a bude va\u0161e vlastn\u00ed snaha a pr\u00e1ce s\u00e1m se sebou. Z\u00e1zra\u010dn\u00e1 uzdraven\u00ed se mohou d\u00edt, ale cesta k nim je v\u017edy skrz nemocn\u00e9ho sam\u00e9ho, nikoli p\u0159es z\u00e1zra\u010dn\u00e9ho \u0161amana \u010di l\u00e9\u010ditele (tento \u010dlov\u011bk v\u00e1m jen uk\u00e1\u017ee cestu a pom\u016f\u017ee z nejhor\u0161\u00edho, ostatn\u00ed je na v\u00e1s).<\/p>\n\n\n\n<p>Naleznete tolik hojnosti, o kolik vesm\u00edr po\u017e\u00e1d\u00e1te (a to bohu\u017eel i v tom negativn\u00edm smyslu \u2013 tak\u017ee pozor na va\u0161e my\u0161lenky a p\u0159esv\u011bd\u010den\u00ed, budou velmi rychle vytv\u00e1\u0159et va\u0161i realitu). Zam\u011b\u0159ujte proto pozornost jen na to, co si p\u0159ejete a ne na to, \u010deho se boj\u00edte. Pokud p\u0159ijdou t\u011b\u017ek\u00e9 chv\u00edle, je to proto, \u017ee je\u0161t\u011b n\u011bco m\u00e1te pochopit, n\u011b\u010demu se nau\u010dit \u010di prov\u011b\u0159it si, \u017ee jste se skute\u010dn\u011b posunuli. Nenad\u00e1vejte osudu za tyto \u201er\u00e1ny\u201c, ale pokorn\u011b je p\u0159ij\u00edmejte \u2013 pak se situace skoro sami a rychle vy\u0159e\u0161\u00ed.<\/p>\n\n\n\n<p>Sv\u011bt se trochu zpomal\u00ed, ale negativn\u00ed n\u00e1sledky na\u0161ich \u010din\u016f v\u016f\u010di planet\u011b budou pokra\u010dovat d\u00e1l sv\u00fdm tempem \u2013 poprv\u00e9 za dlouhou dobu v\u0161ak m\u00e1me mo\u017enost to skute\u010dn\u011b za\u010d\u00edt m\u011bnit sv\u00fdm my\u0161len\u00edm a modlitbami (prosbami). Pokud vy\u0161lete skute\u010dn\u00e9 p\u0159\u00e1n\u00ed pomoci na\u0161\u00ed zemi se uzdravit (my\u0161lenky l\u00e1sky a d\u00edk\u016f v\u016f\u010di planet\u011b, na kter\u00e9 \u017eijete) p\u016fda, vzduch i voda v\u00e1s budou sly\u0161et a mohou se za\u010d\u00edt samo uzdravovat.<\/p>\n\n\n\n<p>M\u016f\u017eeme zm\u011bnit to co se d\u011bje okolo n\u00e1s\u2026. m\u016f\u017eeme zm\u011bnit vznikl\u00fd chaos, zlost, nen\u00e1vist a sobeckost\u2026. my jsme ten kl\u00ed\u010d, nikdo jin\u00fd a nikdo jin\u00fd ne\u017e my sami n\u00e1m tak\u00e9 nem\u016f\u017ee pomoci to zm\u011bnit \u2013 to si m\u00e1me v roce 2018 uv\u011bdomit.<br> My tvo\u0159\u00edme to, co \u017eijeme. Nejen v na\u0161ich soukrom\u00fdch \u017eivotech, ale tak\u00e9 glob\u00e1ln\u011b z pohledu cel\u00e9ho sv\u011bta.<\/p>\n\n\n\n<p>Nen\u00ed jedno, co ud\u011bl\u00e1m j\u00e1, nebo\u0165 j\u00e1 jsem sou\u010d\u00e1st celku, na kter\u00e9m se potom m\u016fj \u010din odraz\u00ed a p\u0159isp\u011bje k vytvo\u0159en\u00ed cel\u00e9ho obrazu reality \u017eivota na planet\u011b zemi. Ka\u017ed\u00fd jednotlivec z n\u00e1s je zodpov\u011bdn\u00fd za to, co \u017eijeme. Je \u010das p\u0159ijmout toto pochopen\u00ed pravdy na\u0161ich \u017eivot\u016f a za\u010d\u00edt podle toho jednat.<\/p>\n\n\n\n<p>Rok, kter\u00fd p\u0159ich\u00e1z\u00ed je rokem otev\u0159en\u00fdch mo\u017enost\u00ed. Pokud si zametete p\u0159ed vlastn\u00edm prahem, pochop\u00edte, \u017ee odpu\u0161t\u011bn\u00ed druh\u00e9mu je vlastn\u011b p\u0159edev\u0161\u00edm po\u017eehn\u00e1n\u00edm pro v\u00e1s a va\u0161im vlastn\u00edm osvobozen\u00edm se od z\u00e1\u0161ti a bolesti, m\u016f\u017eete dos\u00e1hnout mnoh\u00e9.<br> V tomto roce budeme osvobozovat sami sebe z pout iluze, ve kter\u00e9 jsme mnohdy dote\u010f \u017eili, pochop\u00edme a uvid\u00edme pravdu o na\u0161ich \u017eivotech a postoj\u00edch z \u0161ir\u0161\u00edho \u00fahlu pohledu.<\/p>\n\n\n\n<p>Pokud to dok\u00e1\u017eeme &#8211; pochop\u00edme, \u017ee bojovat s druh\u00fdm nem\u00e1 smysl, nebo\u0165 ka\u017ed\u00fd z n\u00e1s m\u00e1 svoji cestu a ta na\u0161e nemus\u00ed b\u00fdt tou dobrou pro druh\u00e9ho. Dop\u0159ejeme si osobn\u00ed svobody ve smyslu neomezov\u00e1n\u00ed n\u00e1zor\u016f druh\u00e9ho, respektu a pochopen\u00ed.<\/p>\n\n\n\n<p>V roce 2018 na jeho za\u010d\u00e1tku za\u017eijeme jist\u00e9 pochyby o v\u0161em v na\u0161em \u017eivot\u011b, bude to p\u0159edev\u0161\u00edm v d\u016fsledku dozn\u00edvaj\u00edc\u00edch rozkol\u00edsan\u00fdch energi\u00ed roku 2017. Ale jestli\u017ee zachov\u00e1me klid a v\u00edru, pak v druh\u00e9 t\u0159etin\u011b roku 2018 nalezneme sv\u00e9 m\u00edsto, posl\u00e1n\u00ed, vnit\u0159n\u00ed klid a pocit, \u017ee jsme kone\u010dn\u011b po plavb\u011b na rozbou\u0159en\u00e9m nekone\u010dn\u00e9m oce\u00e1nu p\u0159ist\u00e1li ve vytou\u017een\u00e9m p\u0159\u00edstavu.<br><br>P\u0159eji v\u00e1m v\u0161em z cel\u00e9ho srdce hodn\u011b s\u00edly, proz\u0159etelnosti, pevnou v\u00edru v sama sebe a smysl va\u0161\u00ed cesty a budu se na v\u00e1s t\u011b\u0161it v na\u0161ich spole\u010dn\u00fdch prosb\u00e1ch za uzdraven\u00ed na\u0161\u00ed planety, na kter\u00e9 d\u00edky nim budeme moci pro\u017e\u00edt je\u0161t\u011b mnoho \u0161\u0165astn\u00fdch let.<br> Martina<\/p>\n","protected":false},"excerpt":{"rendered":"<p>Toto je prvn\u00ed p\u0159edpov\u011b\u010f po dlouh\u00fdch letech, kdy skoro nic nen\u00ed d\u00e1no p\u0159edem, proto bylo pro mne tak t\u011b\u017ek\u00e9 v\u00e1m ji n\u011bjak konkr\u00e9tn\u011b zprost\u0159edkovat.\u0158eknu to tedy jednodu\u0161e &#8211; n\u00e1sleduj\u00edc\u00ed rok bude takov\u00fd, jak\u00fd si ho ud\u011bl\u00e1te (z hlediska energi\u00ed, z\u00e1\u017eitk\u016f, zdrav\u00ed, vztah\u016f, pr\u00e1ce i vztahu k sob\u011b). Budete pro\u017e\u00edvat takovou realitu, ve kterou budete v\u011b\u0159it. [&hellip;]<\/p>\n","protected":false},"author":1,"featured_media":0,"parent":0,"menu_order":0,"comment_status":"closed","ping_status":"closed","template":"","meta":{"_mc_calendar":[],"footnotes":""},"class_list":["post-793","page","type-page","status-publish","hentry"],"_links":{"self":[{"href":"https:\/\/astragal.cz\/index.php\/wp-json\/wp\/v2\/pages\/793","targetHints":{"allow":["GET"]}}],"collection":[{"href":"https:\/\/astragal.cz\/index.php\/wp-json\/wp\/v2\/pages"}],"about":[{"href":"https:\/\/astragal.cz\/index.php\/wp-json\/wp\/v2\/types\/page"}],"author":[{"embeddable":true,"href":"https:\/\/astragal.cz\/index.php\/wp-json\/wp\/v2\/users\/1"}],"replies":[{"embeddable":true,"href":"https:\/\/astragal.cz\/index.php\/wp-json\/wp\/v2\/comments?post=793"}],"version-history":[{"count":3,"href":"https:\/\/astragal.cz\/index.php\/wp-json\/wp\/v2\/pages\/793\/revisions"}],"predecessor-version":[{"id":848,"href":"https:\/\/astragal.cz\/index.php\/wp-json\/wp\/v2\/pages\/793\/revisions\/848"}],"wp:attachment":[{"href":"https:\/\/astragal.cz\/index.php\/wp-json\/wp\/v2\/media?parent=793"}],"curies":[{"name":"wp","href":"https:\/\/api.w.org\/{rel}","templated":true}]}}