{"id":8179,"date":"2023-09-01T11:26:02","date_gmt":"2023-09-01T10:26:02","guid":{"rendered":"https:\/\/astragal.cz\/?page_id=8179"},"modified":"2023-09-01T11:26:02","modified_gmt":"2023-09-01T10:26:02","slug":"poselstvi-pro-tento-rok","status":"publish","type":"page","link":"https:\/\/astragal.cz\/index.php\/poselstvi-pro-tento-rok\/","title":{"rendered":"Poselstv\u00ed pro tento rok"},"content":{"rendered":"\n<p>V\u011bt\u0161ina lid\u00ed chce a pot\u0159ebuje na konci ka\u017ed\u00e9ho roku sly\u0161et p\u0159edpov\u011bdi, co a jak se stane, jak\u00e9 maj\u00ed o\u010dek\u00e1vat ud\u00e1losti, \u010deho se maj\u00ed vyvarovat apod..<\/p>\n\n\n\n<p>Ale takov\u00e9 zpr\u00e1vy nejsou nyn\u00ed smyslem vy\u0161\u0161\u00ed moci. Zpr\u00e1vy, kter\u00e9 m\u00e1m pro nadch\u00e1zej\u00edc\u00ed rok 2023 p\u0159edat maj\u00ed zcela jin\u00fd obsah.<\/p>\n\n\n\n<p><strong>Proz\u0159etelnost n\u00e1s pros\u00ed a nab\u00e1d\u00e1, abychom:<\/strong><\/p>\n\n\n\n<ul class=\"wp-block-list\"><li>ve sv\u00e9m srdci dr\u017eeli l\u00e1sku, ne nen\u00e1vist a zlost<\/li><li>vytv\u00e1\u0159eli situace a realitu, kter\u00e1 je harmonick\u00e1 a vede k vz\u00e1jemn\u00e9mu respektu<\/li><li>p\u0159estali na prvn\u00ed m\u00edsto d\u00e1vat j\u00e1 a u\u017e kone\u010dn\u011b p\u0159ijali spole\u010dn\u00e9 my<\/li><li>nebyli lhostejn\u00ed k osud\u016fm druh\u00fdch<\/li><li>mluvili pravdu a pravdu ctili<\/li><li>si v\u00e1\u017eili sv\u00e9ho slova a dodr\u017eovali jej<\/li><li>p\u0159estali b\u00fdt v\u011b\u010dn\u011b nespokojen\u00ed<\/li><li>um\u011bli pochv\u00e1lit a ocenit sebe i druh\u00e9ho<\/li><li>si vz\u00e1jemn\u011b d\u00e1vali prostor a netla\u010dili se do situac\u00ed, ve kter\u00fdch jeden nebo druh\u00fd nechce b\u00fdt<\/li><li>si nevyb\u00edjeli na sob\u011b zlost a na\u0161tv\u00e1n\u00ed z nepoda\u0159en\u00e9ho<\/li><li>si nez\u00e1vid\u011bli, ale p\u0159\u00e1li druh\u00e9mu jeho \u0161t\u011bst\u00ed<\/li><li>necht\u011bli trestat ty, kte\u0159\u00ed nejednaj\u00ed spr\u00e1vn\u011b, ale abychom um\u011bli toto p\u0159enechat vy\u0161\u0161\u00ed moci, kter\u00e1 je nestrann\u00e1 a spravedliv\u00e1<\/li><li>se um\u011bli omluvit, pokud jsme zranili \u010di jsme se nezachovali spr\u00e1vn\u011b<\/li><li>byli up\u0159\u00edmn\u00ed k sob\u011b, i k druh\u00fdm<\/li><li>sami sebe vedli k pou\u017e\u00edv\u00e1n\u00ed l\u00e1skypln\u00fdch slov nebo slov podpory, m\u00edsto k\u0159iku, obvi\u0148ov\u00e1n\u00ed a hany<\/li><li>odpou\u0161t\u011bli sob\u011b i druh\u00fdm<\/li><li>se v\u017edy starali v\u00edce o chyby sv\u00e9 a ne o chyby druh\u00fdch<\/li><li>chovali se k sob\u011b s pochopen\u00edm, up\u0159\u00edmn\u00fdm z\u00e1jmem o pocity druh\u00e9ho<\/li><li>nesna\u017eili se b\u00fdt v\u0161ude prvn\u00ed a m\u00edt ve v\u0161em m\u00edt pravdu<\/li><li>pochopili, \u017ee v\u017edy a ve v\u0161em jde jen o \u00fahel pohledu a p\u0159\u00edt se tvrdohlav\u011b o svou pravdu je zcela nesmysln\u00e9<\/li><li>nesoudili a nekritizovali sebe ani druh\u00e9<\/li><li>p\u0159estali kl\u00e1st na piedestal hmotu a mamon, ale v poko\u0159e d\u011bkovali za v\u0161e, co m\u00e1me<\/li><li>se st\u00e1le sna\u017eili b\u00fdt lep\u0161\u00edmi lidmi<\/li><\/ul>\n\n\n\n<p>Toto je poselstv\u00ed, kter\u00e9 m\u00e1m p\u0159edat. Toto je cesta, kterou bychom v dal\u0161\u00edm roce m\u011bli j\u00edt.<\/p>\n\n\n\n<p>Mo\u017en\u00e1 to mnoh\u00fdm p\u0159ijde ohran\u00e9 nebo p\u0159\u00edli\u0161 oby\u010dejn\u00e9, ale to nejsiln\u011bj\u0161\u00ed a nejcenn\u011bj\u0161\u00ed, co n\u00e1m mohou do dal\u0161\u00edch dn\u00ed ze shora d\u00e1t. Nen\u00ed jin\u00e1, ani lep\u0161\u00ed rada \u2013 je jen jedin\u00e1 cesta a jedin\u00e1 mo\u017enost, jak je\u0161t\u011b m\u016f\u017eeme zm\u011bnit a zachr\u00e1nit n\u00e1\u0161 sv\u011bt a jeho obraz, kter\u00fd jsme si l\u00e9ta skutek za skutkem tvo\u0159ili.<\/p>\n\n\n\n<p>Pokud zvol\u00edme vnit\u0159n\u00ed \u010distotu, l\u00e1sku a sv\u011btlo \u2013 m\u016f\u017eeme si b\u00fdt jist\u00ed, \u017ee se n\u00e1m dostane velk\u00e9 pomoci, abychom p\u0159ekro\u010dili sv\u016fj st\u00edn a nalezli c\u00edl.<\/p>\n\n\n\n<p>Mo\u017en\u00e1, \u017ee se tak bude d\u00edt pomalu a 1000 000x se bude zd\u00e1t, \u017ee vyhr\u00e1la tma. Ale na konci\u2026. na konci tohoto souboje \u010dern\u00e9 a b\u00edle, zase v\u0161e splyne v jedno a sv\u011btlo se stane \u00fapln\u00fdm, jako tomu bylo na sam\u00e9m za\u010d\u00e1tku.<\/p>\n\n\n\n<p>P\u0159eji v\u00e1m, abyste m\u011bli s\u00edlu a chu\u0165 na sob\u011b d\u00e1l pracovat a aby se v\u00e1m poda\u0159ilo splnit alespo\u0148 polovinu toho, co by si od n\u00e1s lid\u00ed ze shora p\u0159\u00e1li.<\/p>\n\n\n\n<p>Martina<\/p>\n","protected":false},"excerpt":{"rendered":"<p>V\u011bt\u0161ina lid\u00ed chce a pot\u0159ebuje na konci ka\u017ed\u00e9ho roku sly\u0161et p\u0159edpov\u011bdi, co a jak se stane, jak\u00e9 maj\u00ed o\u010dek\u00e1vat ud\u00e1losti, \u010deho se maj\u00ed vyvarovat apod.. Ale takov\u00e9 zpr\u00e1vy nejsou nyn\u00ed smyslem vy\u0161\u0161\u00ed moci. Zpr\u00e1vy, kter\u00e9 m\u00e1m pro nadch\u00e1zej\u00edc\u00ed rok 2023 p\u0159edat maj\u00ed zcela jin\u00fd obsah. Proz\u0159etelnost n\u00e1s pros\u00ed a nab\u00e1d\u00e1, abychom: ve sv\u00e9m srdci dr\u017eeli [&hellip;]<\/p>\n","protected":false},"author":1,"featured_media":0,"parent":0,"menu_order":0,"comment_status":"closed","ping_status":"closed","template":"","meta":{"_mc_calendar":[],"footnotes":""},"class_list":["post-8179","page","type-page","status-publish","hentry"],"_links":{"self":[{"href":"https:\/\/astragal.cz\/index.php\/wp-json\/wp\/v2\/pages\/8179","targetHints":{"allow":["GET"]}}],"collection":[{"href":"https:\/\/astragal.cz\/index.php\/wp-json\/wp\/v2\/pages"}],"about":[{"href":"https:\/\/astragal.cz\/index.php\/wp-json\/wp\/v2\/types\/page"}],"author":[{"embeddable":true,"href":"https:\/\/astragal.cz\/index.php\/wp-json\/wp\/v2\/users\/1"}],"replies":[{"embeddable":true,"href":"https:\/\/astragal.cz\/index.php\/wp-json\/wp\/v2\/comments?post=8179"}],"version-history":[{"count":1,"href":"https:\/\/astragal.cz\/index.php\/wp-json\/wp\/v2\/pages\/8179\/revisions"}],"predecessor-version":[{"id":8180,"href":"https:\/\/astragal.cz\/index.php\/wp-json\/wp\/v2\/pages\/8179\/revisions\/8180"}],"wp:attachment":[{"href":"https:\/\/astragal.cz\/index.php\/wp-json\/wp\/v2\/media?parent=8179"}],"curies":[{"name":"wp","href":"https:\/\/api.w.org\/{rel}","templated":true}]}}