{"id":8185,"date":"2023-09-01T11:31:23","date_gmt":"2023-09-01T10:31:23","guid":{"rendered":"https:\/\/astragal.cz\/?page_id=8185"},"modified":"2023-09-01T11:42:44","modified_gmt":"2023-09-01T10:42:44","slug":"souhrn-zasadnich-poselstvi-2023","status":"publish","type":"page","link":"https:\/\/astragal.cz\/index.php\/souhrn-zasadnich-poselstvi-2023\/","title":{"rendered":"Souhrn z\u00e1sadn\u00edch poselstv\u00ed 2023"},"content":{"rendered":"\n<p><\/p>\n\n\n\n<hr color=\"black\" align=\"center\" noshade=\"\">\n\n\n\n<p><strong>Dne 11.6. 2023<\/strong><\/p>\n\n\n\n<p>Ne v\u0161echny na\u0161e modlitby jsou v\u017edy vysly\u0161eny, p\u0159esto\u017ee pros\u00edme up\u0159\u00edmn\u011b, v\u011b\u0159\u00edme a vytrv\u00e1v\u00e1me v o\u010dek\u00e1v\u00e1n\u00ed spln\u011bn\u00ed na\u0161ich p\u0159\u00e1n\u00ed.<\/p>\n\n\n\n<p>Je to v po\u0159\u00e1dku, nebo\u0165 v\u0161e k n\u00e1m p\u0159ich\u00e1z\u00ed tak jak m\u00e1, v ten spr\u00e1vn\u00fd \u010das.<\/p>\n\n\n\n<p>Kolikr\u00e1t jsem toto ji\u017e sly\u0161ela a za tuto v\u011btu se i minulosti zlobila, kdy\u017e jsem ur\u010dit\u00fd v\u00fdvoj ve sv\u00e9m \u017eivot\u011b cht\u011bla jinak ne\u017e p\u0159ich\u00e1zel, \u010di kdy\u017e jsem nerozum\u011bla tomu PRO\u010c to nem\u016f\u017ee b\u00fdt jinak nebo tak, jak j\u00e1 chci.<\/p>\n\n\n\n<p><strong>Ned\u00e1vno ke m\u011b p\u0159i\u0161el \u00fa\u017easn\u00fd cit\u00e1t:<\/strong><\/p>\n\n\n\n<p>NE JAK J\u00c1 CHCI, ALE TY CHCE\u0160.<\/p>\n\n\n\n<p>A o tom to cel\u00e9 p\u0159esn\u011b je.<\/p>\n\n\n\n<p>V\u011b\u0159it, vlastn\u011b v\u00edc ne\u017e v\u011b\u0159it \u2013 d\u016fv\u011b\u0159ovat. Odevzdat \u010d\u00e1st toho, co nemohu a nedok\u00e1\u017eu vy\u0159e\u0161it. Pustit to. Pochopit, ale je\u0161t\u011b v\u00edce p\u0159ijmout to, \u017ee je t\u0159eba j\u00edt v souladu s vesm\u00edrn\u00fdm \u0159\u00e1dem a d\u011bjem.<\/p>\n\n\n\n<p>Pak bude v\u0161echno ve va\u0161em \u017eivot\u011b v po\u0159\u00e1dku, i kdy\u017e to vlastn\u011b zd\u00e1nliv\u011b pro druh\u00e9 v po\u0159\u00e1dku nebude:-). Ale Vy budete v\u011bd\u011bt, \u017ee jdete spr\u00e1vn\u011b, budete c\u00edtit, \u017ee jste milovan\u00ed a chr\u00e1n\u011bn\u00ed a \u017ee v\u0161e d\u00e1v\u00e1 smysl.<\/p>\n\n\n\n<p>Posledn\u00ed roky je t\u011b\u017ek\u00e1 doba a mo\u017en\u00e1 m\u016f\u017eeme \u0159\u00edci, \u017ee je st\u00e1le t\u011b\u017e\u0161\u00ed.<\/p>\n\n\n\n<p>Ano, v podstat\u011b to tak je. Lid\u00e9 nezvl\u00e1daj\u00ed t\u00edhu zm\u011bn, kter\u00e9 je t\u0159eba u\u010dinit a proto vznikaj\u00ed situace, kter\u00e9 by se d\u00edt nem\u011bly a kter\u00e9 ni\u010d\u00ed v\u0161echny.<\/p>\n\n\n\n<p>Proste \u2013 proste za ty, kte\u0159\u00ed d\u011blaj\u00ed chyby a proste za ty, na kter\u00e9 to m\u00e1 dopad.<\/p>\n\n\n\n<p>Proste za n\u00e1s a na\u0161i budoucnost.<\/p>\n\n\n\n<p>Za budoucnost pro va\u0161e d\u011bti a vnuky, pro lidstvo jako takov\u00e9.<\/p>\n\n\n\n<hr color=\"black\" align=\"center\" noshade=\"\">\n\n\n\n<p class=\"has-text-align-center has-blue-color has-text-color has-medium-font-size\"><strong>ROK 2022<\/strong><\/p>\n\n\n\n<p class=\"has-blue-color has-text-color\"><strong>Dne 9.12. 2022<\/strong><\/p>\n\n\n\n<p class=\"has-text-align-center has-blue-color has-text-color\"><strong>D\u016eLE\u017dIT\u00c1 ZPR\u00c1VA<\/strong>&nbsp;<strong>A PROSBA O POMOC<\/strong><\/p>\n\n\n\n<p>Dnes, ve 3:19, jsem p\u0159ijala vizi, kter\u00e1 n\u00e1m m\u00e1 pomoci odklonit jednu z na\u0161ich mo\u017en\u00fdch budoucnost\u00ed, ke kter\u00e9 pr\u00e1v\u011b bohu\u017eel sm\u011b\u0159ujeme.<\/p>\n\n\n\n<p>P\u0159edkl\u00e1d\u00e1m obsah m\u00e9 vize, p\u0159esn\u011b tak, jak mi p\u0159ich\u00e1zela (kdo se c\u00edt\u00ed na jej\u00ed p\u0159e\u010dten\u00ed nech\u0165 si ji p\u0159e\u010dte a kdo se ob\u00e1v\u00e1 tohoto textu, p\u0159esko\u010dte pros\u00edm text psan\u00fd kurz\u00edvou a pokra\u010dujte ve \u010dten\u00ed n\u00ed\u017ee):<\/p>\n\n\n\n<p><em>Ve sv\u011bt\u011b se d\u011bje n\u011bco zl\u00e9ho!<\/em>&nbsp;<em>Zaznamenala jsem nyn\u00ed velk\u00e9 ohro\u017een\u00ed\u2026.<\/em><\/p>\n\n\n\n<p><em>Vid\u011bla jsem modl\u00edc\u00ed se mnichy, kle\u010d\u00edc\u00ed na kolenou pod k\u0159\u00ed\u017eem, kte\u0159\u00ed jsou zoufal\u00ed, odevzdan\u00ed a skoro bez v\u00edry\u2026. vid\u00edm jak v\u0161ichni duchovn\u00ed pl\u00e1\u010dou, ztr\u00e1c\u00ed v\u00edru a \u201etrhaj\u00ed sv\u016fj \u0161at\u201c.<\/em><\/p>\n\n\n\n<p><em>Vid\u00edm ni\u010den\u00ed zem\u011b, v\u00fdbuchy, kter\u00e9 nejde zastavit\u2026.<\/em><\/p>\n\n\n\n<p><em>Proudy krve v potoc\u00edch vod a vod\u00e1ch, kter\u00e9 ji otr\u00e1v\u00ed\u2026<\/em><\/p>\n\n\n\n<p><em>Oblaka d\u00fdmu a \u010d\u00e1ste\u010dek n\u011b\u010deho ve vzduchu, kter\u00e9 znemo\u017e\u0148uj\u00ed d\u00fdchat\u2026.<\/em><\/p>\n\n\n\n<p><em>Lid\u00e9 zmaten\u011b chod\u00ed venku, kde nen\u00ed zd\u00e1 se vid\u011bt slunce, ale jen \u0161edo \u010dern\u00e9 \u0161ero a hledaj\u00ed v trosk\u00e1ch sv\u00e9 mrtv\u00e9\u2026<\/em><\/p>\n\n\n\n<p><em>Vid\u00edm \u017eluto \u010dern\u00fd znak\u2026<\/em><\/p>\n\n\n\n<p><em>Zmatek\u2026. p\u0159esun ur\u010dit\u00e9 mal\u00e9 \u010d\u00e1sti lid\u00ed, kte\u0159\u00ed maj\u00ed na sob\u011b masky (ty star\u00e9 z dob minul\u00fdch \u2013 jakoby s \u201echobotem\u201c a na konci na z\u00e1vitem s n\u00e1dobkou) a pr\u016fhledn\u00e9 pl\u00e1\u0161t\u011bnky \u2013 igelity.<\/em><\/p>\n\n\n\n<p><em>Vid\u00edm ob\u0159\u00ed \u010derven\u00fd v\u00fdbuch a pak nic\u2026.<\/em><\/p>\n\n\n\n<p><em>St\u00e1le ten v\u00fdbuch jakoby trv\u00e1, je dlouh\u00fd\u2026., pak u\u017e jen vid\u00edm hrozn\u011b moc hust\u00e9ho a jako kdyby vrstven\u00e9ho d\u00fdmu a v\u0161e je \u010dern\u00e9, na uhel sp\u00e1len\u00e9\u2026. jen na kousku zem\u011b tr\u010d\u00ed do vzduchu \u010d\u00e1st pah\u00fdlu sp\u00e1len\u00e9ho stromu.<\/em><\/p>\n\n\n\n<p><em>Stra\u0161liv\u011b velk\u00e1 plocha zem\u011b je srovn\u00e1na se zem\u00ed\u2026. nen\u00ed tam v\u016fbec nic!<\/em><\/p>\n\n\n\n<p><em>Zbyla jen \u00fapln\u011b hladk\u00e1 rovina. Mo\u017en\u00e1 n\u011bkde daleko, ve velk\u00e9 d\u00e1lce, p\u0159e\u017eili n\u011bjac\u00ed lid\u00e9\u2026<\/em><\/p>\n\n\n\n<p><em>Sly\u0161\u00edm sir\u00e9ny\u2026. vid\u00edm \u00fanik n\u011b\u010deho, n\u011bjak\u00e9 l\u00e1tky v chr\u00e1n\u011bn\u00e9m objektu, \u0159e\u0161\u00ed se to izolac\u00ed vodou. Lid\u00e9 tam pou\u0161t\u00ed na karty pov\u011b\u0159en\u00ed hl\u00edda\u010di a odborn\u00edci za\u010d\u00ednaj\u00ed \u0159e\u0161it vzniklou situaci\u2026.<\/em><\/p>\n\n\n\n<p>Toto je m\u00e1 vize.<\/p>\n\n\n\n<p>Nen\u00ed to nevyhnuteln\u011b nutn\u00e1 budoucnost n\u00e1s v\u0161ech \u2013 je to dle m\u00e9ho n\u00e1zoru jen jedna jej\u00ed v\u00fdse\u010d, ke kter\u00e9 te\u010f jdeme. Asi jako kdy\u017e jste v m\u00edstnosti pln\u00e9 dve\u0159\u00ed a rozhodnete se jedny z nich otev\u0159\u00edt (st\u00e1le je je\u0161t\u011b mo\u017enost, je rychle zav\u0159\u00edt a vybrat jin\u00e9).<\/p>\n\n\n\n<p>Pros\u00edm, modlete se za na\u0161i zemi, za n\u00e1s v\u0161echny. Ub\u00fdv\u00e1 v\u00edra v\u0161em, kte\u0159\u00ed ji je\u0161t\u011b do ned\u00e1vna m\u011bli neochv\u011bjnou a posiluje se zloba.<\/p>\n\n\n\n<p>Je t\u0159eba za\u010d\u00ednat jednat.<\/p>\n\n\n\n<p>Pokud se n\u00e1s bude up\u0159\u00edmn\u011b a hluboce modlit dostatek, odvr\u00e1t\u00edme nebo zm\u00edrn\u00edme tuto realitu.<\/p>\n\n\n\n<p>D\u011bkuji a modl\u00edm se za n\u00e1s v\u0161echny.<\/p>\n\n\n\n<p>Martina<\/p>\n","protected":false},"excerpt":{"rendered":"<p>Dne 11.6. 2023 Ne v\u0161echny na\u0161e modlitby jsou v\u017edy vysly\u0161eny, p\u0159esto\u017ee pros\u00edme up\u0159\u00edmn\u011b, v\u011b\u0159\u00edme a vytrv\u00e1v\u00e1me v o\u010dek\u00e1v\u00e1n\u00ed spln\u011bn\u00ed na\u0161ich p\u0159\u00e1n\u00ed. Je to v po\u0159\u00e1dku, nebo\u0165 v\u0161e k n\u00e1m p\u0159ich\u00e1z\u00ed tak jak m\u00e1, v ten spr\u00e1vn\u00fd \u010das. Kolikr\u00e1t jsem toto ji\u017e sly\u0161ela a za tuto v\u011btu se i minulosti zlobila, kdy\u017e jsem ur\u010dit\u00fd v\u00fdvoj ve [&hellip;]<\/p>\n","protected":false},"author":1,"featured_media":0,"parent":0,"menu_order":0,"comment_status":"closed","ping_status":"closed","template":"","meta":{"_mc_calendar":[],"footnotes":""},"class_list":["post-8185","page","type-page","status-publish","hentry"],"_links":{"self":[{"href":"https:\/\/astragal.cz\/index.php\/wp-json\/wp\/v2\/pages\/8185","targetHints":{"allow":["GET"]}}],"collection":[{"href":"https:\/\/astragal.cz\/index.php\/wp-json\/wp\/v2\/pages"}],"about":[{"href":"https:\/\/astragal.cz\/index.php\/wp-json\/wp\/v2\/types\/page"}],"author":[{"embeddable":true,"href":"https:\/\/astragal.cz\/index.php\/wp-json\/wp\/v2\/users\/1"}],"replies":[{"embeddable":true,"href":"https:\/\/astragal.cz\/index.php\/wp-json\/wp\/v2\/comments?post=8185"}],"version-history":[{"count":5,"href":"https:\/\/astragal.cz\/index.php\/wp-json\/wp\/v2\/pages\/8185\/revisions"}],"predecessor-version":[{"id":8198,"href":"https:\/\/astragal.cz\/index.php\/wp-json\/wp\/v2\/pages\/8185\/revisions\/8198"}],"wp:attachment":[{"href":"https:\/\/astragal.cz\/index.php\/wp-json\/wp\/v2\/media?parent=8185"}],"curies":[{"name":"wp","href":"https:\/\/api.w.org\/{rel}","templated":true}]}}