{"id":8312,"date":"2023-11-03T09:36:25","date_gmt":"2023-11-03T08:36:25","guid":{"rendered":"https:\/\/astragal.cz\/?page_id=8312"},"modified":"2023-11-03T09:41:24","modified_gmt":"2023-11-03T08:41:24","slug":"rozhovory","status":"publish","type":"page","link":"https:\/\/astragal.cz\/index.php\/rozhovory\/","title":{"rendered":"Rozhovory"},"content":{"rendered":"\n<p><a href=\"https:\/\/astragal.cz\/index.php\/co-pro-vas-pripravujeme\/\">Co pro v\u00e1s p\u0159ipravujeme<\/a><\/p>\n\n\n\n<p><a href=\"https:\/\/astragal.cz\/index.php\/prehled-nahranych-rozhovoru\/\">P\u0159ehled nahran\u00fdch rozhovor\u016f<\/a><\/p>\n","protected":false},"excerpt":{"rendered":"<p>Co pro v\u00e1s p\u0159ipravujeme P\u0159ehled nahran\u00fdch rozhovor\u016f<\/p>\n","protected":false},"author":1,"featured_media":0,"parent":0,"menu_order":0,"comment_status":"closed","ping_status":"closed","template":"","meta":{"_mc_calendar":[],"footnotes":""},"class_list":["post-8312","page","type-page","status-publish","hentry"],"_links":{"self":[{"href":"https:\/\/astragal.cz\/index.php\/wp-json\/wp\/v2\/pages\/8312","targetHints":{"allow":["GET"]}}],"collection":[{"href":"https:\/\/astragal.cz\/index.php\/wp-json\/wp\/v2\/pages"}],"about":[{"href":"https:\/\/astragal.cz\/index.php\/wp-json\/wp\/v2\/types\/page"}],"author":[{"embeddable":true,"href":"https:\/\/astragal.cz\/index.php\/wp-json\/wp\/v2\/users\/1"}],"replies":[{"embeddable":true,"href":"https:\/\/astragal.cz\/index.php\/wp-json\/wp\/v2\/comments?post=8312"}],"version-history":[{"count":3,"href":"https:\/\/astragal.cz\/index.php\/wp-json\/wp\/v2\/pages\/8312\/revisions"}],"predecessor-version":[{"id":8316,"href":"https:\/\/astragal.cz\/index.php\/wp-json\/wp\/v2\/pages\/8312\/revisions\/8316"}],"wp:attachment":[{"href":"https:\/\/astragal.cz\/index.php\/wp-json\/wp\/v2\/media?parent=8312"}],"curies":[{"name":"wp","href":"https:\/\/api.w.org\/{rel}","templated":true}]}}