{"id":8322,"date":"2023-11-03T09:48:06","date_gmt":"2023-11-03T08:48:06","guid":{"rendered":"https:\/\/astragal.cz\/?page_id=8322"},"modified":"2024-04-30T08:22:20","modified_gmt":"2024-04-30T07:22:20","slug":"kalendar","status":"publish","type":"page","link":"https:\/\/astragal.cz\/index.php\/kalendar\/","title":{"rendered":"Kalend\u00e1\u0159 akc\u00ed"},"content":{"rendered":"\n<p class=\"has-text-align-center has-blue-color has-text-color\"><strong>AKTU\u00c1LN\u00cd INFORMACE<\/strong><\/p>\n\n\n\n<p class=\"has-blue-color has-text-color\"><strong>V roce 2024 n\u00e1s je\u0161t\u011b \u010dekaj\u00ed tyto n\u00e1sleduj\u00edc\u00ed akce:<\/strong><\/p>\n\n\n\n<p class=\"has-blue-color has-text-color\"><strong>V m\u011bs\u00edci z\u00e1\u0159\u00ed <\/strong>se m\u016f\u017eete t\u011b\u0161it na z\u00e1\u017eitkov\u00e9 setk\u00e1n\u00ed ve Zderazi na Vyso\u010din\u011b a to pod n\u00e1zvem &#8222;Jak tvo\u0159it a udr\u017eet si zdrav\u00e9 vztahy?&#8220;.<\/p>\n\n\n\n<p class=\"has-blue-color has-text-color\"><strong>V roce 2025 se n\u00e1m zat\u00edm r\u00fdsuj\u00ed tyto ud\u00e1losti:<\/strong><\/p>\n\n\n\n<p class=\"has-blue-color has-text-color\"><strong>V m\u011bs\u00edci b\u0159eznu<\/strong> pro V\u00e1s m\u00e1me nachystanou, ve Zderazi na Vyso\u010din\u011b, p\u0159edn\u00e1\u0161ku na t\u00e9ma &#8222;O nemoci a uzdraven\u00ed&#8220;.<\/p>\n\n\n\n<p>V\u00edce o vypsan\u00fdch akc\u00edch se dozv\u00edte v n\u00ed\u017ee uveden\u00e9m v kalend\u00e1\u0159i akc\u00ed.<\/p>\n\n\n\n<p><strong>Nahl\u00e1sit se m\u016f\u017eete ji\u017e nyn\u00ed na emailu:<\/strong> astragal@email.cz. S p\u0159ihl\u00e1\u0161en\u00edm dlouho nev\u00e1hejte, nebo\u0165 po\u010det m\u00edst je omezen.<\/p>\n\n\n\n<p>T\u011b\u0161\u00edme se na v\u00e1s a p\u0159ejeme hezk\u00e9 dny.<\/p>\n\n\n\n<p>Martina a t\u00fdm Astragal<\/p>\n\n\n\n<div class=\"wp-block-columns is-layout-flex wp-container-core-columns-is-layout-9d6595d7 wp-block-columns-is-layout-flex\">\n<div class=\"wp-block-column is-layout-flow wp-block-column-is-layout-flow\" style=\"flex-basis:100%\">\n<hr noshade=\"\" color=\"black\" align=\"center\">\n<\/div>\n<\/div>\n\n\n\r\n<div id='my-calendar' class='mc-main mcjs listjs gridjs minijs ajaxjs twentytwentytwo calendar month my-calendar has-modal is-main-view' ><h2 id=\"mc_head_my-calendar\" class=\"heading my-calendar-month\"><span>Ud\u00e1losti na Duben 2026<\/span><\/h2>\n\n<nav class=\"my-calendar-navigation\" aria-label=\"Calendar (top)\">\n<div class=\"my-calendar-header\"><div class='mc-format'>\r\n\t\t<ul><li><button type='button' id='mc_grid-my-calendar' data-href='https:\/\/astragal.cz\/index.php\/kalendar\/?format=calendar' aria-pressed=\"true\" class='mc-navigation-button mc-grid-option mc-active'><span class='mc-icon' aria-hidden='true'><\/span><span class=\"maybe-hide\">Zobrazit jako <\/span>Tabulku<\/button><\/li><li><button type='button' id='mc_list-my-calendar' data-href='https:\/\/astragal.cz\/index.php\/kalendar\/?format=list'  class='mc-navigation-button mc-list-option'><span class='mc-icon' aria-hidden='true'><\/span><span class=\"maybe-hide\">Zobrazit jako <\/span>Seznam<\/button><\/li><\/ul>\r\n\t\t<\/div><div class='mc-time'><ul><li><button type='button' id='mc_month-my-calendar' data-href='https:\/\/astragal.cz\/index.php\/kalendar\/?cid=my-calendar&#038;time=month' class='mc-navigation-button month mc-active' aria-pressed='true'>M\u011bs\u00edc<\/button><\/li><li><button type='button' id='mc_week-my-calendar' data-href='https:\/\/astragal.cz\/index.php\/kalendar\/?cid=my-calendar&#038;dy=20&#038;month=4&#038;time=week&#038;yr=2026' class='mc-navigation-button week'>T\u00fdden<\/button><\/li><li><button type='button' id='mc_day-my-calendar' data-href='https:\/\/astragal.cz\/index.php\/kalendar\/?cid=my-calendar&#038;dy=20&#038;time=day' class='mc-navigation-button day'>Den<\/button><li><\/ul><\/div><div class=\"my-calendar-date-switcher\"><form class=\"mc-date-switcher\" action=\"https:\/\/astragal.cz\/index.php\/wp-json\/wp\/v2\/pages\/8322\/\" method=\"get\"><div><input type=\"hidden\" name=\"cid\" value=\"my-calendar\" \/> <label class=\"maybe-hide\" for=\"my-calendar-month\">M\u011bs\u00edc<\/label> <select id=\"my-calendar-month\" name=\"month\">\n<option value='1'>Leden<\/option>\n<option value='2'>\u00danor<\/option>\n<option value='3'>B\u0159ezen<\/option>\n<option value='4' selected='selected'>Duben<\/option>\n<option value='5'>Kv\u011bten<\/option>\n<option value='6'>\u010cerven<\/option>\n<option value='7'>\u010cervenec<\/option>\n<option value='8'>Srpen<\/option>\n<option value='9'>Z\u00e1\u0159\u00ed<\/option>\n<option value='10'>\u0158\u00edjen<\/option>\n<option value='11'>Listopad<\/option>\n<option value='12'>Prosinec<\/option>\n<\/select>\n <label class=\"maybe-hide\" for=\"my-calendar-year\">Rok<\/label> <select id=\"my-calendar-year\" name=\"yr\">\n<option value=\"2023\">2023<\/option>\n<option value=\"2024\">2024<\/option>\n<option value=\"2025\">2025<\/option>\n<option value=\"2026\" selected='selected'>2026<\/option>\n<\/select> <input type=\"submit\" class=\"button\" id=\"my-calendar-button\" value=\"Jdi\" \/><\/div><\/form><\/div>\r\n\t\t<div class=\"my-calendar-nav\">\r\n\t\t\t<ul>\r\n\t\t\t\t<li class=\"my-calendar-prev\"><button type=\"button\" class=\"mc-navigation-button\" id=\"mc_previous_my-calendar\" data-href=\"https:\/\/astragal.cz\/index.php\/kalendar\/?cid=my-calendar&#038;dy&#038;month=3&#038;time=month&#038;yr=2026\"><span class=\"mc-icon\" aria-hidden=\"true\"><\/span><span class=\"maybe-hide\">P\u0159edchoz\u00ed <\/span><\/button><\/li><li class=\"my-calendar-today\"><button type=\"button\" id=\"mc_today_my-calendar\" data-href=\"https:\/\/astragal.cz\/index.php\/kalendar\/?cid=my-calendar\" class=\"mc-navigation-button today mc-active\" aria-current=\"true\"><span class=\"mc-icon\" aria-hidden=\"true\"><\/span>Dnes<\/button><\/li>\r\n\t\t\t<\/ul>\r\n\t\t<\/div><\/div>\n<\/nav>\n<div class=\"mc-content\">\n<table class='my-calendar-table' aria-labelledby='mc_head_my-calendar'>\n<thead>\n\t<tr class='mc-row'>\n\t\t<th scope=\"col\" class='day-heading mon'><abbr title=\"Pond\u011bl\u00ed\" aria-hidden=\"true\">Po<\/abbr><span class=\"screen-reader-text\">Pond\u011bl\u00ed<\/span><\/th>\n\n\t\t<th scope=\"col\" class='day-heading tues'><abbr title=\"\u00dater\u00fd\" aria-hidden=\"true\">\u00dat<\/abbr><span class=\"screen-reader-text\">\u00dater\u00fd<\/span><\/th>\n\n\t\t<th scope=\"col\" class='day-heading wed'><abbr title=\"St\u0159eda\" aria-hidden=\"true\">St<\/abbr><span class=\"screen-reader-text\">St\u0159eda<\/span><\/th>\n\n\t\t<th scope=\"col\" class='day-heading thur'><abbr title=\"\u010ctvrtek\" aria-hidden=\"true\">\u010ct<\/abbr><span class=\"screen-reader-text\">\u010ctvrtek<\/span><\/th>\n\n\t\t<th scope=\"col\" class='day-heading fri'><abbr title=\"P\u00e1tek\" aria-hidden=\"true\">P\u00e1<\/abbr><span class=\"screen-reader-text\">P\u00e1tek<\/span><\/th>\n\n\t\t<th scope=\"col\" class='weekend-heading sat'><abbr title=\"Sobota\" aria-hidden=\"true\">So<\/abbr><span class=\"screen-reader-text\">Sobota<\/span><\/th>\n\n\t\t<th scope=\"col\" class='weekend-heading sun'><abbr title=\"Ned\u011ble\" aria-hidden=\"true\">Ne<\/abbr><span class=\"screen-reader-text\">Ned\u011ble<\/span><\/th>\n\t<\/tr>\n<\/thead>\n<tbody>\n<tr class='mc-row'><td class='no-events pondl po past-day past-date  nextmonth no-events day-with-date'><div class='mc-date-container'><span class='mc-date no-events'><span aria-hidden='true'>30<\/span><span class='screen-reader-text'>30\/03\/2026<\/span><\/span><\/div>\n<\/td>\n<td class='no-events ter t past-day past-date  nextmonth no-events day-with-date'><div class='mc-date-container'><span class='mc-date no-events'><span aria-hidden='true'>31<\/span><span class='screen-reader-text'>31\/03\/2026<\/span><\/span><\/div>\n<\/td>\n<td class='no-events steda st past-day past-date   no-events day-with-date'><div class='mc-date-container'><span class='mc-date no-events'><span aria-hidden='true'>1<\/span><span class='screen-reader-text'>01\/04\/2026<\/span><\/span><\/div>\n<\/td>\n<td class='no-events tvrtek t past-day past-date   no-events day-with-date'><div class='mc-date-container'><span class='mc-date no-events'><span aria-hidden='true'>2<\/span><span class='screen-reader-text'>02\/04\/2026<\/span><\/span><\/div>\n<\/td>\n<td class='no-events ptek p past-day past-date   no-events day-with-date'><div class='mc-date-container'><span class='mc-date no-events'><span aria-hidden='true'>3<\/span><span class='screen-reader-text'>03\/04\/2026<\/span><\/span><\/div>\n<\/td>\n<td class='no-events sobota so past-day past-date weekend  no-events day-with-date'><div class='mc-date-container'><span class='mc-date no-events'><span aria-hidden='true'>4<\/span><span class='screen-reader-text'>04\/04\/2026<\/span><\/span><\/div>\n<\/td>\n<td class='no-events nedle ne past-day past-date weekend  no-events day-with-date'><div class='mc-date-container'><span class='mc-date no-events'><span aria-hidden='true'>5<\/span><span class='screen-reader-text'>05\/04\/2026<\/span><\/span><\/div>\n<\/td>\n<\/tr>\n<!-- End Event Row -->\n<tr class='mc-row'><td class='no-events pondl po past-day past-date   no-events day-with-date'><div class='mc-date-container'><span class='mc-date no-events'><span aria-hidden='true'>6<\/span><span class='screen-reader-text'>06\/04\/2026<\/span><\/span><\/div>\n<\/td>\n<td class='no-events ter t past-day past-date   no-events day-with-date'><div class='mc-date-container'><span class='mc-date no-events'><span aria-hidden='true'>7<\/span><span class='screen-reader-text'>07\/04\/2026<\/span><\/span><\/div>\n<\/td>\n<td class='no-events steda st past-day past-date   no-events day-with-date'><div class='mc-date-container'><span class='mc-date no-events'><span aria-hidden='true'>8<\/span><span class='screen-reader-text'>08\/04\/2026<\/span><\/span><\/div>\n<\/td>\n<td class='no-events tvrtek t past-day past-date   no-events day-with-date'><div class='mc-date-container'><span class='mc-date no-events'><span aria-hidden='true'>9<\/span><span class='screen-reader-text'>09\/04\/2026<\/span><\/span><\/div>\n<\/td>\n<td class='no-events ptek p past-day past-date   no-events day-with-date'><div class='mc-date-container'><span class='mc-date no-events'><span aria-hidden='true'>10<\/span><span class='screen-reader-text'>10\/04\/2026<\/span><\/span><\/div>\n<\/td>\n<td class='no-events sobota so past-day past-date weekend  no-events day-with-date'><div class='mc-date-container'><span class='mc-date no-events'><span aria-hidden='true'>11<\/span><span class='screen-reader-text'>11\/04\/2026<\/span><\/span><\/div>\n<\/td>\n<td class='no-events nedle ne past-day past-date weekend  no-events day-with-date'><div class='mc-date-container'><span class='mc-date no-events'><span aria-hidden='true'>12<\/span><span class='screen-reader-text'>12\/04\/2026<\/span><\/span><\/div>\n<\/td>\n<\/tr>\n<!-- End Event Row -->\n<tr class='mc-row'><td class='no-events pondl po past-day past-date   no-events day-with-date'><div class='mc-date-container'><span class='mc-date no-events'><span aria-hidden='true'>13<\/span><span class='screen-reader-text'>13\/04\/2026<\/span><\/span><\/div>\n<\/td>\n<td class='no-events ter t past-day past-date   no-events day-with-date'><div class='mc-date-container'><span class='mc-date no-events'><span aria-hidden='true'>14<\/span><span class='screen-reader-text'>14\/04\/2026<\/span><\/span><\/div>\n<\/td>\n<td class='no-events steda st past-day past-date   no-events day-with-date'><div class='mc-date-container'><span class='mc-date no-events'><span aria-hidden='true'>15<\/span><span class='screen-reader-text'>15\/04\/2026<\/span><\/span><\/div>\n<\/td>\n<td class='no-events tvrtek t past-day past-date   no-events day-with-date'><div class='mc-date-container'><span class='mc-date no-events'><span aria-hidden='true'>16<\/span><span class='screen-reader-text'>16\/04\/2026<\/span><\/span><\/div>\n<\/td>\n<td class='no-events ptek p past-day past-date   no-events day-with-date'><div class='mc-date-container'><span class='mc-date no-events'><span aria-hidden='true'>17<\/span><span class='screen-reader-text'>17\/04\/2026<\/span><\/span><\/div>\n<\/td>\n<td class='no-events sobota so past-day past-date weekend  no-events day-with-date'><div class='mc-date-container'><span class='mc-date no-events'><span aria-hidden='true'>18<\/span><span class='screen-reader-text'>18\/04\/2026<\/span><\/span><\/div>\n<\/td>\n<td class='no-events nedle ne past-day past-date weekend  no-events day-with-date'><div class='mc-date-container'><span class='mc-date no-events'><span aria-hidden='true'>19<\/span><span class='screen-reader-text'>19\/04\/2026<\/span><\/span><\/div>\n<\/td>\n<\/tr>\n<!-- End Event Row -->\n<tr class='mc-row'><td class='no-events pondl po past-day past-date   no-events day-with-date'><div class='mc-date-container'><span class='mc-date no-events'><span aria-hidden='true'>20<\/span><span class='screen-reader-text'>20\/04\/2026<\/span><\/span><\/div>\n<\/td>\n<td class='no-events ter t past-day past-date   no-events day-with-date'><div class='mc-date-container'><span class='mc-date no-events'><span aria-hidden='true'>21<\/span><span class='screen-reader-text'>21\/04\/2026<\/span><\/span><\/div>\n<\/td>\n<td aria-current=\"date\" class='no-events steda st current-day   no-events day-with-date'><div class='mc-date-container'><span class='mc-date no-events'><span aria-hidden='true'>22<\/span><span class='screen-reader-text'>22\/04\/2026<\/span><\/span><\/div>\n<\/td>\n<td class='no-events tvrtek t future-day   no-events day-with-date'><div class='mc-date-container'><span class='mc-date no-events'><span aria-hidden='true'>23<\/span><span class='screen-reader-text'>23\/04\/2026<\/span><\/span><\/div>\n<\/td>\n<td class='no-events ptek p future-day   no-events day-with-date'><div class='mc-date-container'><span class='mc-date no-events'><span aria-hidden='true'>24<\/span><span class='screen-reader-text'>24\/04\/2026<\/span><\/span><\/div>\n<\/td>\n<td class='no-events sobota so future-day weekend  no-events day-with-date'><div class='mc-date-container'><span class='mc-date no-events'><span aria-hidden='true'>25<\/span><span class='screen-reader-text'>25\/04\/2026<\/span><\/span><\/div>\n<\/td>\n<td class='no-events nedle ne future-day weekend  no-events day-with-date'><div class='mc-date-container'><span class='mc-date no-events'><span aria-hidden='true'>26<\/span><span class='screen-reader-text'>26\/04\/2026<\/span><\/span><\/div>\n<\/td>\n<\/tr>\n<!-- End Event Row -->\n<tr class='mc-row'><td class='no-events pondl po future-day   no-events day-with-date'><div class='mc-date-container'><span class='mc-date no-events'><span aria-hidden='true'>27<\/span><span class='screen-reader-text'>27\/04\/2026<\/span><\/span><\/div>\n<\/td>\n<td class='no-events ter t future-day   no-events day-with-date'><div class='mc-date-container'><span class='mc-date no-events'><span aria-hidden='true'>28<\/span><span class='screen-reader-text'>28\/04\/2026<\/span><\/span><\/div>\n<\/td>\n<td class='no-events steda st future-day   no-events day-with-date'><div class='mc-date-container'><span class='mc-date no-events'><span aria-hidden='true'>29<\/span><span class='screen-reader-text'>29\/04\/2026<\/span><\/span><\/div>\n<\/td>\n<td class='no-events tvrtek t future-day   no-events day-with-date'><div class='mc-date-container'><span class='mc-date no-events'><span aria-hidden='true'>30<\/span><span class='screen-reader-text'>30\/04\/2026<\/span><\/span><\/div>\n<\/td>\n<td class='no-events ptek p future-day  nextmonth no-events day-with-date'><div class='mc-date-container'><span class='mc-date no-events'><span aria-hidden='true'>1<\/span><span class='screen-reader-text'>01\/05\/2026<\/span><\/span><\/div>\n<\/td>\n<td class='no-events sobota so future-day weekend nextmonth no-events day-with-date'><div class='mc-date-container'><span class='mc-date no-events'><span aria-hidden='true'>2<\/span><span class='screen-reader-text'>02\/05\/2026<\/span><\/span><\/div>\n<\/td>\n<td class='no-events nedle ne future-day weekend nextmonth no-events day-with-date'><div class='mc-date-container'><span class='mc-date no-events'><span aria-hidden='true'>3<\/span><span class='screen-reader-text'>03\/05\/2026<\/span><\/span><\/div>\n<\/td>\n<\/tr>\n<!-- End Event Row -->\n\n<\/tbody>\n<\/table><\/div><!-- .mc-content -->\n<nav class=\"my-calendar-navigation\" aria-label=\"Calendar (bottom)\">\n<div class=\"mc_bottomnav my-calendar-footer\"><div class=\"category-key no-icons\"><h3 class=\"maybe-hide\">Kategorie<\/h3>\n<ul>\n<li class=\"cat_astragal\"><button type=\"button\" class=\"mc-navigation-button\" id=\"mc_cat_1-my-calendar\" data-href=\"https:\/\/astragal.cz\/index.php\/kalendar\/?mcat=1\" ><span class=\"category-color-sample no-icon\" style=\"background:#1e73be;\"> &nbsp; <\/span><span class=\"mc-category-title\">Astragal<\/span><\/button><\/li><li class='all-categories'><span class='mc-active' id='mc_cat_all-my-calendar' tabindex='-1'>V\u0161echny kategorie<\/span><\/li><\/ul><\/div><div class='mc-print'><a id='mc_print-my-calendar' href='https:\/\/astragal.cz?cid=mc-print-view&#038;dy=1&#038;href=https%3A%2F%2Fastragal.cz%2Findex.php%2Fwp-json%2Fwp%2Fv2%2Fpages%2F8322%2F&#038;month=4&#038;time=month&#038;yr=2026' rel='nofollow'><span class='mc-icon' aria-hidden='true'><\/span><span class=\"maybe-hide\">Zobrazen\u00ed <\/span>pro tisk<\/a><\/div><\/div>\n<\/nav>\n\r\n<\/div><!-- Close Main My Calendar Wrapper -->\n","protected":false},"excerpt":{"rendered":"<p>AKTU\u00c1LN\u00cd INFORMACE V roce 2024 n\u00e1s je\u0161t\u011b \u010dekaj\u00ed tyto n\u00e1sleduj\u00edc\u00ed akce: V m\u011bs\u00edci z\u00e1\u0159\u00ed se m\u016f\u017eete t\u011b\u0161it na z\u00e1\u017eitkov\u00e9 setk\u00e1n\u00ed ve Zderazi na Vyso\u010din\u011b a to pod n\u00e1zvem &#8222;Jak tvo\u0159it a udr\u017eet si zdrav\u00e9 vztahy?&#8220;. V roce 2025 se n\u00e1m zat\u00edm r\u00fdsuj\u00ed tyto ud\u00e1losti: V m\u011bs\u00edci b\u0159eznu pro V\u00e1s m\u00e1me nachystanou, ve Zderazi na Vyso\u010din\u011b, [&hellip;]<\/p>\n","protected":false},"author":1,"featured_media":0,"parent":0,"menu_order":0,"comment_status":"closed","ping_status":"closed","template":"","meta":{"_mc_calendar":[],"footnotes":""},"class_list":["post-8322","page","type-page","status-publish","hentry"],"_links":{"self":[{"href":"https:\/\/astragal.cz\/index.php\/wp-json\/wp\/v2\/pages\/8322","targetHints":{"allow":["GET"]}}],"collection":[{"href":"https:\/\/astragal.cz\/index.php\/wp-json\/wp\/v2\/pages"}],"about":[{"href":"https:\/\/astragal.cz\/index.php\/wp-json\/wp\/v2\/types\/page"}],"author":[{"embeddable":true,"href":"https:\/\/astragal.cz\/index.php\/wp-json\/wp\/v2\/users\/1"}],"replies":[{"embeddable":true,"href":"https:\/\/astragal.cz\/index.php\/wp-json\/wp\/v2\/comments?post=8322"}],"version-history":[{"count":33,"href":"https:\/\/astragal.cz\/index.php\/wp-json\/wp\/v2\/pages\/8322\/revisions"}],"predecessor-version":[{"id":9178,"href":"https:\/\/astragal.cz\/index.php\/wp-json\/wp\/v2\/pages\/8322\/revisions\/9178"}],"wp:attachment":[{"href":"https:\/\/astragal.cz\/index.php\/wp-json\/wp\/v2\/media?parent=8322"}],"curies":[{"name":"wp","href":"https:\/\/api.w.org\/{rel}","templated":true}]}}