{"id":8427,"date":"2023-11-10T10:09:29","date_gmt":"2023-11-10T09:09:29","guid":{"rendered":"https:\/\/astragal.cz\/?page_id=8427"},"modified":"2023-11-10T10:23:52","modified_gmt":"2023-11-10T09:23:52","slug":"kalendar-akci","status":"publish","type":"page","link":"https:\/\/astragal.cz\/index.php\/kalendar-akci\/","title":{"rendered":"Kalend\u00e1\u0159 akc\u00ed"},"content":{"rendered":"\n<p class=\"has-light-blue-color has-text-color\"><a href=\"https:\/\/astragal.cz\/index.php\/zazitkova-setkani\/\">Z\u00e1\u017eitkov\u00e1 setk\u00e1n\u00ed<\/a><\/p>\n\n\n\n<p class=\"has-light-blue-color has-text-color\"><a href=\"https:\/\/astragal.cz\/index.php\/prednasky\/\">P\u0159edn\u00e1\u0161ky<\/a><\/p>\n\n\n\n<p class=\"has-light-blue-color has-text-color\"><a href=\"https:\/\/astragal.cz\/index.php\/informace-k-prihlaseni\/\">Informace k p\u0159ihl\u00e1\u0161en\u00ed<\/a><\/p>\n\n\n\n<p class=\"has-light-blue-color has-text-color\"><a href=\"https:\/\/astragal.cz\/index.php\/kalendar\/\">Kalend\u00e1\u0159 akc\u00ed<\/a><\/p>\n\n\n\n<p><\/p>\n","protected":false},"excerpt":{"rendered":"<p>Z\u00e1\u017eitkov\u00e1 setk\u00e1n\u00ed P\u0159edn\u00e1\u0161ky Informace k p\u0159ihl\u00e1\u0161en\u00ed Kalend\u00e1\u0159 akc\u00ed<\/p>\n","protected":false},"author":1,"featured_media":0,"parent":0,"menu_order":0,"comment_status":"closed","ping_status":"closed","template":"","meta":{"_mc_calendar":[],"footnotes":""},"class_list":["post-8427","page","type-page","status-publish","hentry"],"_links":{"self":[{"href":"https:\/\/astragal.cz\/index.php\/wp-json\/wp\/v2\/pages\/8427","targetHints":{"allow":["GET"]}}],"collection":[{"href":"https:\/\/astragal.cz\/index.php\/wp-json\/wp\/v2\/pages"}],"about":[{"href":"https:\/\/astragal.cz\/index.php\/wp-json\/wp\/v2\/types\/page"}],"author":[{"embeddable":true,"href":"https:\/\/astragal.cz\/index.php\/wp-json\/wp\/v2\/users\/1"}],"replies":[{"embeddable":true,"href":"https:\/\/astragal.cz\/index.php\/wp-json\/wp\/v2\/comments?post=8427"}],"version-history":[{"count":5,"href":"https:\/\/astragal.cz\/index.php\/wp-json\/wp\/v2\/pages\/8427\/revisions"}],"predecessor-version":[{"id":8433,"href":"https:\/\/astragal.cz\/index.php\/wp-json\/wp\/v2\/pages\/8427\/revisions\/8433"}],"wp:attachment":[{"href":"https:\/\/astragal.cz\/index.php\/wp-json\/wp\/v2\/media?parent=8427"}],"curies":[{"name":"wp","href":"https:\/\/api.w.org\/{rel}","templated":true}]}}