{"id":8852,"date":"2024-03-22T14:30:29","date_gmt":"2024-03-22T13:30:29","guid":{"rendered":"https:\/\/astragal.cz\/?page_id=8852"},"modified":"2025-12-27T15:44:41","modified_gmt":"2025-12-27T14:44:41","slug":"poselstvi-panny-marie","status":"publish","type":"page","link":"https:\/\/astragal.cz\/index.php\/poselstvi-panny-marie\/","title":{"rendered":"Poselstv\u00ed Panny Marie"},"content":{"rendered":"\n<p><a href=\"https:\/\/astragal.cz\/index.php\/proroctvi-panny-marie-pro-zachranu-sveta\/\">Proroctv\u00ed Panny Marie pro z\u00e1chranu sv\u011bta<\/a><\/p>\n\n\n\n<p><a href=\"https:\/\/astragal.cz\/index.php\/poselstvi-panny-marie-ze-zlatych-hor\/\">Poselstv\u00ed Panny Marie ze Zlat\u00fdch hor<\/a><\/p>\n\n\n\n<p><a href=\"https:\/\/astragal.cz\/index.php\/poselstvi-od-panny-marie-z-ostrihomi\/\">Poselstv\u00ed Panny Marie z Ost\u0159ihomi<\/a><\/p>\n\n\n\n<p><a href=\"https:\/\/astragal.cz\/index.php\/krkonosske-poselstvi-panenky-marie\/\">Krkono\u0161sk\u00e9 poselstv\u00ed Panenky Marie<\/a><\/p>\n\n\n\n<p><a href=\"https:\/\/astragal.cz\/index.php\/poselstvi-panny-marie-k-nasim-modlitbam\/\">Poselstv\u00ed Panny Marie k na\u0161im modlitb\u00e1m<\/a><\/p>\n\n\n\n<p><\/p>\n","protected":false},"excerpt":{"rendered":"<p>Proroctv\u00ed Panny Marie pro z\u00e1chranu sv\u011bta Poselstv\u00ed Panny Marie ze Zlat\u00fdch hor Poselstv\u00ed Panny Marie z Ost\u0159ihomi Krkono\u0161sk\u00e9 poselstv\u00ed Panenky Marie Poselstv\u00ed Panny Marie k na\u0161im modlitb\u00e1m<\/p>\n","protected":false},"author":1,"featured_media":0,"parent":0,"menu_order":0,"comment_status":"closed","ping_status":"closed","template":"","meta":{"_mc_calendar":[],"footnotes":""},"class_list":["post-8852","page","type-page","status-publish","hentry"],"_links":{"self":[{"href":"https:\/\/astragal.cz\/index.php\/wp-json\/wp\/v2\/pages\/8852","targetHints":{"allow":["GET"]}}],"collection":[{"href":"https:\/\/astragal.cz\/index.php\/wp-json\/wp\/v2\/pages"}],"about":[{"href":"https:\/\/astragal.cz\/index.php\/wp-json\/wp\/v2\/types\/page"}],"author":[{"embeddable":true,"href":"https:\/\/astragal.cz\/index.php\/wp-json\/wp\/v2\/users\/1"}],"replies":[{"embeddable":true,"href":"https:\/\/astragal.cz\/index.php\/wp-json\/wp\/v2\/comments?post=8852"}],"version-history":[{"count":10,"href":"https:\/\/astragal.cz\/index.php\/wp-json\/wp\/v2\/pages\/8852\/revisions"}],"predecessor-version":[{"id":11337,"href":"https:\/\/astragal.cz\/index.php\/wp-json\/wp\/v2\/pages\/8852\/revisions\/11337"}],"wp:attachment":[{"href":"https:\/\/astragal.cz\/index.php\/wp-json\/wp\/v2\/media?parent=8852"}],"curies":[{"name":"wp","href":"https:\/\/api.w.org\/{rel}","templated":true}]}}