{"id":9008,"date":"2024-04-19T17:05:00","date_gmt":"2024-04-19T16:05:00","guid":{"rendered":"https:\/\/astragal.cz\/?page_id=9008"},"modified":"2024-04-19T18:01:41","modified_gmt":"2024-04-19T17:01:41","slug":"informace-k-poukazu","status":"publish","type":"page","link":"https:\/\/astragal.cz\/index.php\/informace-k-poukazu\/","title":{"rendered":"Informace k poukazu"},"content":{"rendered":"\n<p>M\u00e1m up\u0159\u00edmnou radost, \u017ee jste se rozhodli obdarovat n\u011bkoho bl\u00edzk\u00e9ho poukazem ASTRAGAL.<\/p>\n\n\n\n<p>Darovat poukaz m\u016f\u017eete na n\u011bkterou z t\u011bchto nab\u00eddek ASTRAGAL: <a href=\"https:\/\/astragal.cz\/index.php\/nabidka-poukazu\/\">https:\/\/astragal.cz\/index.php\/nabidka-poukazu\/<\/a>.<\/p>\n\n\n\n<p class=\"has-blue-color has-text-color\"><strong>Mo\u017enosti realizace poukazu:<\/strong><\/p>\n\n\n\n<ul class=\"has-blue-color has-text-color wp-block-list\"><li><strong>D\u00e1rkov\u00fd poukaz formou nahr\u00e1vky a kresby zaslan\u00e9 elektronicky<\/strong><\/li><\/ul>\n\n\n\n<p>V p\u0159\u00edpad\u011b, \u017ee chcete, aby m\u011bl V\u00e1mi obdarovan\u00fd trvalou pam\u00e1tku \u010di uv\u00edtal-li by mo\u017enost se k obsahu sd\u011blen\u00e9ho v\u00edcekr\u00e1t vracet &#8211; je ide\u00e1ln\u00ed zvolit tento zp\u016fsob proveden\u00ed d\u00e1rku. Na email obdr\u017e\u00edte do \u00faschovny ulo\u017een\u00fd soubor s diagnostickou kresbou a nahr\u00e1vkou jej\u00edho v\u00fdkladu. <\/p>\n\n\n\n<ul class=\"has-blue-color has-text-color wp-block-list\"><li><strong>D\u00e1rkov\u00fd poukaz realizovan\u00fd po telefonu<\/strong><\/li><\/ul>\n\n\n\n<p>V\u00e1mi obdarovan\u00fd v dan\u00fd den a \u010das zavol\u00e1 pan\u00ed Martin\u011b a je p\u0159\u00edmo p\u0159\u00edtomen p\u0159i tvorb\u011b dan\u00e9 kresby \u010di \u00fakonu. Tedy v\u0161e pro\u017e\u00edv\u00e1 aktivn\u011b b\u011bhem cel\u00e9ho procesu, m\u00e1 mo\u017enost se na nejasnosti doptat a je s n\u00edm interaktivn\u011b spojen.<\/p>\n\n\n\n<ul class=\"has-blue-color has-text-color wp-block-list\"><li><strong>D\u00e1rkov\u00fd poukaz na osobn\u00ed n\u00e1v\u0161t\u011bvu<\/strong> <\/li><\/ul>\n\n\n\n<p>V tomto p\u0159\u00edpad\u011b V\u00e1mi obdarovan\u00fd p\u0159ijede v p\u0159edem dohodnut\u00fd den i \u010das a osobn\u011b si sv\u016fj z\u00e1\u017eitek z d\u00e1rku s pan\u00ed Martinou u\u017eije.<\/p>\n\n\n\n<p><strong>Mal\u00e1 uk\u00e1zka toho, jak V\u00e1\u0161 poukaz m\u016f\u017ee vypadat:<\/strong><\/p>\n\n\n\n<figure class=\"wp-block-image size-full\"><img loading=\"lazy\" decoding=\"async\" width=\"992\" height=\"699\" src=\"https:\/\/astragal.cz\/wp-content\/uploads\/2023\/11\/poukaz.png\" alt=\"\" class=\"wp-image-8407\" srcset=\"https:\/\/astragal.cz\/wp-content\/uploads\/2023\/11\/poukaz.png 992w, https:\/\/astragal.cz\/wp-content\/uploads\/2023\/11\/poukaz-300x211.png 300w, https:\/\/astragal.cz\/wp-content\/uploads\/2023\/11\/poukaz-768x541.png 768w\" sizes=\"auto, (max-width: 992px) 100vw, 992px\" \/><\/figure>\n\n\n\n<p>Ka\u017ed\u00fd poukaz je spolu s v\u00e1mi vytv\u00e1\u0159en v\u017edy tak, aby sv\u00fdm obsahem i \u010dasov\u00fdm rozp\u011bt\u00edm odpov\u00eddal individualit\u011b toho, kdo je j\u00edm obdarov\u00e1n a sou\u010dasn\u011b napl\u0148oval tak\u00e9 va\u0161i p\u0159edstavu o d\u00e1rku.<\/p>\n\n\n\n<p><strong>Poukaz nen\u00ed \u010dasov\u011b omezen\u00fd, tak\u017ee z\u00e1le\u017e\u00ed pln\u011b na v\u00e1s a va\u0161em rozpolo\u017een\u00ed, kdy jej vyu\u017eijete.<\/strong> Nutn\u00e9 ale je po\u010d\u00edtat s t\u00edm, \u017ee p\u0159i objedn\u00e1n\u00ed hraje roli ur\u010dit\u00e1 \u010dekac\u00ed doba (jej\u00ed d\u00e9lka je v\u017edy uvedena u vybran\u00e9 nab\u00eddky).<\/p>\n\n\n\n<p>N\u011bkdy se p\u0159ihod\u00ed, \u017ee se s va\u0161\u00edm d\u00e1rkem \u00fapln\u011b netref\u00edte nebo jej darujete v nespr\u00e1vn\u00fd \u010das, kdy doty\u010dn\u00fd je\u0161t\u011b nen\u00ed p\u0159ipraven vyu\u017e\u00edt vybranou slu\u017ebu. Pokud by se tak stalo, nic se ned\u011bje &#8211; poukaz, i kdy\u017e je na jm\u00e9no, je p\u0159enositeln\u00fd (tedy je mo\u017en\u00e9, po p\u0159edchoz\u00ed domluv\u011b, jeho vyu\u017eit\u00ed jinou osobou). V p\u0159\u00edpad\u011b, \u017ee by v\u00e1m tato mo\u017enost nevyhovovala, nen\u00ed probl\u00e9m, m\u016f\u017eeme se domluvit i na vr\u00e1cen\u00ed zakoupen\u00e9ho poukazu.<\/p>\n\n\n\n<p class=\"has-blue-color has-text-color\"><\/p>\n\n\n\n<p>P\u0159eji v\u00e1m radost a hezk\u00fd z\u00e1\u017eitek z na\u0161eho setk\u00e1n\u00ed a t\u011b\u0161\u00edm se na v\u00e1s.<\/p>\n\n\n\n<p>Martina<\/p>\n\n\n\n<p><\/p>\n\n\n\n<p><\/p>\n","protected":false},"excerpt":{"rendered":"<p>M\u00e1m up\u0159\u00edmnou radost, \u017ee jste se rozhodli obdarovat n\u011bkoho bl\u00edzk\u00e9ho poukazem ASTRAGAL. Darovat poukaz m\u016f\u017eete na n\u011bkterou z t\u011bchto nab\u00eddek ASTRAGAL: https:\/\/astragal.cz\/index.php\/nabidka-poukazu\/. Mo\u017enosti realizace poukazu: D\u00e1rkov\u00fd poukaz formou nahr\u00e1vky a kresby zaslan\u00e9 elektronicky V p\u0159\u00edpad\u011b, \u017ee chcete, aby m\u011bl V\u00e1mi obdarovan\u00fd trvalou pam\u00e1tku \u010di uv\u00edtal-li by mo\u017enost se k obsahu sd\u011blen\u00e9ho v\u00edcekr\u00e1t vracet &#8211; je [&hellip;]<\/p>\n","protected":false},"author":1,"featured_media":0,"parent":0,"menu_order":0,"comment_status":"closed","ping_status":"closed","template":"","meta":{"_mc_calendar":[],"footnotes":""},"class_list":["post-9008","page","type-page","status-publish","hentry"],"_links":{"self":[{"href":"https:\/\/astragal.cz\/index.php\/wp-json\/wp\/v2\/pages\/9008","targetHints":{"allow":["GET"]}}],"collection":[{"href":"https:\/\/astragal.cz\/index.php\/wp-json\/wp\/v2\/pages"}],"about":[{"href":"https:\/\/astragal.cz\/index.php\/wp-json\/wp\/v2\/types\/page"}],"author":[{"embeddable":true,"href":"https:\/\/astragal.cz\/index.php\/wp-json\/wp\/v2\/users\/1"}],"replies":[{"embeddable":true,"href":"https:\/\/astragal.cz\/index.php\/wp-json\/wp\/v2\/comments?post=9008"}],"version-history":[{"count":18,"href":"https:\/\/astragal.cz\/index.php\/wp-json\/wp\/v2\/pages\/9008\/revisions"}],"predecessor-version":[{"id":9053,"href":"https:\/\/astragal.cz\/index.php\/wp-json\/wp\/v2\/pages\/9008\/revisions\/9053"}],"wp:attachment":[{"href":"https:\/\/astragal.cz\/index.php\/wp-json\/wp\/v2\/media?parent=9008"}],"curies":[{"name":"wp","href":"https:\/\/api.w.org\/{rel}","templated":true}]}}