{"id":9525,"date":"2024-07-12T18:27:55","date_gmt":"2024-07-12T17:27:55","guid":{"rendered":"https:\/\/astragal.cz\/?page_id=9525"},"modified":"2025-12-27T13:07:30","modified_gmt":"2025-12-27T12:07:30","slug":"aktualni-poselstvi","status":"publish","type":"page","link":"https:\/\/astragal.cz\/index.php\/aktualni-poselstvi\/","title":{"rendered":"Aktu\u00e1ln\u00ed poselstv\u00ed"},"content":{"rendered":"\n<p><\/p>\n\n\n\n<p class=\"has-text-align-center has-blue-color has-text-color has-link-color wp-elements-7fbed09efc8e087ed8108a4d3afcc09f\" style=\"font-size:25px\"><strong>ROK 2025<\/strong><\/p>\n\n\n\n<p class=\"has-text-align-center has-blue-color has-text-color has-link-color has-medium-font-size wp-elements-8e0785a3fd006a906923d4cb9aae0bde\"><strong>PROSINEC<\/strong><\/p>\n\n\n\n<p>Proroctv\u00ed pro z\u00e1chranu sv\u011btla \u2013 Panna Maria op\u011bt promlouv\u00e1<\/p>\n\n\n\n<figure class=\"wp-block-embed is-type-video is-provider-youtube wp-block-embed-youtube wp-embed-aspect-16-9 wp-has-aspect-ratio\"><div class=\"wp-block-embed__wrapper\">\n<iframe loading=\"lazy\" title=\"Proroctv\u00ed pro z\u00e1chranu sv\u011btla \u2013 Panna Maria op\u011bt promlouv\u00e1\" width=\"760\" height=\"428\" src=\"https:\/\/www.youtube.com\/embed\/ldJVDXiOU0Q?feature=oembed\" frameborder=\"0\" allow=\"accelerometer; autoplay; clipboard-write; encrypted-media; gyroscope; picture-in-picture; web-share\" referrerpolicy=\"strict-origin-when-cross-origin\" allowfullscreen><\/iframe>\n<\/div><\/figure>\n\n\n\n<p class=\"has-text-align-center has-blue-color has-text-color has-link-color has-medium-font-size wp-elements-8481fb55132ca0f6b6317a41357e025e\"><strong>LISTOPAD<\/strong><\/p>\n\n\n\n<p class=\"has-blue-color has-text-color has-link-color wp-elements-4bc644e8ae76d499eca430e02fbd9f47\"><strong>Novinky z vesm\u00edru \ud83d\ude42 uvid\u00edte v tomto z\u00e1znamu \u017eiv\u00e9ho vys\u00edl\u00e1n\u00ed:<\/strong><\/p>\n\n\n\n<figure class=\"wp-block-embed is-type-video is-provider-youtube wp-block-embed-youtube wp-embed-aspect-16-9 wp-has-aspect-ratio\"><div class=\"wp-block-embed__wrapper\">\n<iframe loading=\"lazy\" title=\"Sv\u011bteln\u00fd pr\u016fvodce \u017eiv\u011b - Novinky z vesm\u00edru :-)\" width=\"760\" height=\"428\" src=\"https:\/\/www.youtube.com\/embed\/_fx4e55L_aY?feature=oembed\" frameborder=\"0\" allow=\"accelerometer; autoplay; clipboard-write; encrypted-media; gyroscope; picture-in-picture; web-share\" referrerpolicy=\"strict-origin-when-cross-origin\" allowfullscreen><\/iframe>\n<\/div><\/figure>\n\n\n\n<p class=\"has-blue-color has-text-color has-link-color wp-elements-7505644fa32ffa8e8a0e52cbb5829fc9\" style=\"font-size:18px\"><strong>POZOR &#8211; Najdete zde i p\u0159edpov\u011b\u010f v\u00fdvoje pl\u00e1nu na\u0161ich du\u0161\u00ed pro rok 2026.<\/strong><\/p>\n\n\n\n<hr noshade=\"\" color=\"black\" align=\"center\">\n\n\n\n<hr noshade=\"\" color=\"black\" align=\"center\">\n\n\n\n<p class=\"has-text-align-center has-blue-color has-text-color has-link-color has-medium-font-size wp-elements-284097a234462e0d41ad62008b24a912\"><strong>\u0158\u00cdJEN<\/strong><\/p>\n\n\n\n<p class=\"has-text-align-center has-blue-color has-text-color has-link-color wp-elements-23bd3896f0f924614c411150b38aeaa1\" style=\"font-size:18px\"><strong>O skryt\u00e9 s\u00edle t\u011b\u017ek\u00fdch situac\u00ed<\/strong><\/p>\n\n\n\n<figure class=\"wp-block-embed is-type-video is-provider-youtube wp-block-embed-youtube wp-embed-aspect-9-16 wp-has-aspect-ratio\"><div class=\"wp-block-embed__wrapper\">\n<iframe loading=\"lazy\" title=\"T\u011b\u017ek\u00e9 situace n\u00e1s posouvaj\u00ed d\u00e1l\" width=\"563\" height=\"1000\" src=\"https:\/\/www.youtube.com\/embed\/clOMNwHgZoY?feature=oembed\" frameborder=\"0\" allow=\"accelerometer; autoplay; clipboard-write; encrypted-media; gyroscope; picture-in-picture; web-share\" referrerpolicy=\"strict-origin-when-cross-origin\" allowfullscreen><\/iframe>\n<\/div><\/figure>\n","protected":false},"excerpt":{"rendered":"<p>ROK 2025 PROSINEC Proroctv\u00ed pro z\u00e1chranu sv\u011btla \u2013 Panna Maria op\u011bt promlouv\u00e1 LISTOPAD Novinky z vesm\u00edru \ud83d\ude42 uvid\u00edte v tomto z\u00e1znamu \u017eiv\u00e9ho vys\u00edl\u00e1n\u00ed: POZOR &#8211; Najdete zde i p\u0159edpov\u011b\u010f v\u00fdvoje pl\u00e1nu na\u0161ich du\u0161\u00ed pro rok 2026. \u0158\u00cdJEN O skryt\u00e9 s\u00edle t\u011b\u017ek\u00fdch situac\u00ed<\/p>\n","protected":false},"author":1,"featured_media":0,"parent":0,"menu_order":0,"comment_status":"closed","ping_status":"closed","template":"","meta":{"_mc_calendar":[],"footnotes":""},"class_list":["post-9525","page","type-page","status-publish","hentry"],"_links":{"self":[{"href":"https:\/\/astragal.cz\/index.php\/wp-json\/wp\/v2\/pages\/9525","targetHints":{"allow":["GET"]}}],"collection":[{"href":"https:\/\/astragal.cz\/index.php\/wp-json\/wp\/v2\/pages"}],"about":[{"href":"https:\/\/astragal.cz\/index.php\/wp-json\/wp\/v2\/types\/page"}],"author":[{"embeddable":true,"href":"https:\/\/astragal.cz\/index.php\/wp-json\/wp\/v2\/users\/1"}],"replies":[{"embeddable":true,"href":"https:\/\/astragal.cz\/index.php\/wp-json\/wp\/v2\/comments?post=9525"}],"version-history":[{"count":45,"href":"https:\/\/astragal.cz\/index.php\/wp-json\/wp\/v2\/pages\/9525\/revisions"}],"predecessor-version":[{"id":11324,"href":"https:\/\/astragal.cz\/index.php\/wp-json\/wp\/v2\/pages\/9525\/revisions\/11324"}],"wp:attachment":[{"href":"https:\/\/astragal.cz\/index.php\/wp-json\/wp\/v2\/media?parent=9525"}],"curies":[{"name":"wp","href":"https:\/\/api.w.org\/{rel}","templated":true}]}}