{"id":980,"date":"2020-05-14T18:34:47","date_gmt":"2020-05-14T17:34:47","guid":{"rendered":"http:\/\/astragal.cz\/?page_id=980"},"modified":"2020-12-21T11:29:13","modified_gmt":"2020-12-21T10:29:13","slug":"na-co-se-zamerit-kazdy-tyden","status":"publish","type":"page","link":"https:\/\/astragal.cz\/index.php\/na-co-se-zamerit-kazdy-tyden\/","title":{"rendered":"Na co se zam\u011b\u0159it tento t\u00fdden"},"content":{"rendered":"\n<p class=\"has-text-color has-text-align-center has-medium-font-size has-blue-color\"><strong>PROSINEC<\/strong><\/p>\n\n\n\n<p class=\"has-text-color has-red-color\"><strong>D\u016fle\u017eit\u00e1 informace: <\/strong><\/p>\n\n\n\n<p class=\"has-text-color has-red-color\"><strong>Od ledna roku 2021, se budeme zam\u011b\u0159ovat ji\u017e jen na poselstv\u00ed na ka\u017ed\u00fd m\u011bs\u00edc.<\/strong><\/p>\n\n\n\n<p class=\"has-text-color has-red-color\"><strong>Je to proto, \u017ee se \u010das neust\u00e1le neskute\u010dn\u011b zrychluje, zasek\u00e1v\u00e1, posouv\u00e1&#8230;. a energie se tak velice rychle m\u011bn\u00ed.<\/strong> <strong>Z toho d\u016fvodu je pro n\u00e1s lep\u0161\u00ed d\u00edvat se na v\u00fdhled toho, s \u010d\u00edm se budeme potk\u00e1vat, z del\u0161\u00edho \u010dasov\u00e9ho horizontu.<\/strong><\/p>\n\n\n\n<hr color=\"blue\" size=\"2\" align=\"center\" noshade=\"\">\n\n\n\n<p class=\"has-text-color has-medium-font-size has-blue-color\"> <strong>52. T\u00ddDEN<\/strong>    <\/p>\n\n\n\n<p>Tento t\u00fdden vyb\u00edz\u00ed k vyu\u017eit\u00ed va\u0161eho potenci\u00e1lu osobn\u00ed moci a s\u00edly k p\u0159ekon\u00e1n\u00ed p\u0159ek\u00e1\u017eek. Pr\u00e1v\u011b proud\u00edc\u00ed energie dok\u00e1\u017e\u00ed spojit va\u0161i osobn\u00ed moc a s\u00edlu tak, abyste se dok\u00e1zali probojovat (v tom dobr\u00e9m slova smyslu:-)) jak\u00fdmikoli \u017eivotn\u00edmi t\u011b\u017ekostmi.<\/p>\n\n\n\n<p>Prob\u00edhaj\u00edc\u00ed situace je zkou\u0161kou na\u0161\u00ed v\u00fddr\u017ee a schopnosti tuto situaci vy\u0159e\u0161it. <\/p>\n\n\n\n<p class=\"has-text-color has-blue-color\"><strong><em>D\u016fle\u017eit\u00e9 je spr\u00e1vn\u011b pou\u017e\u00edvat na\u0161\u00ed s\u00edlu. <\/em><\/strong><\/p>\n\n\n\n<p class=\"has-text-color has-blue-color\"><strong><em>Neb\u00e1t se projevit sv\u016fj n\u00e1zor, ale \u010dinit tak v rozpolo\u017een\u00ed, kdy jsme p\u0159ipraveni odpou\u0161t\u011bt, m\u00edt toleranci k chyb\u00e1m druh\u00fdch, vyu\u017e\u00edvat sv\u00e9 schopnosti soucit, kter\u00fd n\u00e1s dovede k spr\u00e1vn\u00e9mu nalezen\u00ed v\u00fdsledku.<\/em><\/strong><\/p>\n\n\n\n<p>Kr\u00e1sn\u00e9 v\u00e1noce, M.<\/p>\n\n\n\n<hr color=\"blue\" size=\"2\" align=\"center\" noshade=\"\">\n\n\n\n<p class=\"has-text-color has-medium-font-size has-blue-color\"><strong>51. T\u00ddDEN<\/strong>   <\/p>\n\n\n\n<p>V tomto t\u00fddnu p\u0159ijdou r\u016fzn\u00e9 nab\u00eddky a pozv\u00e1n\u00ed, kter\u00e9 m\u016f\u017eeme p\u0159ijmout &#8211; jsou pro n\u00e1s bezpe\u010dn\u00e9.<\/p>\n\n\n\n<p class=\"has-text-color has-blue-color\"><strong><em>Celkov\u011b by tento t\u00fdden m\u011bl b\u00fdt pozitivn\u00edm. <\/em><\/strong><\/p>\n\n\n\n<p>Pozor bychom si m\u011bli d\u00e1t p\u0159edev\u0161\u00edm na zveli\u010dov\u00e1n\u00ed cit\u016f a nebezpe\u010dnou melancholii. <\/p>\n\n\n\n<p>Bu\u010fme pravdiv\u00fd ve sv\u00fdch citech. Sestupme s my\u0161lenkami na pevnou zem.<\/p>\n\n\n\n<p>Za Astragal, p\u0159eje hodn\u011b zdrav\u00ed<\/p>\n\n\n\n<p>M\u00ed\u0161a<\/p>\n\n\n\n<hr color=\"blue\" size=\"2\" align=\"center\" noshade=\"\">\n\n\n\n<p class=\"has-text-color has-medium-font-size has-blue-color\"><strong>50. T\u00ddDEN<\/strong>   <\/p>\n\n\n\n<p>V\u011bci se daj\u00ed do pohybu. P\u0159\u00e1n\u00ed se za\u010dnou plnit. <\/p>\n\n\n\n<p>V n\u011bkter\u00fdch okam\u017eic\u00edch se spln\u00ed i tak, jak jsme necht\u011bli, ale kdy\u017e to spr\u00e1vn\u011b pochop\u00edme, z dlouhodob\u00e9ho hlediska se to d\u011bje jen v n\u00e1\u0161 prosp\u011bch.<\/p>\n\n\n\n<p>Za Astragal, p\u0159eje kr\u00e1sn\u00fd prosincov\u00fd t\u00fdden,<\/p>\n\n\n\n<p>M\u00ed\u0161a<\/p>\n\n\n\n<p class=\"has-text-color has-medium-font-size has-blue-color\"> <strong>49. T\u00ddDEN<\/strong>  <\/p>\n\n\n\n<p>Cel\u00fd tento t\u00fdden m\u016f\u017eeme popsat jako pracovn\u00ed. <\/p>\n\n\n\n<p>Bude se t\u00fdkat na\u0161ich z\u00e1sadn\u00edch pracovn\u00edch rozhodnut\u00ed, uzav\u00edr\u00e1n\u00ed smluv, dokon\u010dov\u00e1n\u00ed dlouho rozd\u011blan\u00fdch projekt\u016f, \u010dasov\u00e9ho rozvr\u017een\u00ed pr\u00e1ce, vztahu k pr\u00e1ci, nastaven\u00ed si mantinel\u016f. <\/p>\n\n\n\n<p>M\u016f\u017eeme za\u010d\u00edt novou etapu ve sv\u00e9m \u017eivot\u011b. <\/p>\n\n\n\n<p>V\u0161e se to\u010d\u00ed kolem na\u0161eho pracovn\u00edho nasazen\u00ed, jak jsme v\u00fdkonn\u00ed, co chceme zm\u011bnit, jak dok\u00e1\u017eeme pl\u00e1novat. Mohli jsme m\u00edt p\u0159edstavy, kter\u00e9 jsme nyn\u00ed p\u0159ehodnotily, a nebo se zm\u011bnily.<\/p>\n\n\n\n<p>Za Astragal, p\u0159eji \u00fasp\u011b\u0161n\u00fd t\u00fdden,<\/p>\n\n\n\n<p>M\u00ed\u0161a<\/p>\n\n\n\n<hr color=\"blue\" size=\"2\" align=\"center\" noshade=\"\">\n","protected":false},"excerpt":{"rendered":"<p>PROSINEC D\u016fle\u017eit\u00e1 informace: Od ledna roku 2021, se budeme zam\u011b\u0159ovat ji\u017e jen na poselstv\u00ed na ka\u017ed\u00fd m\u011bs\u00edc. Je to proto, \u017ee se \u010das neust\u00e1le neskute\u010dn\u011b zrychluje, zasek\u00e1v\u00e1, posouv\u00e1&#8230;. a energie se tak velice rychle m\u011bn\u00ed. Z toho d\u016fvodu je pro n\u00e1s lep\u0161\u00ed d\u00edvat se na v\u00fdhled toho, s \u010d\u00edm se budeme potk\u00e1vat, z del\u0161\u00edho \u010dasov\u00e9ho [&hellip;]<\/p>\n","protected":false},"author":1,"featured_media":0,"parent":0,"menu_order":0,"comment_status":"closed","ping_status":"closed","template":"","meta":{"_mc_calendar":[],"footnotes":""},"class_list":["post-980","page","type-page","status-publish","hentry"],"_links":{"self":[{"href":"https:\/\/astragal.cz\/index.php\/wp-json\/wp\/v2\/pages\/980","targetHints":{"allow":["GET"]}}],"collection":[{"href":"https:\/\/astragal.cz\/index.php\/wp-json\/wp\/v2\/pages"}],"about":[{"href":"https:\/\/astragal.cz\/index.php\/wp-json\/wp\/v2\/types\/page"}],"author":[{"embeddable":true,"href":"https:\/\/astragal.cz\/index.php\/wp-json\/wp\/v2\/users\/1"}],"replies":[{"embeddable":true,"href":"https:\/\/astragal.cz\/index.php\/wp-json\/wp\/v2\/comments?post=980"}],"version-history":[{"count":177,"href":"https:\/\/astragal.cz\/index.php\/wp-json\/wp\/v2\/pages\/980\/revisions"}],"predecessor-version":[{"id":1738,"href":"https:\/\/astragal.cz\/index.php\/wp-json\/wp\/v2\/pages\/980\/revisions\/1738"}],"wp:attachment":[{"href":"https:\/\/astragal.cz\/index.php\/wp-json\/wp\/v2\/media?parent=980"}],"curies":[{"name":"wp","href":"https:\/\/api.w.org\/{rel}","templated":true}]}}