{"id":9968,"date":"2024-10-21T12:40:45","date_gmt":"2024-10-21T11:40:45","guid":{"rendered":"https:\/\/astragal.cz\/?page_id=9968"},"modified":"2026-04-16T09:28:49","modified_gmt":"2026-04-16T08:28:49","slug":"akce","status":"publish","type":"page","link":"https:\/\/astragal.cz\/index.php\/akce\/","title":{"rendered":"Akce"},"content":{"rendered":"<div class=\"wp-block-image\">\n<figure class=\"aligncenter size-large is-resized\"><img loading=\"lazy\" decoding=\"async\" width=\"682\" height=\"1024\" src=\"https:\/\/astragal.cz\/wp-content\/uploads\/2026\/02\/hands-9345235_1280-1-682x1024.jpg\" alt=\"\" class=\"wp-image-11467\" style=\"width:227px;height:auto\" srcset=\"https:\/\/astragal.cz\/wp-content\/uploads\/2026\/02\/hands-9345235_1280-1-682x1024.jpg 682w, https:\/\/astragal.cz\/wp-content\/uploads\/2026\/02\/hands-9345235_1280-1-200x300.jpg 200w, https:\/\/astragal.cz\/wp-content\/uploads\/2026\/02\/hands-9345235_1280-1-768x1152.jpg 768w, https:\/\/astragal.cz\/wp-content\/uploads\/2026\/02\/hands-9345235_1280-1.jpg 853w\" sizes=\"auto, (max-width: 682px) 100vw, 682px\" \/><\/figure><\/div>\n\n\n<p><a href=\"https:\/\/astragal.cz\/index.php\/prehled-akci\/\">P\u0159ehled akc\u00ed<\/a><\/p>\n\n\n\n<p><a href=\"https:\/\/astragal.cz\/index.php\/ukazka-z-akci\/\">Uk\u00e1zka z akc\u00ed<\/a><\/p>\n","protected":false},"excerpt":{"rendered":"<p>P\u0159ehled akc\u00ed Uk\u00e1zka z akc\u00ed<\/p>\n","protected":false},"author":1,"featured_media":0,"parent":0,"menu_order":0,"comment_status":"closed","ping_status":"closed","template":"","meta":{"_mc_calendar":[],"footnotes":""},"class_list":["post-9968","page","type-page","status-publish","hentry"],"_links":{"self":[{"href":"https:\/\/astragal.cz\/index.php\/wp-json\/wp\/v2\/pages\/9968","targetHints":{"allow":["GET"]}}],"collection":[{"href":"https:\/\/astragal.cz\/index.php\/wp-json\/wp\/v2\/pages"}],"about":[{"href":"https:\/\/astragal.cz\/index.php\/wp-json\/wp\/v2\/types\/page"}],"author":[{"embeddable":true,"href":"https:\/\/astragal.cz\/index.php\/wp-json\/wp\/v2\/users\/1"}],"replies":[{"embeddable":true,"href":"https:\/\/astragal.cz\/index.php\/wp-json\/wp\/v2\/comments?post=9968"}],"version-history":[{"count":24,"href":"https:\/\/astragal.cz\/index.php\/wp-json\/wp\/v2\/pages\/9968\/revisions"}],"predecessor-version":[{"id":11507,"href":"https:\/\/astragal.cz\/index.php\/wp-json\/wp\/v2\/pages\/9968\/revisions\/11507"}],"wp:attachment":[{"href":"https:\/\/astragal.cz\/index.php\/wp-json\/wp\/v2\/media?parent=9968"}],"curies":[{"name":"wp","href":"https:\/\/api.w.org\/{rel}","templated":true}]}}