{"id":9974,"date":"2024-10-21T12:44:26","date_gmt":"2024-10-21T11:44:26","guid":{"rendered":"https:\/\/astragal.cz\/?page_id=9974"},"modified":"2025-03-23T10:49:45","modified_gmt":"2025-03-23T09:49:45","slug":"sila-lasky-a-jeji-moc-zmenit-vas-zivot","status":"publish","type":"page","link":"https:\/\/astragal.cz\/index.php\/sila-lasky-a-jeji-moc-zmenit-vas-zivot\/","title":{"rendered":"Z\u00e1\u017eitkov\u00fd semin\u00e1\u0159"},"content":{"rendered":"\n<p><\/p>\n\n\n\n<p class=\"has-text-align-center has-medium-font-size\"><strong>S\u00edla l\u00e1sky a jej\u00ed moc m\u011bnit v\u00e1\u0161 \u017eivot<\/strong><\/p>\n\n\n\n<p class=\"has-text-align-center has-medium-font-size\"><strong> od <time datetime=\"2025-03-15T11:00:00+01:00\"><strong>10:30 do 16:30<\/strong><\/time><\/strong> <strong>hodin<\/strong><\/p>\n\n\n<div class=\"wp-block-image\">\n<figure class=\"aligncenter size-full\"><img loading=\"lazy\" decoding=\"async\" width=\"587\" height=\"347\" src=\"https:\/\/astragal.cz\/wp-content\/uploads\/2024\/10\/obrazy-na-platne-sila-lasky.jpg\" alt=\"\" class=\"wp-image-10020\" srcset=\"https:\/\/astragal.cz\/wp-content\/uploads\/2024\/10\/obrazy-na-platne-sila-lasky.jpg 587w, https:\/\/astragal.cz\/wp-content\/uploads\/2024\/10\/obrazy-na-platne-sila-lasky-300x177.jpg 300w\" sizes=\"auto, (max-width: 587px) 100vw, 587px\" \/><\/figure><\/div>\n\n\n<p>Z\u00e1\u017eitkov\u00fd semin\u00e1\u0159 bude o \u00farovn\u00edch, hlubin\u00e1ch i rozm\u011brech l\u00e1sky ve v\u0161ech jej\u00edch podob\u00e1ch jak v teoretick\u00e9, tak praktick\u00e9 rovin\u011b.<\/p>\n\n\n\n<p>Pokus\u00edme se dostat k nej\u010dist\u011bj\u0161\u00ed podstat\u011b v\u00e1s sam\u00fdch. Tuto podstatu aktivujeme a nau\u010d\u00edme se, jak ji v praxi vyu\u017e\u00edvat tak, abyste si toto nastaven\u00ed mohli v ka\u017edodenn\u00edm \u017eivot\u011b udr\u017eet.<\/p>\n\n\n\n<p><strong>D\u00e9lka setk\u00e1n\u00ed je 6 hodin. Po\u010det \u00fa\u010dastn\u00edk\u016f je minim\u00e1ln\u011b 14 a maxim\u00e1ln\u011b 18. Cena setk\u00e1n\u00ed je 1500 K\u010d (pro \u00fa\u010dastn\u00edky z jedn\u00e9 rodiny poskytujeme slevu 30% na druh\u00e9ho a ka\u017ed\u00e9ho dal\u0161\u00edho \u010dlena rodiny).<\/strong>&nbsp;<\/p>\n\n\n\n<p><strong>M\u00edsto kon\u00e1n\u00ed akce:<\/strong> Zderaz 119, Prose\u010d u Skut\u010de,&nbsp;539 44<\/p>\n\n\n\n<p>Mo\u017enost ob\u011bda zaji\u0161t\u011bna na m\u00edst\u011b. V p\u0159\u00edpad\u011b z\u00e1jmu p\u0159ipojte tuto informaci do va\u0161eho emailu. M\u00edsto, na kter\u00e9m je k p\u0159edn\u00e1\u0161ka kon\u00e1na, bohu\u017eel nen\u00ed uzp\u016fsobeno na \u00fa\u010dast s d\u011btmi :-(. D\u011bkujeme za pochopen\u00ed.<\/p>\n\n\n\n<p>PO\u010cET M\u00cdST JE OMEZEN, PROTO V P\u0158\u00cdPAD\u011a Z\u00c1JMU NEV\u00c1HEJTE S P\u0158IHL\u00c1\u0160EN\u00cdM SE P\u0158IHL\u00c1SIT SE M\u016e\u017dETE DO 24. 10. 2025.<\/p>\n\n\n\n<p>T\u011b\u0161\u00edme se na v\u00e1s, Martina a t\u00fdm Astragal<\/p>\n\n\n\n<p><\/p>\n\n\n\n<p><strong>P\u0159ihl\u00e1sit se na akci m\u016f\u017eete n\u00ed\u017ee prost\u0159ednictv\u00edm formul\u00e1\u0159e nebo na emailu: astragal@email.cz<\/strong>.<\/p>\n\n\n\n<p><\/p>\n\n\n\n<p><strong>P\u0158IHL\u00c1\u0160KOV\u00dd FORMUL\u00c1\u0158 NA AKCI:<\/strong><\/p>\n\n\n\n<div class=\"wpforms-container wpforms-container-full\" id=\"wpforms-9405\"><form id=\"wpforms-form-9405\" class=\"wpforms-validate wpforms-form wpforms-ajax-form\" data-formid=\"9405\" method=\"post\" enctype=\"multipart\/form-data\" action=\"\/index.php\/wp-json\/wp\/v2\/pages\/9974\" data-token=\"87625465c7805ff7dff718ec8f4b9eac\" data-token-time=\"1777024486\"><noscript class=\"wpforms-error-noscript\">Chcete-li vyplnit tento formul\u00e1\u0159, pros\u00edm povolte v prohl\u00ed\u017ee\u010di JavaScript.<\/noscript><div class=\"wpforms-field-container\"><div id=\"wpforms-9405-field_10-container\" class=\"wpforms-field wpforms-field-text\" data-field-id=\"10\"><label class=\"wpforms-field-label\" for=\"wpforms-9405-field_10\">N\u00e1zev akce - Sv\u011bteln\u00e9 setk\u00e1n\u00ed  <span class=\"wpforms-required-label\">*<\/span><\/label><input type=\"text\" id=\"wpforms-9405-field_10\" class=\"wpforms-field-medium wpforms-field-required\" name=\"wpforms[fields][10]\" required><\/div><div id=\"wpforms-9405-field_0-container\" class=\"wpforms-field wpforms-field-name\" data-field-id=\"0\"><label class=\"wpforms-field-label\">Jm\u00e9no <span class=\"wpforms-required-label\">*<\/span><\/label><div class=\"wpforms-field-row wpforms-field-medium\"><div class=\"wpforms-field-row-block wpforms-first wpforms-one-half\"><input type=\"text\" id=\"wpforms-9405-field_0\" class=\"wpforms-field-name-first wpforms-field-required\" name=\"wpforms[fields][0][first]\" required><label for=\"wpforms-9405-field_0\" class=\"wpforms-field-sublabel after\">K\u0159estn\u00ed jm\u00e9no<\/label><\/div><div class=\"wpforms-field-row-block wpforms-one-half\"><input type=\"text\" id=\"wpforms-9405-field_0-last\" class=\"wpforms-field-name-last wpforms-field-required\" name=\"wpforms[fields][0][last]\" required><label for=\"wpforms-9405-field_0-last\" class=\"wpforms-field-sublabel after\">P\u0159\u00edjmen\u00ed<\/label><\/div><\/div><\/div><div id=\"wpforms-9405-field_1-container\" class=\"wpforms-field wpforms-field-email\" data-field-id=\"1\"><label class=\"wpforms-field-label\" for=\"wpforms-9405-field_1\">E-mail <span class=\"wpforms-required-label\">*<\/span><\/label><input type=\"email\" id=\"wpforms-9405-field_1\" class=\"wpforms-field-medium wpforms-field-required\" name=\"wpforms[fields][1]\" spellcheck=\"false\" required><\/div><div id=\"wpforms-9405-field_2-container\" class=\"wpforms-field wpforms-field-textarea\" data-field-id=\"2\"><label class=\"wpforms-field-label\" for=\"wpforms-9405-field_2\">Koment\u00e1\u0159 nebo zpr\u00e1va<\/label><textarea id=\"wpforms-9405-field_2\" class=\"wpforms-field-medium\" name=\"wpforms[fields][2]\" ><\/textarea><\/div><div id=\"wpforms-9405-field_6-container\" class=\"wpforms-field wpforms-field-select wpforms-field-select-style-classic\" data-field-id=\"6\"><label class=\"wpforms-field-label wpforms-label-hide\" for=\"wpforms-9405-field_6\">Nahl\u00e1\u0161en\u00ed ob\u011bda <span class=\"wpforms-required-label\">*<\/span><\/label><select id=\"wpforms-9405-field_6\" class=\"wpforms-field-medium wpforms-field-required\" name=\"wpforms[fields][6]\" required=\"required\"><option value=\"M\u00e1m z\u00e1jem o nahl\u00e1\u0161en\u00ed ob\u011bda\"  class=\"choice-1 depth-1\"  >M\u00e1m z\u00e1jem o nahl\u00e1\u0161en\u00ed ob\u011bda<\/option><option value=\"Nem\u00e1m z\u00e1jem o ob\u011bd\"  class=\"choice-2 depth-1\"  >Nem\u00e1m z\u00e1jem o ob\u011bd<\/option><\/select><\/div><div id=\"wpforms-9405-field_4-container\" class=\"wpforms-field wpforms-field-checkbox\" data-field-id=\"4\"><label class=\"wpforms-field-label wpforms-label-hide\">Souhlas se zpracov\u00e1n\u00edm osobn\u00edch \u00fadaj\u016f <span class=\"wpforms-required-label\">*<\/span><\/label><ul id=\"wpforms-9405-field_4\" class=\"wpforms-field-required\"><li class=\"choice-1 depth-1\"><input type=\"checkbox\" id=\"wpforms-9405-field_4_1\" name=\"wpforms[fields][4][]\" value=\"Souhlas\u00edm se zpracov\u00e1n\u00edm osobn\u00edch \u00fadaj\u016f v souladu s GDPR\" required ><label class=\"wpforms-field-label-inline\" for=\"wpforms-9405-field_4_1\">Souhlas\u00edm se zpracov\u00e1n\u00edm osobn\u00edch \u00fadaj\u016f v souladu s GDPR<\/label><\/li><\/ul><\/div><\/div><!-- .wpforms-field-container --><div class=\"wpforms-submit-container\" ><input type=\"hidden\" name=\"wpforms[id]\" value=\"9405\"><input type=\"hidden\" name=\"page_title\" value=\"\"><input type=\"hidden\" name=\"page_url\" value=\"https:\/\/astragal.cz\/index.php\/wp-json\/wp\/v2\/pages\/9974\"><input type=\"hidden\" name=\"url_referer\" value=\"\"><button type=\"submit\" name=\"wpforms[submit]\" id=\"wpforms-submit-9405\" class=\"wpforms-submit\" data-alt-text=\"Odes\u00edl\u00e1ni...\" data-submit-text=\"Odeslat\" aria-live=\"assertive\" value=\"wpforms-submit\">Odeslat<\/button><img loading=\"lazy\" decoding=\"async\" src=\"https:\/\/astragal.cz\/wp-content\/plugins\/wpforms-lite\/assets\/images\/submit-spin.svg\" class=\"wpforms-submit-spinner\" style=\"display: none;\" width=\"26\" height=\"26\" alt=\"Na\u010d\u00edt\u00e1n\u00ed\"><\/div><\/form><\/div>  <!-- .wpforms-container -->\n\n\n\n<p><\/p>\n\n\n\n<p><\/p>\n","protected":false},"excerpt":{"rendered":"<p>S\u00edla l\u00e1sky a jej\u00ed moc m\u011bnit v\u00e1\u0161 \u017eivot od 10:30 do 16:30 hodin Z\u00e1\u017eitkov\u00fd semin\u00e1\u0159 bude o \u00farovn\u00edch, hlubin\u00e1ch i rozm\u011brech l\u00e1sky ve v\u0161ech jej\u00edch podob\u00e1ch jak v teoretick\u00e9, tak praktick\u00e9 rovin\u011b. Pokus\u00edme se dostat k nej\u010dist\u011bj\u0161\u00ed podstat\u011b v\u00e1s sam\u00fdch. Tuto podstatu aktivujeme a nau\u010d\u00edme se, jak ji v praxi vyu\u017e\u00edvat tak, abyste si toto [&hellip;]<\/p>\n","protected":false},"author":1,"featured_media":0,"parent":0,"menu_order":0,"comment_status":"closed","ping_status":"closed","template":"","meta":{"_mc_calendar":[],"footnotes":""},"class_list":["post-9974","page","type-page","status-publish","hentry"],"_links":{"self":[{"href":"https:\/\/astragal.cz\/index.php\/wp-json\/wp\/v2\/pages\/9974","targetHints":{"allow":["GET"]}}],"collection":[{"href":"https:\/\/astragal.cz\/index.php\/wp-json\/wp\/v2\/pages"}],"about":[{"href":"https:\/\/astragal.cz\/index.php\/wp-json\/wp\/v2\/types\/page"}],"author":[{"embeddable":true,"href":"https:\/\/astragal.cz\/index.php\/wp-json\/wp\/v2\/users\/1"}],"replies":[{"embeddable":true,"href":"https:\/\/astragal.cz\/index.php\/wp-json\/wp\/v2\/comments?post=9974"}],"version-history":[{"count":8,"href":"https:\/\/astragal.cz\/index.php\/wp-json\/wp\/v2\/pages\/9974\/revisions"}],"predecessor-version":[{"id":10409,"href":"https:\/\/astragal.cz\/index.php\/wp-json\/wp\/v2\/pages\/9974\/revisions\/10409"}],"wp:attachment":[{"href":"https:\/\/astragal.cz\/index.php\/wp-json\/wp\/v2\/media?parent=9974"}],"curies":[{"name":"wp","href":"https:\/\/api.w.org\/{rel}","templated":true}]}}