{"id":999,"date":"2020-05-14T19:12:47","date_gmt":"2020-05-14T18:12:47","guid":{"rendered":"http:\/\/astragal.cz\/?page_id=999"},"modified":"2021-03-10T21:10:10","modified_gmt":"2021-03-10T20:10:10","slug":"zazitkove-seminare","status":"publish","type":"page","link":"https:\/\/astragal.cz\/index.php\/zazitkove-seminare\/","title":{"rendered":"Z\u00e1\u017eitkov\u00e9 semin\u00e1\u0159e"},"content":{"rendered":"\n<p>Z\u00e1\u017eitkov\u00e9 semin\u00e1\u0159e&nbsp;jsou zalo\u017eeny na vnit\u0159n\u00edm pro\u017eitku a pozn\u00e1n\u00ed (v jednotliv\u00fdch, n\u00ed\u017ee uveden\u00fdch oblastech), kter\u00e9 jsou individu\u00e1ln\u011b p\u0159izp\u016fsobov\u00e1ny v pr\u016fb\u011bhu semin\u00e1\u0159e tempu a pot\u0159eb\u00e1m jednotliv\u00fdch \u00fa\u010dastn\u00edk\u016f.<\/p>\n\n\n\n<p class=\"has-text-color has-blue-color\"><strong>DRUHY Z\u00c1\u017dITKOV\u00ddCH SEMIN\u00c1\u0158\u016e <\/strong><\/p>\n\n\n\n<p class=\"has-text-color has-blue-color\">&nbsp;&#8211;&nbsp;<strong>Spojen\u00ed s&nbsp;vnit\u0159n\u00edm j\u00e1<\/strong><\/p>\n\n\n\n<p>(pozn\u00e1n\u00ed&nbsp;vy\u0161\u0161\u00edho&nbsp;j\u00e1 ve smyslu napojen\u00ed se na podv\u011bdomou \u010d\u00e1st Va\u0161\u00ed\nosobnosti a mo\u017enost ji poznat a porozum\u011bt ji)<\/p>\n\n\n\n<p class=\"has-text-color has-blue-color\">&#8211;&nbsp;<strong>Praktick\u00e9 zp\u016fsoby ochrany p\u0159ed negativn\u00ed energi\u00ed<\/strong><\/p>\n\n\n\n<p>(dozv\u00edte se, jak\u00e9 jsou mo\u017enosti a prost\u0159edky pro ochranu, pro\u017eijete p\u0159\u00edm\u00fd\nn\u00e1cvik a osvojen\u00ed spr\u00e1vn\u00fdch&nbsp;postup\u016f.)<\/p>\n\n\n\n<p class=\"has-text-color has-blue-color\">&#8211;&nbsp;<strong>Zhmot\u0148ov\u00e1n\u00ed my\u0161lenek a tvorba vlastn\u00ed reality<\/strong><\/p>\n\n\n\n<p>(intenzivn\u00ed a vz\u00e1jemn\u00e1&nbsp;pr\u00e1ce na zm\u011bn\u011b p\u0159\u00edstupu k&nbsp;r\u016fzn\u00fdm ud\u00e1lostem\nve Va\u0161em \u017eivot\u011b,&nbsp;zalo\u017een\u00e1 na principu objedn\u00e1vek z vesm\u00edru a teori\u00ed Louise\nL. Hay &#8222;Uzdrav sv\u00e9 t\u011blo a Miluj sv\u016fj \u017eivot&#8220;&nbsp;uveden\u00fdch do praxe)<\/p>\n\n\n\n<p class=\"has-text-color has-blue-color\">&#8211;&nbsp;<strong>Pozn\u00e1n\u00ed sv\u00fdch pr\u016fvodc\u016f<\/strong><\/p>\n\n\n\n<p>&nbsp;(setk\u00e1n\u00ed, kter\u00e9 se zam\u011b\u0159uje na pozn\u00e1n\u00ed vnit\u0159n\u00edch pr\u016fvodc\u016f ve smyslu\nnapojen\u00ed se na podv\u011bdomou \u010d\u00e1st Va\u0161\u00ed osobnosti, pozn\u00e1n\u00ed rodov\u00fdch archetyp\u016f)<\/p>\n\n\n\n<p class=\"has-text-color has-blue-color\">&#8211;&nbsp;<strong>Vyu\u017eit\u00ed intuice v praxi<\/strong><\/p>\n\n\n\n<p>(semin\u00e1\u0159 je ur\u010den pro ty, kte\u0159\u00ed ji\u017e vn\u00edmaj\u00ed sv\u016fj vnit\u0159n\u00ed hlas a cht\u011bj\u00ed v\u00edce\na systematicky rozvinout sv\u016fj siln\u00fd \u0161est\u00fd smysl)<\/p>\n\n\n\n<p><strong>V\u00fd\u0161e uveden\u00e9 semin\u00e1\u0159e jsou pouze uk\u00e1zkou mo\u017en\u00fdch t\u00e9mat. T\u00e9mata je mo\u017en\u00e9 p\u0159izp\u016fsobit va\u0161im p\u0159\u00e1n\u00edm a pot\u0159eb\u00e1m.<\/strong><\/p>\n\n\n\n<p><strong><em>T\u00e9mata aktu\u00e1ln\u011b vypsan\u00fdch semin\u00e1\u0159\u016f naleznete&nbsp;v&nbsp;odkazu Aktu\u00e1ln\u011b:<\/em><\/strong><\/p>\n\n\n\n<p class=\"has-text-color has-blue-color\">&nbsp;<a href=\"https:\/\/astragal.cz\/index.php\/aktualne\/\">https:\/\/astragal.cz\/index.php\/aktualne\/<\/a><\/p>\n\n\n\n<p><strong>Nev\u00e1hejte se ozvat, i kdy\u017e term\u00edny nejsou vyps\u00e1ny. R\u00e1da v\u00e1m p\u0159iprav\u00edm semin\u00e1\u0159 postav\u00edm na m\u00edru. <\/strong><\/p>\n\n\n\n<p class=\"has-text-color has-blue-color\"><strong>OSV\u011aD\u010cEN\u00cd PO ABSOLVOV\u00c1N\u00cd&nbsp;SEMIN\u00c1\u0158E<\/strong><\/p>\n\n\n\n<p>Po absolvov\u00e1n\u00ed jak\u00e9hokoliv ze jmenovan\u00fdch&nbsp;semin\u00e1\u0159\u016f z\u00edsk\u00e1te od po\u0159adatele doklad o jeho absolvov\u00e1n\u00ed.<\/p>\n\n\n\n<p class=\"has-text-color has-blue-color\"><strong>D\u00c9LKA SEMIN\u00c1\u0158E<\/strong><\/p>\n\n\n\n<p>Standardn\u00ed d\u00e9lka semin\u00e1\u0159e je 6 hodin.<\/p>\n\n\n\n<p class=\"has-text-color has-blue-color\"><strong>PO\u010cET \u00da\u010cESTN\u00cdK\u016e<\/strong><\/p>\n\n\n\n<p>Semin\u00e1\u0159e se konaj\u00ed p\u0159i minim\u00e1ln\u00edm po\u010dtu z\u00e1jemc\u016f 4 a maxim\u00e1ln\u00edm 8 (plat\u00ed, pokud se semin\u00e1\u0159 kon\u00e1 v&nbsp;m\u00edst\u011b m\u00e9ho s\u00eddla). <\/p>\n\n\n\n<p>Pokud se semin\u00e1\u0159 kon\u00e1 jinde, je po\u010det \u00fa\u010dastn\u00edk\u016f\ndohodnut se z\u00e1jemcem o po\u0159\u00e1d\u00e1n\u00ed akce individu\u00e1ln\u011b.<\/p>\n\n\n\n<p class=\"has-text-color has-blue-color\"><strong>M\u00cdSTO A DEN KON\u00c1N\u00cd<\/strong><\/p>\n\n\n\n<p>Semin\u00e1\u0159e se konaj\u00ed v\u017edy v&nbsp;sobotu, v S\u00e1dku u Poli\u010dky (bli\u017e\u0161\u00ed informace V\u00e1m budou po p\u0159ihl\u00e1\u0161en\u00ed zasl\u00e1ny v&nbsp;informa\u010dn\u00edm emailu). <\/p>\n\n\n\n<p class=\"has-text-color has-blue-color\"><strong>V p\u0159\u00edpad\u011b z\u00e1jmu je mo\u017en\u00e9 setk\u00e1n\u00ed uspo\u0159\u00e1dat pro skupinku z\u00e1jemc\u016f v&nbsp;jin\u00e9m\nm\u00edst\u011b nebo ve v\u0161edn\u00ed den.<\/strong><\/p>\n\n\n\n<p class=\"has-text-color has-blue-color\"><strong>CENA<\/strong><\/p>\n\n\n\n<p>Za \u00fa\u010dast na semin\u00e1\u0159 je stanovena cena&nbsp;1200,- K\u010d\/semin\u00e1\u0159 (v cen\u011b je ob\u010derstven\u00ed, skripta, pom\u016fcky pro ka\u017ed\u00e9ho \u00fa\u010dastn\u00edka). Platbu je nutn\u00e9 prov\u00e9st p\u0159edem na \u00fa\u010det. Bli\u017e\u0161\u00ed informace obdr\u017e\u00ed z\u00e1jemce v informa\u010dn\u00edm emailu.<\/p>\n\n\n\n<p>Jestli\u017ee se semin\u00e1\u0159 kon\u00e1\nv&nbsp;m\u00edst\u011b vybran\u00e9m skupinou z\u00e1jemc\u016f (hrad\u00ed tito n\u00e1klady na cestu ve v\u00fd\u0161i\n5K\u010d\/km). P\u0159i del\u0161\u00edch vzd\u00e1lenostech (cesta del\u0161\u00ed ne\u017e jednu hodinu) je pot\u0159eba\npo\u010d\u00edtat s \u00fahradu \u010dasu str\u00e1ven\u00e9ho na cest\u011b.<\/p>\n\n\n\n<p class=\"has-text-color has-blue-color\">&nbsp;<strong>P\u0158IHL\u00c1\u0160EN\u00cd<\/strong><\/p>\n\n\n\n<p>Nahl\u00e1sit se m\u016f\u017eete i bez aktu\u00e1ln\u011b vypsan\u00e9ho term\u00ednu (akce se vypisuj\u00ed\npodle po\u010dtu z\u00e1jemc\u016f, tak\u017ee nev\u00e1hejte napsat). <\/p>\n\n\n\n<p><strong>Pokud m\u00e1te z\u00e1jem o \u00fa\u010dast na p\u0159edem vypsan\u00e9m term\u00ednu<\/strong>, je pot\u0159eba se p\u0159ihl\u00e1sit minim\u00e1ln\u011b t\u00fdden akc\u00ed na email:&nbsp;<a href=\"mailto:astragal@email.cz\">astragal@email.cz<\/a>. <\/p>\n\n\n\n<p>Do p\u0159edm\u011btu emailu pros\u00edm napi\u0161te n\u00e1zev a datum akce, nap\u0159. \u201eVztahy \u2013 21. 11. 2020\u201c. Do zpr\u00e1vy nezapome\u0148te pros\u00edm uv\u00e9st Va\u0161e jm\u00e9no a kontakt na V\u00e1s. D\u011bkujeme.<\/p>\n\n\n\n<p><strong>Pokud se p\u0159ihla\u0161ujete m\u00e9n\u011b ne\u017e 5 dn\u00ed p\u0159ed pl\u00e1novanou akc\u00ed<\/strong>, kontaktujte n\u00e1s pros\u00edm formou SMS na telefonu: +420 603 784 154 &#8211; na emailu neb\u00fdv\u00e1me pravideln\u011b, d\u011bkujeme. <\/p>\n\n\n\n<p>Do zpr\u00e1vy pros\u00edm napi\u0161te n\u00e1zev a datum akce, nap\u0159. \u201eVztahy \u2013 21. 11. 2020\u201c, Va\u0161e jm\u00e9no a kontakt na V\u00e1s. D\u011bkujeme.<\/p>\n","protected":false},"excerpt":{"rendered":"<p>Z\u00e1\u017eitkov\u00e9 semin\u00e1\u0159e&nbsp;jsou zalo\u017eeny na vnit\u0159n\u00edm pro\u017eitku a pozn\u00e1n\u00ed (v jednotliv\u00fdch, n\u00ed\u017ee uveden\u00fdch oblastech), kter\u00e9 jsou individu\u00e1ln\u011b p\u0159izp\u016fsobov\u00e1ny v pr\u016fb\u011bhu semin\u00e1\u0159e tempu a pot\u0159eb\u00e1m jednotliv\u00fdch \u00fa\u010dastn\u00edk\u016f. DRUHY Z\u00c1\u017dITKOV\u00ddCH SEMIN\u00c1\u0158\u016e &nbsp;&#8211;&nbsp;Spojen\u00ed s&nbsp;vnit\u0159n\u00edm j\u00e1 (pozn\u00e1n\u00ed&nbsp;vy\u0161\u0161\u00edho&nbsp;j\u00e1 ve smyslu napojen\u00ed se na podv\u011bdomou \u010d\u00e1st Va\u0161\u00ed osobnosti a mo\u017enost ji poznat a porozum\u011bt ji) &#8211;&nbsp;Praktick\u00e9 zp\u016fsoby ochrany p\u0159ed negativn\u00ed energi\u00ed (dozv\u00edte [&hellip;]<\/p>\n","protected":false},"author":1,"featured_media":0,"parent":0,"menu_order":0,"comment_status":"closed","ping_status":"closed","template":"","meta":{"_mc_calendar":[],"footnotes":""},"class_list":["post-999","page","type-page","status-publish","hentry"],"_links":{"self":[{"href":"https:\/\/astragal.cz\/index.php\/wp-json\/wp\/v2\/pages\/999","targetHints":{"allow":["GET"]}}],"collection":[{"href":"https:\/\/astragal.cz\/index.php\/wp-json\/wp\/v2\/pages"}],"about":[{"href":"https:\/\/astragal.cz\/index.php\/wp-json\/wp\/v2\/types\/page"}],"author":[{"embeddable":true,"href":"https:\/\/astragal.cz\/index.php\/wp-json\/wp\/v2\/users\/1"}],"replies":[{"embeddable":true,"href":"https:\/\/astragal.cz\/index.php\/wp-json\/wp\/v2\/comments?post=999"}],"version-history":[{"count":12,"href":"https:\/\/astragal.cz\/index.php\/wp-json\/wp\/v2\/pages\/999\/revisions"}],"predecessor-version":[{"id":2236,"href":"https:\/\/astragal.cz\/index.php\/wp-json\/wp\/v2\/pages\/999\/revisions\/2236"}],"wp:attachment":[{"href":"https:\/\/astragal.cz\/index.php\/wp-json\/wp\/v2\/media?parent=999"}],"curies":[{"name":"wp","href":"https:\/\/api.w.org\/{rel}","templated":true}]}}